{"id":11,"date":"2014-06-05T11:52:33","date_gmt":"2014-06-05T09:52:33","guid":{"rendered":"http:\/\/buchau.be\/4dragons2015\/?page_id=11"},"modified":"2015-07-25T16:11:55","modified_gmt":"2015-07-25T14:11:55","slug":"backstage","status":"publish","type":"page","link":"https:\/\/buchau.be\/4dragons2015\/backstage\/","title":{"rendered":"Backstage"},"content":{"rendered":"<p>Ici, comme d&rsquo;habitude, les aspects pratico-pratiques de l&rsquo;organisation du voyage et de la vie sur place(s).<\/p>\n<div id=\"travellerspoint-map468023_670341\"><script src=\"http:\/\/www.travellerspoint.com\/badges\/badge_membermap.cfm?user=bennybuche&amp;tripid=670341&amp;badgeid=travellerspoint-map468023_670341&amp;height=300&amp;width=450\"><\/script><\/p>\n<p class=\"travellerspoint-map-link\">View Full Size <a href=\"http:\/\/www.travellerspoint.com\/member_map.cfm?user=bennybuche&amp;tripid=670341\">Travel Map<\/a> at <a href=\"http:\/\/www.travellerspoint.com\">Travellerspoint<\/a><\/p>\n<\/div>\n<p><strong><span style=\"text-decoration: underline;\">R\u00e9servation des vols<\/span><\/strong>: On a commenc\u00e9 par r\u00e9server les <strong>vols \u00ab\u00a0int\u00e9rieurs\u00a0\u00bb<\/strong> sur <strong><a href=\"http:\/\/www.airasia.com\" target=\"_blank\"><em>AirAsia<\/em><\/a><\/strong>, les premiers \u00e0 ouvrir les r\u00e9servations pour l&rsquo;\u00e9t\u00e9 2015. Les prix restent imbattables par rapport aux compagnies \u00ab\u00a0traditionnelles\u00a0\u00bb:<br \/>\n&#8211; <strong>PUS[&gt;KUL]&gt;SIN<\/strong>: 250\u20ac\/pers, bagages en soute et choix des places inclus;<br \/>\n&#8211; <strong>SIN[&gt;KUL]&gt;TPE<\/strong>: 162\u20ac\/pers, bagages en soute et choix des places inclus.<\/p>\n<p>Un autre tron\u00e7on, <strong>TPE&gt;HKG<\/strong>, a \u00e9t\u00e9 r\u00e9serv\u00e9 sur <strong><em><a href=\"http:\/\/www.china-airlines.nl\/\" target=\"_blank\">China Airlines<\/a><\/em><\/strong>; <strong><em>AirAsia<\/em> <\/strong>n&rsquo;ayant pas de liaison directe entre ces deux destinations et le prix \u00e9tant tr\u00e8s concurrentiel:<br \/>\n&#8211; <strong>TPE&gt;HKG<\/strong>: 154\u20ac\/pers,\u00a0 via <strong><em><a href=\"http:\/\/www.airstop.be\/fr\" target=\"_blank\">Airstop.be<\/a><\/em><\/strong><\/p>\n<p>Les <strong>vols intercontinentaux<\/strong>, <strong>ZYR&gt;ICN<\/strong> &amp; <strong>HKG&gt;ZYR<\/strong>, ont \u00e9t\u00e9 r\u00e9serv\u00e9s sur <a href=\"http:\/\/www.airfrance.be\" target=\"_blank\"><strong><em>Air France<\/em><\/strong><\/a> \u00e0 la mi-septembre 2014 au prix de 977\u20ac\/pers. J&rsquo;ose esp\u00e9rer que, cette fois-ci, il n&rsquo;y aura plus de probl\u00e8me avec le choix des si\u00e8ges :-\/<\/p>\n<p><span style=\"text-decoration: underline;\"><strong>H\u00f4tels:<\/strong><\/span><br \/>\n&#8211; <span style=\"text-decoration: underline;\"><strong>S\u00e9oul<\/strong><\/span>: <a href=\"http:\/\/www3.hilton.com\/en\/hotels\/south-korea\/grand-hilton-seoul-SELGRHI\/index.html\" target=\"_blank\">Grand Hilton Seoul<\/a>,<em> King Deluxe<\/em>*, 148\u20ac \/ nuit<br \/>\n&#8211; <span style=\"text-decoration: underline;\"><strong>Gyeongju<\/strong><\/span>: <a href=\"http:\/\/www3.hilton.com\/en\/hotels\/south-korea\/hilton-gyeongju-KYOHITW\/index.html\" target=\"_blank\">Hilton Gyeongju<\/a>, <em>Deluxe King<\/em>*, 133\u20ac \/ nuit<br \/>\n&#8211; <span style=\"text-decoration: underline;\"><strong>Busan<\/strong><\/span>: <a href=\"http:\/\/sunsethotel.co.kr\/?lang=en\" target=\"_blank\">Sunset Business Hotel<\/a>, <em>Standard Double Room<\/em>, 122\u20ac \/ nuit<br \/>\n&#8211; <span style=\"text-decoration: underline;\"><strong>Singapore<\/strong><\/span>: <a href=\"http:\/\/www3.hilton.com\/en\/hotels\/singapore\/hilton-singapore-SINHITW\/index.html\" target=\"_blank\">Hilton Singapore<\/a>, <em>King Hilton Deluxe<\/em>*, 100\u20ac+24000pts HHonors \/ nuit<br \/>\n&#8211; <span style=\"text-decoration: underline;\"><strong>Taipei<\/strong><\/span>: <a href=\"http:\/\/www.simplehotel.com.tw\/\" target=\"_blank\">Simple + Hotel<\/a>, <em>Simple+ Double Room<\/em>, 116 \u20ac \/ nuit<br \/>\n&#8211; <span style=\"text-decoration: underline;\"><strong>Taichung<\/strong><\/span>: <a href=\"http:\/\/www.ihg.com\/holidayinnexpress\/hotels\/fr\/fr\/taichung\/txgsr\/hoteldetail\" target=\"_blank\">Holiday Inn<\/a>, <em>Queen Bed Park View<\/em>, 82 \u20ac \/ nuit<br \/>\n&#8211; <span style=\"text-decoration: underline;\"><strong>Hong Kong<\/strong><\/span>: <a href=\"http:\/\/conradhotels3.hilton.com\/en\/hotels\/hong-kong\/conrad-hong-kong-HKGHCCI\/index.html\" target=\"_blank\">Conrad Hong Kong<\/a>, <em>King Bed Superior<\/em>*, 125\u20ac + 24000 pts HHonors \/ nuit<\/p>\n<p>* en principe avec un surclassement, le petit d\u00e9jeuner et Internet inclus, gr\u00e2ce au programme de fid\u00e9lit\u00e9 <a href=\"http:\/\/hhonors3.hilton.com\/en\/index.html\" target=\"_blank\"><em>HHonors<\/em><\/a><\/p>\n<p><span style=\"text-decoration: underline;\"><strong>Guides et sites web consult\u00e9s<\/strong><\/span>:<br \/>\n&#8211; <strong>Guides <a href=\"http:\/\/www.lonelyplanet.fr\/catalogue\/coree-3ed\" target=\"_blank\">Lonely Planet<\/a><\/strong><a href=\"http:\/\/www.lonelyplanet.fr\/catalogue\/coree-3ed\" target=\"_blank\"> <em>Cor\u00e9e<\/em><\/a>, <a href=\"http:\/\/www.lonelyplanet.fr\/catalogue\/taiwan-9ed-anglais\" target=\"_blank\"><em>Taiwan<\/em> <\/a>(en anglais),\u00a0 &lsquo;<a href=\"http:\/\/www.lonelyplanet.fr\/catalogue\/singapour-en-quelques-jours-2\" target=\"_blank\"><em>quelques jours \u00e0 Singapour<\/em><\/a>&lsquo; &amp; &lsquo;<a href=\"http:\/\/www.lonelyplanet.fr\/catalogue\/hong-kong-en-quelques-jours-2ed\" target=\"_blank\"><em>quelques jours \u00e0 Hong Kong<\/em><\/a>&lsquo;.<br \/>\n&#8211; <strong>Sites<\/strong>: <a href=\"http:\/\/korealalala.blogspot.fr\/p\/aboutme.html\" target=\"_blank\">Korealalala &#8211; Blog Cor\u00e9e du Sud from a Seoul man <\/a><br \/>\n, <a href=\"http:\/\/french.visitkorea.or.kr\/\" target=\"_blank\">http:\/\/french.visitkorea.or.kr\/<\/a> ,<\/p>\n<p><span style=\"text-decoration: underline;\"><strong>Quelques prix<\/strong><\/span>:<br \/>\n<strong>Cor\u00e9e du sud:<\/strong><br \/>\nUn repas pour 2: entre 12000 et 65000 KRW (\u20a9) (1\u20ac= +\/- 1250\u20a9)<br \/>\nLe <em>ferry pour Seongmodo<\/em> 16000\u20a9 pour l&rsquo;auto et 2000\u20a9\/pers<br \/>\nUne petite bouteille d&rsquo;eau a-partir-de 1000 KRW<br \/>\n1l d&rsquo;essence 95: entre 1540\u20a9 et 1600\u20a9; le diesel est aux alentours de 1400\u20a9<br \/>\nEntr\u00e9e au site du <em>Bomunsa buddha<\/em> 1500\u20a9\/pers<br \/>\nEntr\u00e9e au <em>Seoul museum of Art<\/em> (expo temporaire): 13000\u20a9\/pers (parking: 10400\u20a9 pour pr\u00e8s de 3h)<br \/>\nParking <em>LG<\/em> pour plus de 3h: 10400 KRW aussi<br \/>\nUne heure location de v\u00e9lo \u00e0 <em>Yeouido Park<\/em>: 3000 KRW\/h\/v\u00e9lo (+500KRW\/15min supp)<br \/>\nUn burger au <em>HRC S\u00e9oul<\/em>: 20900KRW<br \/>\nLes p\u00e9ages entre <em>S\u00e9oul<\/em> et <em>Gyeongju<\/em>: 15800KRW<br \/>\nLa demi-journ\u00e9e dans la <em>DMZ<\/em>: 66000KRW (55000 si &gt;3 pers)<br \/>\nLe \u00ab\u00a0don\u00a0\u00bb pour sonner la cloche dans un temple: entre 1000 et 10000KRW<br \/>\nUne machine et un s\u00e9choir au B2 du <em>Daemyung resort<\/em>: 4000KRW<br \/>\n<strong>Singapour<\/strong>:<br \/>\nUn repas pour 2: entre 40 et 80SGD (1\u20ac = 1,48SGD)<br \/>\nLe taxi a\u00e9roport &lt;&gt; h\u00f4tel (20 \u00e0 25 SGD; retour moins cher)<br \/>\n3 jours de transports en commun illimit\u00e9s: 20SGD \/ pers<br \/>\nUne bouteille d&rsquo;eau (500ml): entre 1 et 3SGD<br \/>\nUn verre au bar C\u00c9 LA VI: environ 16 \u00e0 18SGD<br \/>\n<strong>Ta\u00efwan<\/strong>:<br \/>\nUn repas pour 2 entre 300 (au <em>food court<\/em>) et 1200 NTD (dans un bon resto) [100NT$= +\/-3\u20ac]<br \/>\nUne bi\u00e8re <em>Ta\u00efwan Beer<\/em> de 50\/60 cl: +\/- 35 NTD<br \/>\nUne journ\u00e9e de trajets illimit\u00e9s en transports en commun \u00e0 <em>Ta\u00efpei<\/em>: 150 NTD (soit 4,50\u20ac!)<br \/>\nL&rsquo;entr\u00e9e au <em>Fine Arts museum<\/em>: 30 NTD (1\u20ac)<br \/>\nLe taxi de l&rsquo;a\u00e9roport jusqu&rsquo;\u00e0 l&rsquo;h\u00f4tel: 1200NTD (36\u20ac pour presqu&rsquo;une heure de trajet)<br \/>\nL&rsquo;ascension de <em>Ta\u00efpei 101<\/em>: 500NTD (15\u20ac)<\/p>\n","protected":false},"excerpt":{"rendered":"<p>Ici, comme d&rsquo;habitude, les aspects pratico-pratiques de l&rsquo;organisation du voyage et de la vie sur place(s). View Full Size Travel Map at Travellerspoint R\u00e9servation des vols: On a commenc\u00e9 par r\u00e9server les vols \u00ab\u00a0int\u00e9rieurs\u00a0\u00bb sur AirAsia, les premiers \u00e0 ouvrir les r\u00e9servations pour l&rsquo;\u00e9t\u00e9 2015. Les prix restent imbattables par rapport aux compagnies \u00ab\u00a0traditionnelles\u00a0\u00bb: &#8211; &hellip; <a href=\"https:\/\/buchau.be\/4dragons2015\/backstage\/\" class=\"more-link\">Continuer la lecture de <span class=\"screen-reader-text\">Backstage<\/span>  <span class=\"meta-nav\">&rarr;<\/span><\/a><\/p>\n","protected":false},"author":1,"featured_media":0,"parent":0,"menu_order":0,"comment_status":"closed","ping_status":"closed","template":"","meta":{"footnotes":""},"class_list":["post-11","page","type-page","status-publish","hentry"],"_links":{"self":[{"href":"https:\/\/buchau.be\/4dragons2015\/wp-json\/wp\/v2\/pages\/11","targetHints":{"allow":["GET"]}}],"collection":[{"href":"https:\/\/buchau.be\/4dragons2015\/wp-json\/wp\/v2\/pages"}],"about":[{"href":"https:\/\/buchau.be\/4dragons2015\/wp-json\/wp\/v2\/types\/page"}],"author":[{"embeddable":true,"href":"https:\/\/buchau.be\/4dragons2015\/wp-json\/wp\/v2\/users\/1"}],"replies":[{"embeddable":true,"href":"https:\/\/buchau.be\/4dragons2015\/wp-json\/wp\/v2\/comments?post=11"}],"version-history":[{"count":15,"href":"https:\/\/buchau.be\/4dragons2015\/wp-json\/wp\/v2\/pages\/11\/revisions"}],"predecessor-version":[{"id":587,"href":"https:\/\/buchau.be\/4dragons2015\/wp-json\/wp\/v2\/pages\/11\/revisions\/587"}],"wp:attachment":[{"href":"https:\/\/buchau.be\/4dragons2015\/wp-json\/wp\/v2\/media?parent=11"}],"curies":[{"name":"wp","href":"https:\/\/api.w.org\/{rel}","templated":true}]}}