{"id":10,"date":"2023-09-14T17:56:19","date_gmt":"2023-09-14T15:56:19","guid":{"rendered":"https:\/\/buchau.be\/Californie-Houston2023\/?page_id=10"},"modified":"2023-11-07T18:49:32","modified_gmt":"2023-11-07T17:49:32","slug":"backstage","status":"publish","type":"page","link":"https:\/\/buchau.be\/Californie-Houston2023\/backstage\/","title":{"rendered":"Backstage"},"content":{"rendered":"\r\n<p>Comme \u00e0 chaque fois, ici, vous retrouvez des d\u00e9tails sur les coulisses et le prix des choses \ud83d\ude0a<\/p>\r\n<p><img loading=\"lazy\" decoding=\"async\" class=\"alignright  wp-image-29\" src=\"https:\/\/buchau.be\/Californie-Houston2023\/wp-content\/uploads\/2023\/10\/Screenshot-2023-10-01-at-12-51-28-miles-and-points-at-DuckDuckGo.png\" alt=\"\" width=\"291\" height=\"175\" srcset=\"https:\/\/buchau.be\/Californie-Houston2023\/wp-content\/uploads\/2023\/10\/Screenshot-2023-10-01-at-12-51-28-miles-and-points-at-DuckDuckGo.png 549w, https:\/\/buchau.be\/Californie-Houston2023\/wp-content\/uploads\/2023\/10\/Screenshot-2023-10-01-at-12-51-28-miles-and-points-at-DuckDuckGo-300x180.png 300w\" sizes=\"auto, (max-width: 291px) 100vw, 291px\" \/>Cet automne 2023, on br\u00fble un tas de points &amp; miles! Cela ne nous co\u00fbte donc pas un bras en monnaie sonnante et tr\u00e9buchante&#8230; ou presque&#8230; Les points utilis\u00e9s ont \u00e9t\u00e9 gagn\u00e9s (en s\u00e9journant dans les h\u00f4tels) et achet\u00e9s (environ 5\u20ac\/1000 points); les miles ont \u00e9t\u00e9 gagn\u00e9s (en volant) et en convertissant les points gagn\u00e9s avec notre carte de cr\u00e9dit <em>AmEx <\/em>(chaque 2\u20ac pay\u00e9s avec la carte rapportent 1 mile).<\/p>\r\n\r\n\r\n\r\n<p><strong>Vols<\/strong>:<br \/>&#8211; BRU&gt;CDG&gt;LAX: 42000 miles FlyingBlue + 369\u20ac de taxes &amp; frais (pour 2); on vole sur <strong><em>AirFrance <\/em><\/strong>en <em>Economy <\/em><br \/>&#8211; LAX&gt;HOU: 6492 Points Southwest + 25$ \/pers; on vole sur <strong><em>Southwest<\/em> <\/strong>en <em>Economy<\/em><br \/>&#8211; IAH&gt;ZYR: 40000 miles FlyingBlue + 410\u20ac de taxes &amp; frais (pour 2); on devait voler sur <strong><em>KLM<\/em> <\/strong>en <em>Economy Comfort ; <\/em>le vol a \u00e9t\u00e9 annul\u00e9 et on s&rsquo;est retrouv\u00e9 sur le vol <em><strong>AirFrance<\/strong> <\/em>du m\u00eame jour mais en <em>Economy<\/em><\/p>\r\n<p><img loading=\"lazy\" decoding=\"async\" class=\"aligncenter wp-image-28 size-full\" src=\"https:\/\/buchau.be\/Californie-Houston2023\/wp-content\/uploads\/2023\/10\/Screenshot-2023-10-01-at-12-46-18-klm-787-9-at-DuckDuckGo.png\" alt=\"\" width=\"654\" height=\"228\" srcset=\"https:\/\/buchau.be\/Californie-Houston2023\/wp-content\/uploads\/2023\/10\/Screenshot-2023-10-01-at-12-46-18-klm-787-9-at-DuckDuckGo.png 654w, https:\/\/buchau.be\/Californie-Houston2023\/wp-content\/uploads\/2023\/10\/Screenshot-2023-10-01-at-12-46-18-klm-787-9-at-DuckDuckGo-300x105.png 300w\" sizes=\"auto, (max-width: 654px) 100vw, 654px\" \/><\/p>\r\n\r\n\r\n\r\n<p>&nbsp;<\/p>\r\n<p><strong>Hotels<\/strong>:<br \/>&#8211; <strong>Los Angeles<\/strong>: <a href=\"https:\/\/www.ihg.com\/intercontinental\/hotels\/gb\/en\/los-angeles\/laxhc\/hoteldetail\" target=\"_blank\" rel=\"noopener\"><strong><em>Intercontinental Downtown LA<\/em><\/strong><\/a>, chambre king &gt; king premium, 290$\/nuit (+\/- 275\u20ac) *<br \/>&#8211; <strong>San Diego<\/strong>: <a href=\"https:\/\/www.ihg.com\/holidayinn\/hotels\/gb\/en\/san-diego\/sanby\/hoteldetail\" target=\"_blank\" rel=\"noopener\"><strong><em>Holiday Inn San Diego Bayside<\/em><\/strong><\/a>, chambre king balcony &gt; junior suite marina view, 27000 points\/nuit (\u00e9quiv. +\/- 135\u20ac) *<br \/>&#8211; <strong>Oceanside<\/strong>: <strong><em><a href=\"https:\/\/www.ihg.com\/holidayinn\/hotels\/gb\/en\/oceanside\/ocnpc\/hoteldetail\" target=\"_blank\" rel=\"noopener\">Holiday Inn Oceanside Camp Pendleton Area<\/a><\/em><\/strong>, king room &gt; king suite , 19000 points\/nuit (\u00e9quiv. +\/- 95\u20ac) *<br \/>&#8211; <strong>Los Angeles<\/strong>: <a href=\"https:\/\/www.hilton.com\/en\/hotels\/smosmhh-hilton-santa-monica\/\" target=\"_blank\" rel=\"noopener\"><strong><em>Hilton Santa Monica<\/em><\/strong><\/a>, chambre king &gt; king suite balcony, 64000 points\/nuit (\u00e9quiv. +\/- 320\u20ac)*<br \/>&#8211; <strong>Houston<\/strong>: <a href=\"https:\/\/www.ihg.com\/intercontinental\/hotels\/gb\/en\/houston\/houit\/hoteldetail\" target=\"_blank\" rel=\"noopener\"><em><strong>Intercontinental Houston<\/strong><\/em><\/a>, chambre king &gt; suite king junior, 34000 points\/nuit (\u00e9quiv. +\/- 170\u20ac) *<br \/>* avec Internet premium, surclassement et petit-d\u00e9jeuner ou cr\u00e9dit nourriture\/boissons.<\/p>\r\n<figure id=\"attachment_26\" aria-describedby=\"caption-attachment-26\" style=\"width: 635px\" class=\"wp-caption aligncenter\"><a href=\"https:\/\/buchau.be\/Californie-Houston2023\/wp-content\/uploads\/2023\/10\/Screenshot-2023-10-01-at-12-48-51-hilton-santa-monica-at-DuckDuckGo.png\"><img loading=\"lazy\" decoding=\"async\" class=\"wp-image-26 size-full\" src=\"https:\/\/buchau.be\/Californie-Houston2023\/wp-content\/uploads\/2023\/10\/Screenshot-2023-10-01-at-12-48-51-hilton-santa-monica-at-DuckDuckGo.png\" alt=\"\" width=\"635\" height=\"361\" srcset=\"https:\/\/buchau.be\/Californie-Houston2023\/wp-content\/uploads\/2023\/10\/Screenshot-2023-10-01-at-12-48-51-hilton-santa-monica-at-DuckDuckGo.png 635w, https:\/\/buchau.be\/Californie-Houston2023\/wp-content\/uploads\/2023\/10\/Screenshot-2023-10-01-at-12-48-51-hilton-santa-monica-at-DuckDuckGo-300x171.png 300w\" sizes=\"auto, (max-width: 635px) 100vw, 635px\" \/><\/a><figcaption id=\"caption-attachment-26\" class=\"wp-caption-text\">Extrait du site web de Hilton.com (<em>Hilton Santa Monica<\/em>)<\/figcaption><\/figure>\r\n<p>&nbsp;<\/p>\r\n<p><strong>Autos<\/strong>:<br \/>&#8211; <strong>Los Angeles<\/strong>: <a href=\"http:\/\/avis.be\" target=\"_blank\" rel=\"noopener\"><em><strong> Avis<\/strong><\/em><\/a>, 10 jours pour 365\u20ac (soit 37\u20ac\/jour) pour une grande berline;<br \/>&#8211; <strong>Houston<\/strong>: <a href=\"http:\/\/avis.be\" target=\"_blank\" rel=\"noopener\"><em><strong> Avis<\/strong><\/em><\/a>, 3 jours pour 180\u20ac (soit 60\u20ac\/jour) pour une grande berline.<\/p>\r\n<figure id=\"attachment_27\" aria-describedby=\"caption-attachment-27\" style=\"width: 735px\" class=\"wp-caption aligncenter\"><img loading=\"lazy\" decoding=\"async\" class=\"wp-image-27 size-full\" src=\"https:\/\/buchau.be\/Californie-Houston2023\/wp-content\/uploads\/2023\/10\/Screenshot-2023-10-01-at-12-47-47-avis-toyota-camry-at-DuckDuckGo.png\" alt=\"\" width=\"735\" height=\"338\" srcset=\"https:\/\/buchau.be\/Californie-Houston2023\/wp-content\/uploads\/2023\/10\/Screenshot-2023-10-01-at-12-47-47-avis-toyota-camry-at-DuckDuckGo.png 735w, https:\/\/buchau.be\/Californie-Houston2023\/wp-content\/uploads\/2023\/10\/Screenshot-2023-10-01-at-12-47-47-avis-toyota-camry-at-DuckDuckGo-300x138.png 300w\" sizes=\"auto, (max-width: 735px) 100vw, 735px\" \/><figcaption id=\"caption-attachment-27\" class=\"wp-caption-text\">Illustration extraite du site web de <em>Avis.com<\/em><\/figcaption><\/figure>\r\n<p>&nbsp;<\/p>\r\n\r\n\r\n\r\n<p><strong>Divers<\/strong>:<br \/>&#8211; Tickets pour le <em><strong>match de basketball Lakers vs Orlando Magics<\/strong><\/em>: 74$\/pers<br \/>&#8211; Entr\u00e9e au mus\u00e9es <em>Broad, MOCA, ICA<\/em>: $0<br \/>&#8211; Entr\u00e9e au mus\u00e9e <em>LACMA<\/em>: $25<br \/>&#8211; Parking du <em>Broad<\/em>, pour 3h: $17<br \/>&#8211; Un resto pour 2: entre $50 et $110<br \/>&#8211; Un trajet en <em>Angels flight<\/em>: $1<br \/>&#8211; Un nuit au parking du centre administratif de <em>Santa Monica<\/em>, sur 4th st: entre $10 (we) et $28 (semaine); au parking de l&rsquo;h\u00f4tel, juste en face, c&rsquo;est pr\u00e8s de $60<br \/>&#8211; Un petit d\u00e9j au <em>PQ<\/em>: entre $25 et $40\/pers<br \/>&#8211; 1 gallon d&rsquo;essence: entre $4,69 et $6,49, selon le moment et l&rsquo;endroit, en <em>Californie<\/em> &amp; entre $2.79 et $3.49 au <em>Texas<\/em><br \/>&#8211; <em>MFAH<\/em> : $24<br \/>&#8211; <br \/><br \/><\/p>\r\n<p>Au moment du voyage, 1\u20ac = env. $1,05<\/p>\r\n<div class=\"pld-like-dislike-wrap pld-template-2\">\r\n    <div class=\"pld-like-wrap  pld-common-wrap\">\r\n    <a href=\"javascript:void(0)\" class=\"pld-like-trigger pld-like-dislike-trigger  \" title=\"J&#039;aime\" data-post-id=\"10\" data-trigger-type=\"like\" data-restriction=\"cookie\" data-already-liked=\"0\">\r\n                        <i class=\"fas fa-heart\"><\/i>\r\n                <\/a>\r\n    <span class=\"pld-like-count-wrap pld-count-wrap\">1    <\/span>\r\n<\/div><div class=\"pld-dislike-wrap  pld-common-wrap\">\r\n    <a href=\"javascript:void(0)\" class=\"pld-dislike-trigger pld-like-dislike-trigger  \" title=\"Bof...\" data-post-id=\"10\" data-trigger-type=\"dislike\" data-restriction=\"cookie\" data-already-liked=\"0\">\r\n                        <i class=\"fa fa-heartbeat\"><\/i>\r\n                <\/a>\r\n    <span class=\"pld-dislike-count-wrap pld-count-wrap\"><\/span>\r\n<\/div><\/div>","protected":false},"excerpt":{"rendered":"<p>Comme \u00e0 chaque fois, ici, vous retrouvez des d\u00e9tails sur les coulisses et le prix des choses \ud83d\ude0a Cet automne 2023, on br\u00fble un tas de points &amp; miles! Cela ne nous co\u00fbte donc pas un bras en monnaie sonnante et tr\u00e9buchante&#8230; ou presque&#8230; Les points utilis\u00e9s ont \u00e9t\u00e9 gagn\u00e9s (en s\u00e9journant dans les h\u00f4tels)&#8230;<\/p>\n","protected":false},"author":1,"featured_media":0,"parent":0,"menu_order":0,"comment_status":"open","ping_status":"closed","template":"","meta":{"footnotes":""},"class_list":["post-10","page","type-page","status-publish","hentry"],"_links":{"self":[{"href":"https:\/\/buchau.be\/Californie-Houston2023\/wp-json\/wp\/v2\/pages\/10","targetHints":{"allow":["GET"]}}],"collection":[{"href":"https:\/\/buchau.be\/Californie-Houston2023\/wp-json\/wp\/v2\/pages"}],"about":[{"href":"https:\/\/buchau.be\/Californie-Houston2023\/wp-json\/wp\/v2\/types\/page"}],"author":[{"embeddable":true,"href":"https:\/\/buchau.be\/Californie-Houston2023\/wp-json\/wp\/v2\/users\/1"}],"replies":[{"embeddable":true,"href":"https:\/\/buchau.be\/Californie-Houston2023\/wp-json\/wp\/v2\/comments?post=10"}],"version-history":[{"count":19,"href":"https:\/\/buchau.be\/Californie-Houston2023\/wp-json\/wp\/v2\/pages\/10\/revisions"}],"predecessor-version":[{"id":497,"href":"https:\/\/buchau.be\/Californie-Houston2023\/wp-json\/wp\/v2\/pages\/10\/revisions\/497"}],"wp:attachment":[{"href":"https:\/\/buchau.be\/Californie-Houston2023\/wp-json\/wp\/v2\/media?parent=10"}],"curies":[{"name":"wp","href":"https:\/\/api.w.org\/{rel}","templated":true}]}}