{"id":2,"date":"2022-09-18T11:52:59","date_gmt":"2022-09-18T09:52:59","guid":{"rendered":"https:\/\/buchau.be\/Californie2022\/?page_id=2"},"modified":"2022-10-30T03:48:03","modified_gmt":"2022-10-30T02:48:03","slug":"backstage","status":"publish","type":"page","link":"https:\/\/buchau.be\/Californie2022\/backstage\/","title":{"rendered":"Backstage"},"content":{"rendered":"\r\n<p>Ici, comme toujours, vous trouverez les d\u00e9tails pratiques du voyage, principalement les aspects li\u00e9s aux couts.<\/p>\r\n\r\n\r\n\r\n<p class=\"has-text-align-center\"><strong>Au 22\/10\/2022, 1\u20ac=$0,97 !!<\/strong>!<\/p>\r\n\r\n\r\n\r\n<p><strong>Vols internationaux:<\/strong><\/p>\r\n\r\n\r\n\r\n<p><strong><em>Air France<\/em><\/strong> et son partenaire <em><strong>Delta <\/strong><\/em>sont nos prestataires a\u00e9riens, pour BRU&gt;JFK&gt;LAX\/LAX&gt;CDG&gt;ZYR. Nous avons \u00e0 nouveau choisi de voler en <em>Premium Economy<\/em>. C&rsquo;est plus cher que l&rsquo;<em>Economy <\/em>mais, finalement, de notre point de vue, pas tant que cela (tout reste relatif, bien s\u00fbr). L&rsquo;aller-retour nous revient \u00e0 1150\u20ac\/pers (en \u00e9co, c&rsquo;e\u00fbt \u00e9t\u00e9 environ 850\u20ac avec les options <em>si\u00e8ges duo<\/em>). Le confort suppl\u00e9mentaire (espace, repas, Sky Priority, franchise bagages, etc.) et le gain de miles compensent, selon nous, ce surcout.<\/p>\r\n\r\n\r\n<div class=\"wp-block-image\">\r\n<figure class=\"aligncenter size-full is-resized\"><img loading=\"lazy\" decoding=\"async\" class=\"wp-image-20\" src=\"https:\/\/buchau.be\/Californie2022\/wp-content\/uploads\/2022\/09\/AFD.jpg\" alt=\"\" width=\"454\" height=\"311\" srcset=\"https:\/\/buchau.be\/Californie2022\/wp-content\/uploads\/2022\/09\/AFD.jpg 915w, https:\/\/buchau.be\/Californie2022\/wp-content\/uploads\/2022\/09\/AFD-300x206.jpg 300w, https:\/\/buchau.be\/Californie2022\/wp-content\/uploads\/2022\/09\/AFD-768x527.jpg 768w\" sizes=\"auto, (max-width: 454px) 100vw, 454px\" \/><\/figure>\r\n<\/div>\r\n\r\n\r\n<p><strong>Location de voiture:<\/strong><\/p>\r\n\r\n\r\n\r\n<p>C&rsquo;est chez <strong><em>Avis<\/em><\/strong> que nous trouvons le meilleur tarif pour notre location de voiture: 595\u20ac pour 13 jours de location, soit 46\u20ac\/jour (alors que partout ailleurs c&rsquo;est mont\u00e9 plut\u00f4t \u00e0 1000\u20ac chez des loueurs \u00ab\u00a0inconnus\u00a0\u00bb, voire 1300+\u20ac chez des loueurs tels que <em>Hertz<\/em>, <em>Budget<\/em>, <em>Enterprise <\/em>ou <em>National <\/em>).<\/p>\r\n\r\n\r\n\r\n<p><strong>H\u00f4tels:<\/strong><\/p>\r\n\r\n\r\n\r\n<p>&#8211; <a href=\"https:\/\/www.hilton.com\/en\/hotels\/laxwehh-hilton-los-angeles-culver-city\/\" target=\"_blank\" rel=\"noreferrer noopener\"><strong><em>Hilton Culver City<\/em><\/strong><\/a> (anciennement <em>Doubletree Culver City<\/em>), Culver King room, $229*<br \/>&#8211; <a href=\"https:\/\/www.hilton.com\/en\/hotels\/bkrhwhw-homewood-suites-bakersfield\/\" target=\"_blank\" rel=\"noreferrer noopener\"><strong><em>Homewood Suites by Hilton Bakersfield<\/em><\/strong><\/a>, King Studio Suite, $172*<br \/>&#8211; <em><strong><a href=\"https:\/\/www.hilton.com\/en\/hotels\/smfsngi-hilton-garden-inn-sacramento-south-natomas\/\" target=\"_blank\" rel=\"noreferrer noopener\">Hilton Garden Inn Sacramento\/South Natomas<\/a><\/strong><\/em>, King Bed w\/sofabed, 40000 points <em>Hilton Honors<\/em>*<br \/>&#8211; <a href=\"https:\/\/www.ihg.com\/intercontinental\/hotels\/us\/en\/san-francisco\/sfohb\/hoteldetail\" target=\"_blank\" rel=\"noopener\"><strong><em>Intercontinental San Francisco Downtown<\/em><\/strong><\/a>, King bed high floor, $264* (5000 extra points\/nuits inclus)<br \/>&#8211; <strong><em><a href=\"https:\/\/www.hilton.com\/en\/hotels\/smosmhh-hilton-santa-monica\/\" target=\"_blank\" rel=\"noreferrer noopener\">Hilton Santa Monica Hotel &amp; Suites<\/a><\/em><\/strong>, King room, 56000 points <em>Hilton Honors<\/em>*<br \/>* TTC, en principe avec un surclassement et petit-d\u00e9jeuner inclus (ou cr\u00e9dit <em>food<\/em>)<\/p>\r\n\r\n\r\n<div class=\"wp-block-image\">\r\n<figure class=\"aligncenter size-full is-resized\"><img loading=\"lazy\" decoding=\"async\" class=\"wp-image-19\" src=\"https:\/\/buchau.be\/Californie2022\/wp-content\/uploads\/2022\/09\/hsm.jpg\" alt=\"\" width=\"473\" height=\"315\" srcset=\"https:\/\/buchau.be\/Californie2022\/wp-content\/uploads\/2022\/09\/hsm.jpg 630w, https:\/\/buchau.be\/Californie2022\/wp-content\/uploads\/2022\/09\/hsm-300x200.jpg 300w, https:\/\/buchau.be\/Californie2022\/wp-content\/uploads\/2022\/09\/hsm-330x220.jpg 330w\" sizes=\"auto, (max-width: 473px) 100vw, 473px\" \/><\/figure>\r\n<\/div>\r\n\r\n\r\n<p>Divers:<\/p>\r\n\r\n\r\n\r\n<p>&#8211; <strong><a href=\"https:\/\/esta.cbp.dhs.gov\/\" target=\"_blank\" rel=\"noreferrer noopener\">ESTA<\/a><\/strong> (document \u00e9lectronique qui dispense de visa): renouvel\u00e9s r\u00e9cemment au prix de $21<br \/>&#8211; 1 gallon de super : \u00e0pd $5,19, soit $1,37\/litre ou 1,41\u20ac\/litre<br \/>&#8211; Entr\u00e9e au <em>parc National des Big Trees de Calaveras<\/em> : $10 par voiture<br \/>&#8211; <em>Pass 1day<\/em> de transports en commun \u00e0 SF : $5 , un trajet simple: $2,50<br \/>&#8211; 24h de parking \u00e0 SF : $44<br \/>&#8211; Visite d&rsquo;<em>Alcatraz<\/em>: $41,50<br \/>&#8211; <em>SFMoMA<\/em> : $25<br \/><br \/><\/p>\r\n","protected":false},"excerpt":{"rendered":"<p>Ici, comme toujours, vous trouverez les d\u00e9tails pratiques du voyage, principalement les aspects li\u00e9s aux couts. Au 22\/10\/2022, 1\u20ac=$0,97 !!! Vols internationaux: Air France et son partenaire Delta sont nos prestataires a\u00e9riens, pour BRU&gt;JFK&gt;LAX\/LAX&gt;CDG&gt;ZYR. Nous avons \u00e0 nouveau choisi de voler en Premium Economy. C&rsquo;est plus cher que l&rsquo;Economy mais, finalement, de notre point de [&hellip;]<\/p>\n","protected":false},"author":1,"featured_media":0,"parent":0,"menu_order":0,"comment_status":"closed","ping_status":"open","template":"","meta":{"footnotes":""},"class_list":["post-2","page","type-page","status-publish","hentry"],"_links":{"self":[{"href":"https:\/\/buchau.be\/Californie2022\/wp-json\/wp\/v2\/pages\/2","targetHints":{"allow":["GET"]}}],"collection":[{"href":"https:\/\/buchau.be\/Californie2022\/wp-json\/wp\/v2\/pages"}],"about":[{"href":"https:\/\/buchau.be\/Californie2022\/wp-json\/wp\/v2\/types\/page"}],"author":[{"embeddable":true,"href":"https:\/\/buchau.be\/Californie2022\/wp-json\/wp\/v2\/users\/1"}],"replies":[{"embeddable":true,"href":"https:\/\/buchau.be\/Californie2022\/wp-json\/wp\/v2\/comments?post=2"}],"version-history":[{"count":22,"href":"https:\/\/buchau.be\/Californie2022\/wp-json\/wp\/v2\/pages\/2\/revisions"}],"predecessor-version":[{"id":312,"href":"https:\/\/buchau.be\/Californie2022\/wp-json\/wp\/v2\/pages\/2\/revisions\/312"}],"wp:attachment":[{"href":"https:\/\/buchau.be\/Californie2022\/wp-json\/wp\/v2\/media?parent=2"}],"curies":[{"name":"wp","href":"https:\/\/api.w.org\/{rel}","templated":true}]}}