{"id":7,"date":"2026-01-18T13:09:47","date_gmt":"2026-01-18T12:09:47","guid":{"rendered":"https:\/\/buchau.be\/Californie2026\/?page_id=7"},"modified":"2026-02-17T14:22:26","modified_gmt":"2026-02-17T13:22:26","slug":"backstage","status":"publish","type":"page","link":"https:\/\/buchau.be\/Californie2026\/backstage\/","title":{"rendered":"Backstage"},"content":{"rendered":"<p>Ici, comme d&rsquo;habitude, vous trouverez des d\u00e9tails concernant l&rsquo;organisation et les couts.<\/p>\n<p><strong>Vols intercontinentaux <\/strong>:<\/p>\n<p><em><a href=\"https:\/\/airfrance.be\" target=\"_blank\" rel=\"noopener\">Air France<\/a> <\/em>, A\/R ZYR &lt;&gt;CDG&lt;&gt;LAX, 1150\u20ac\/pers (<em>si\u00e8ges duo<\/em> pour l&rsquo;aller et la <em>Premium\u00a0<\/em>pour le retour)<\/p>\n<p><img loading=\"lazy\" decoding=\"async\" class=\"size-full wp-image-16 aligncenter\" src=\"https:\/\/buchau.be\/Californie2026\/wp-content\/uploads\/2026\/02\/avion.jpg\" alt=\"\" width=\"300\" height=\"200\" \/><\/p>\n<p>&nbsp;<\/p>\n<p><strong>Auto<\/strong> :<\/p>\n<p>Location de 15 jours chez <a href=\"https:\/\/avis.com\" target=\"_blank\" rel=\"noopener\"><em>Avis<\/em><\/a>: 504\u20ac<\/p>\n<p><img loading=\"lazy\" decoding=\"async\" class=\"size-full wp-image-15 aligncenter\" src=\"https:\/\/buchau.be\/Californie2026\/wp-content\/uploads\/2026\/02\/Auto2.png\" alt=\"\" width=\"255\" height=\"120\" \/><\/p>\n<p>&nbsp;<\/p>\n<p><strong>Hotels <\/strong>: (pour ce s\u00e9jour, on a encore le statut <em>Diamond<\/em> dans les deux chaines d\u2019h\u00f4tels fr\u00e9quent\u00e9es [<a href=\"https:\/\/www.ihg.com\" target=\"_blank\" rel=\"noopener\"><em>IHG<\/em><\/a> &amp; <a href=\"https:\/\/www.hilton.com\/en\/\" target=\"_blank\" rel=\"noopener\"><em>Hilton<\/em><\/a>]; cela nous promet de beaux <em>surclassements<\/em> et les <em>petits d\u00e9jeuners<\/em> offerts, la plupart du temps)<\/p>\n<p>&#8211; <strong>Los Angeles \/ Hermosa Beach<\/strong>, <a href=\"https:\/\/www.ihg.com\/holidayinnexpress\/hotels\/gb\/en\/hermosa-beach\/laxhr\/hoteldetail\" target=\"_blank\" rel=\"noopener\"><em>Holiday Inn Express &amp; Suites Hermosa Beach<\/em><\/a>, King Suite, 197\u20ac\/nuit<br \/>\n&#8211; <strong>San Diego<\/strong>, <a href=\"https:\/\/www.ihg.com\/crowneplaza\/hotels\/us\/en\/san-diego\/sancp\/hoteldetail\" target=\"_blank\" rel=\"noopener\"><em>Crowne Plaza San Diego &#8211; Mission Valley<\/em><\/a>, King Standard Balcony, 26333 pts\/nuit<br \/>\n&#8211; <strong>Palm Springs<\/strong>, <a href=\"https:\/\/links.h6.hilton.com\/f\/a\/YRWup9wD9HnqbNx9WlxKFg~~\/AAQRxRA~\/xQHY1UyoVBxTou6EvIndpfP2SdUnK9-pGIVn7k25FMvL6AEHCYrIlsykZHh5tpQrjAlozp4guPmtWVjmG8_ZW3c4_XbHhFK0xuX1l3N_zyB9bF98vaP9tp26kVlNVL8ov4DiDWnfne6DEnd0NetstJq5PVk1BEJLIw0ibDVpjusVdWocATyvdG9o2oELrr9IQf2B2JmgnWJjpQU0f8VaF8nfpbfpc8Hxs6xEkcjpuqYi6wXrRe2B662Ndkp1N3H0V1OJcdI3-l1d2lA9a9OENoTA4ojE1bXfoc00ycmZYR26solBpSkhsy3-0Lg-kCVG\"><em>DoubleTree by Hilton Golf Resort Palm Springs<\/em><\/a> , King Balcony, 60000 pts\/nuit<br \/>\n&#8211; <strong>Oceanside<\/strong>, <em><a href=\"https:\/\/www.ihg.com\/holidayinn\/hotels\/us\/en\/oceanside\/ocnpc\/hoteldetail\" target=\"_blank\" rel=\"noopener\">Holiday Inn Oceanside Pendelton Area<\/a><\/em>, King Bed standard room, 22500 pts\/nuit<br \/>\n&#8211; <strong>Los Angeles \/ Calabasas<\/strong>, <a href=\"https:\/\/www.hilton.com\/en\/hotels\/burcagi-hilton-garden-inn-calabasas\/\" target=\"_blank\" rel=\"noopener\"><em>Hilton Garden Inn Calabasas<\/em><\/a>, King Bed Deluxe, 36000 pts\/nuit<\/p>\n<p>&nbsp;<\/p>\n<p><strong>Divers<\/strong>: (au moment du voyage, l&rsquo;USD s&rsquo;\u00e9changeait \u00e0 1\u20ac pour $1.18)<\/p>\n<p>&#8211; Carte eSim Data, SMS et Appels illimit\u00e9s <em><strong>T-Mobile<\/strong><\/em> via <a href=\"http:\/\/www.bytesim.com\" target=\"_blank\" rel=\"noopener\"><strong><em>ByteSim<\/em> <\/strong><\/a>: 28\u20ac pour 15 jours &amp; une carte sim data uniquement de <em><strong><a href=\"https:\/\/www.amazon.com.be\/Three-Mobile-Broadband-24GB-Data\/dp\/B0D1KWQ7BK?th=1\" target=\"_blank\" rel=\"noopener\">Three<\/a><\/strong><\/em> : env.40\u20ac pour 24Go (valable pour 24 mois; n&rsquo;est plus en vente!).<br \/>\n&#8211; On a toujours nos <a href=\"https:\/\/esta.cbp.dhs.gov\/\" target=\"_blank\" rel=\"noopener\"><em><strong>ESTA<\/strong><\/em><\/a> valides (on les avait command\u00e9s pour le s\u00e9jour qui devait avoir lieu en 2025)<\/p>\n<p>&#8211; Un petit d\u00e9jeuner gargantuesque au <em>Pain Quotidien<\/em> : env.40\u20ac\/personne<\/p>\n<p>&#8211; Un gallon (3.78l) d&rsquo;essence: entre $4 et $5, selon l&rsquo;endroit<\/p>\n<p>&#8211;<\/p>\n","protected":false},"excerpt":{"rendered":"<p>Ici, comme d&rsquo;habitude, vous trouverez des d\u00e9tails concernant l&rsquo;organisation et les couts. Vols intercontinentaux : Air France , A\/R ZYR &lt;&gt;CDG&lt;&gt;LAX, 1150\u20ac\/pers (si\u00e8ges duo pour l&rsquo;aller et la Premium\u00a0pour le retour) &nbsp; Auto : Location de 15 jours chez Avis: 504\u20ac &nbsp; Hotels : (pour ce s\u00e9jour, on a encore le statut Diamond dans les [&hellip;]<\/p>\n","protected":false},"author":1,"featured_media":0,"parent":0,"menu_order":0,"comment_status":"closed","ping_status":"closed","template":"","meta":{"footnotes":""},"class_list":["post-7","page","type-page","status-publish","hentry","missing-thumbnail"],"_links":{"self":[{"href":"https:\/\/buchau.be\/Californie2026\/wp-json\/wp\/v2\/pages\/7","targetHints":{"allow":["GET"]}}],"collection":[{"href":"https:\/\/buchau.be\/Californie2026\/wp-json\/wp\/v2\/pages"}],"about":[{"href":"https:\/\/buchau.be\/Californie2026\/wp-json\/wp\/v2\/types\/page"}],"author":[{"embeddable":true,"href":"https:\/\/buchau.be\/Californie2026\/wp-json\/wp\/v2\/users\/1"}],"replies":[{"embeddable":true,"href":"https:\/\/buchau.be\/Californie2026\/wp-json\/wp\/v2\/comments?post=7"}],"version-history":[{"count":11,"href":"https:\/\/buchau.be\/Californie2026\/wp-json\/wp\/v2\/pages\/7\/revisions"}],"predecessor-version":[{"id":152,"href":"https:\/\/buchau.be\/Californie2026\/wp-json\/wp\/v2\/pages\/7\/revisions\/152"}],"wp:attachment":[{"href":"https:\/\/buchau.be\/Californie2026\/wp-json\/wp\/v2\/media?parent=7"}],"curies":[{"name":"wp","href":"https:\/\/api.w.org\/{rel}","templated":true}]}}