{"id":115,"date":"2023-04-30T14:51:52","date_gmt":"2023-04-30T12:51:52","guid":{"rendered":"https:\/\/buchau.be\/Coree-Tokyo2023\/?page_id=115"},"modified":"2023-05-08T13:33:25","modified_gmt":"2023-05-08T11:33:25","slug":"enseignes","status":"publish","type":"page","link":"https:\/\/buchau.be\/Coree-Tokyo2023\/enseignes\/","title":{"rendered":"Enseignes et \u00e9tiquettes"},"content":{"rendered":"<p>[Cette page sera actualis\u00e9e tout au long de notre p\u00e9riple; on pense qu&rsquo;il y aura mati\u00e8re&#8230;]<\/p>\n<p>Les enseignes en <em>franponais<\/em> (fran\u00e7ais japonis\u00e9) nous ont toujours bien fait rire! On ignorait que les <em>Cor\u00e9ens<\/em> aimaient aussi utiliser la langue fran\u00e7aise pour les enseignes et leur communication&#8230; Et cela donne parfois des choses tout aussi bizarres:<\/p>\n<div data-carousel-extra='{\"blog_id\":1,\"permalink\":\"https:\\\/\\\/buchau.be\\\/Coree-Tokyo2023\\\/enseignes\\\/\"}' class=\"tiled-gallery type-rectangular\" data-original-width=\"520\"><div class=\"gallery-row\" style=\"width: 515px; height: 216px;\"><div class=\"gallery-group images-1\" style=\"width: 254px; height: 220px;\"><div class=\"tiled-gallery-item tiled-gallery-item-large\"><a href=\"https:\/\/buchau.be\/Coree-Tokyo2023\/wp-content\/uploads\/2023\/05\/20230501_150422.jpg\"><img loading=\"lazy\" decoding=\"async\" data-attachment-id=\"158\" data-orig-file=\"https:\/\/buchau.be\/Coree-Tokyo2023\/wp-content\/uploads\/2023\/05\/20230501_150422.jpg\" data-orig-size=\"2078,1795\" data-comments-opened=\"1\" data-image-meta=\"{&quot;aperture&quot;:&quot;1.8&quot;,&quot;credit&quot;:&quot;&quot;,&quot;camera&quot;:&quot;SM-A528B&quot;,&quot;caption&quot;:&quot;&quot;,&quot;created_timestamp&quot;:&quot;1682953463&quot;,&quot;copyright&quot;:&quot;&quot;,&quot;focal_length&quot;:&quot;5.23&quot;,&quot;iso&quot;:&quot;25&quot;,&quot;shutter_speed&quot;:&quot;0.0033&quot;,&quot;title&quot;:&quot;&quot;,&quot;orientation&quot;:&quot;1&quot;}\" data-image-title=\"20230501_150422\" data-image-description=\"\" data-medium-file=\"https:\/\/buchau.be\/Coree-Tokyo2023\/wp-content\/uploads\/2023\/05\/20230501_150422-300x259.jpg\" data-large-file=\"https:\/\/buchau.be\/Coree-Tokyo2023\/wp-content\/uploads\/2023\/05\/20230501_150422-1024x885.jpg\" src=\"https:\/\/buchau.be\/Coree-Tokyo2023\/wp-content\/uploads\/2023\/05\/20230501_150422-1024x885.jpg\" width=\"250\" height=\"216\" align=\"left\" title=\"20230501_150422\" \/><\/a><\/div><\/div><div class=\"gallery-group images-2\" style=\"width: 261px; height: 220px;\"><div class=\"tiled-gallery-item tiled-gallery-item-large\"><a href=\"https:\/\/buchau.be\/Coree-Tokyo2023\/wp-content\/uploads\/2023\/04\/wp-1682858788354.jpg\"><img loading=\"lazy\" decoding=\"async\" data-attachment-id=\"108\" data-orig-file=\"https:\/\/buchau.be\/Coree-Tokyo2023\/wp-content\/uploads\/2023\/04\/wp-1682858788354.jpg\" data-orig-size=\"2084,1161\" data-comments-opened=\"1\" data-image-meta=\"{&quot;aperture&quot;:&quot;1.8&quot;,&quot;credit&quot;:&quot;&quot;,&quot;camera&quot;:&quot;SM-A528B&quot;,&quot;caption&quot;:&quot;&quot;,&quot;created_timestamp&quot;:&quot;1682886245&quot;,&quot;copyright&quot;:&quot;&quot;,&quot;focal_length&quot;:&quot;5.23&quot;,&quot;iso&quot;:&quot;400&quot;,&quot;shutter_speed&quot;:&quot;0.0166&quot;,&quot;title&quot;:&quot;&quot;,&quot;orientation&quot;:&quot;1&quot;}\" data-image-title=\"wp-1682858788354.jpg\" data-image-description=\"\" data-medium-file=\"https:\/\/buchau.be\/Coree-Tokyo2023\/wp-content\/uploads\/2023\/04\/wp-1682858788354-300x167.jpg\" data-large-file=\"https:\/\/buchau.be\/Coree-Tokyo2023\/wp-content\/uploads\/2023\/04\/wp-1682858788354-1024x570.jpg\" src=\"https:\/\/buchau.be\/Coree-Tokyo2023\/wp-content\/uploads\/2023\/04\/wp-1682858788354-1024x570.jpg\" width=\"257\" height=\"143\" align=\"left\" title=\"wp-1682858788354.jpg\" \/><\/a><\/div><div class=\"tiled-gallery-item tiled-gallery-item-large\"><a href=\"https:\/\/buchau.be\/Coree-Tokyo2023\/wp-content\/uploads\/2023\/05\/20230508_142707-scaled.jpg\"><img loading=\"lazy\" decoding=\"async\" data-attachment-id=\"416\" data-orig-file=\"https:\/\/buchau.be\/Coree-Tokyo2023\/wp-content\/uploads\/2023\/05\/20230508_142707-scaled.jpg\" data-orig-size=\"2560,689\" data-comments-opened=\"1\" data-image-meta=\"{&quot;aperture&quot;:&quot;1.8&quot;,&quot;credit&quot;:&quot;&quot;,&quot;camera&quot;:&quot;SM-A528B&quot;,&quot;caption&quot;:&quot;&quot;,&quot;created_timestamp&quot;:&quot;1683556027&quot;,&quot;copyright&quot;:&quot;&quot;,&quot;focal_length&quot;:&quot;5.23&quot;,&quot;iso&quot;:&quot;25&quot;,&quot;shutter_speed&quot;:&quot;0.002&quot;,&quot;title&quot;:&quot;&quot;,&quot;orientation&quot;:&quot;1&quot;}\" data-image-title=\"20230508_142707.jpg\" data-image-description=\"\" data-medium-file=\"https:\/\/buchau.be\/Coree-Tokyo2023\/wp-content\/uploads\/2023\/05\/20230508_142707-300x81.jpg\" data-large-file=\"https:\/\/buchau.be\/Coree-Tokyo2023\/wp-content\/uploads\/2023\/05\/20230508_142707-1024x275.jpg\" src=\"https:\/\/buchau.be\/Coree-Tokyo2023\/wp-content\/uploads\/2023\/05\/20230508_142707-scaled-1024x276.jpg\" width=\"257\" height=\"69\" align=\"left\" title=\"20230508_142707.jpg\" \/><\/a><\/div><\/div><\/div><div class=\"gallery-row\" style=\"width: 515px; height: 52px;\"><div class=\"gallery-group images-1\" style=\"width: 276px; height: 56px;\"><div class=\"tiled-gallery-item tiled-gallery-item-large\"><a href=\"https:\/\/buchau.be\/Coree-Tokyo2023\/wp-content\/uploads\/2023\/04\/wp-1682858788333-scaled.jpg\"><img loading=\"lazy\" decoding=\"async\" data-attachment-id=\"109\" data-orig-file=\"https:\/\/buchau.be\/Coree-Tokyo2023\/wp-content\/uploads\/2023\/04\/wp-1682858788333-scaled.jpg\" data-orig-size=\"2560,487\" data-comments-opened=\"1\" data-image-meta=\"{&quot;aperture&quot;:&quot;1.8&quot;,&quot;credit&quot;:&quot;&quot;,&quot;camera&quot;:&quot;SM-A528B&quot;,&quot;caption&quot;:&quot;&quot;,&quot;created_timestamp&quot;:&quot;1682886944&quot;,&quot;copyright&quot;:&quot;&quot;,&quot;focal_length&quot;:&quot;5.23&quot;,&quot;iso&quot;:&quot;32&quot;,&quot;shutter_speed&quot;:&quot;0.0166&quot;,&quot;title&quot;:&quot;&quot;,&quot;orientation&quot;:&quot;1&quot;}\" data-image-title=\"wp-1682858788333.jpg\" data-image-description=\"\" data-medium-file=\"https:\/\/buchau.be\/Coree-Tokyo2023\/wp-content\/uploads\/2023\/04\/wp-1682858788333-300x57.jpg\" data-large-file=\"https:\/\/buchau.be\/Coree-Tokyo2023\/wp-content\/uploads\/2023\/04\/wp-1682858788333-1024x195.jpg\" src=\"https:\/\/buchau.be\/Coree-Tokyo2023\/wp-content\/uploads\/2023\/04\/wp-1682858788333-scaled-1024x195.jpg\" width=\"272\" height=\"52\" align=\"left\" title=\"wp-1682858788333.jpg\" \/><\/a><\/div><\/div><div class=\"gallery-group images-1\" style=\"width: 239px; height: 56px;\"><div class=\"tiled-gallery-item tiled-gallery-item-large\"><a href=\"https:\/\/buchau.be\/Coree-Tokyo2023\/wp-content\/uploads\/2023\/05\/wp-1683023723574.jpg\"><img loading=\"lazy\" decoding=\"async\" data-attachment-id=\"192\" data-orig-file=\"https:\/\/buchau.be\/Coree-Tokyo2023\/wp-content\/uploads\/2023\/05\/wp-1683023723574.jpg\" data-orig-size=\"1556,343\" data-comments-opened=\"1\" data-image-meta=\"{&quot;aperture&quot;:&quot;1.8&quot;,&quot;credit&quot;:&quot;&quot;,&quot;camera&quot;:&quot;SM-A528B&quot;,&quot;caption&quot;:&quot;&quot;,&quot;created_timestamp&quot;:&quot;1683050178&quot;,&quot;copyright&quot;:&quot;&quot;,&quot;focal_length&quot;:&quot;5.23&quot;,&quot;iso&quot;:&quot;40&quot;,&quot;shutter_speed&quot;:&quot;0.0083&quot;,&quot;title&quot;:&quot;&quot;,&quot;orientation&quot;:&quot;1&quot;}\" data-image-title=\"wp-1683023723574.jpg\" data-image-description=\"\" data-medium-file=\"https:\/\/buchau.be\/Coree-Tokyo2023\/wp-content\/uploads\/2023\/05\/wp-1683023723574-300x66.jpg\" data-large-file=\"https:\/\/buchau.be\/Coree-Tokyo2023\/wp-content\/uploads\/2023\/05\/wp-1683023723574-1024x226.jpg\" src=\"https:\/\/buchau.be\/Coree-Tokyo2023\/wp-content\/uploads\/2023\/05\/wp-1683023723574-1024x226.jpg\" width=\"235\" height=\"52\" align=\"left\" title=\"wp-1683023723574.jpg\" \/><\/a><\/div><\/div><\/div><div class=\"gallery-row\" style=\"width: 515px; height: 199px;\"><div class=\"gallery-group images-2\" style=\"width: 323px; height: 203px;\"><div class=\"tiled-gallery-item tiled-gallery-item-large\"><a href=\"https:\/\/buchau.be\/Coree-Tokyo2023\/wp-content\/uploads\/2023\/05\/20230503_185459.jpg\"><img loading=\"lazy\" decoding=\"async\" data-attachment-id=\"215\" data-orig-file=\"https:\/\/buchau.be\/Coree-Tokyo2023\/wp-content\/uploads\/2023\/05\/20230503_185459.jpg\" data-orig-size=\"1962,543\" data-comments-opened=\"1\" data-image-meta=\"{&quot;aperture&quot;:&quot;1.8&quot;,&quot;credit&quot;:&quot;&quot;,&quot;camera&quot;:&quot;SM-A528B&quot;,&quot;caption&quot;:&quot;&quot;,&quot;created_timestamp&quot;:&quot;1683140100&quot;,&quot;copyright&quot;:&quot;&quot;,&quot;focal_length&quot;:&quot;5.23&quot;,&quot;iso&quot;:&quot;64&quot;,&quot;shutter_speed&quot;:&quot;0.0166&quot;,&quot;title&quot;:&quot;&quot;,&quot;orientation&quot;:&quot;1&quot;}\" data-image-title=\"20230503_185459\" data-image-description=\"\" data-medium-file=\"https:\/\/buchau.be\/Coree-Tokyo2023\/wp-content\/uploads\/2023\/05\/20230503_185459-300x83.jpg\" data-large-file=\"https:\/\/buchau.be\/Coree-Tokyo2023\/wp-content\/uploads\/2023\/05\/20230503_185459-1024x283.jpg\" src=\"https:\/\/buchau.be\/Coree-Tokyo2023\/wp-content\/uploads\/2023\/05\/20230503_185459-1024x283.jpg\" width=\"319\" height=\"88\" align=\"left\" title=\"20230503_185459\" \/><\/a><div class=\"tiled-gallery-caption\">C&rsquo;est Djamel qui est leur publiciste \ud83d\ude00<\/div><\/div><div class=\"tiled-gallery-item tiled-gallery-item-large\"><a href=\"https:\/\/buchau.be\/Coree-Tokyo2023\/wp-content\/uploads\/2023\/04\/wp-1682858788389.jpg\"><img loading=\"lazy\" decoding=\"async\" data-attachment-id=\"113\" data-orig-file=\"https:\/\/buchau.be\/Coree-Tokyo2023\/wp-content\/uploads\/2023\/04\/wp-1682858788389.jpg\" data-orig-size=\"2084,700\" data-comments-opened=\"1\" data-image-meta=\"{&quot;aperture&quot;:&quot;1.8&quot;,&quot;credit&quot;:&quot;&quot;,&quot;camera&quot;:&quot;SM-A528B&quot;,&quot;caption&quot;:&quot;&quot;,&quot;created_timestamp&quot;:&quot;1682872683&quot;,&quot;copyright&quot;:&quot;&quot;,&quot;focal_length&quot;:&quot;5.23&quot;,&quot;iso&quot;:&quot;25&quot;,&quot;shutter_speed&quot;:&quot;0.0024&quot;,&quot;title&quot;:&quot;&quot;,&quot;orientation&quot;:&quot;1&quot;}\" data-image-title=\"wp-1682858788389.jpg\" data-image-description=\"\" data-medium-file=\"https:\/\/buchau.be\/Coree-Tokyo2023\/wp-content\/uploads\/2023\/04\/wp-1682858788389-300x101.jpg\" data-large-file=\"https:\/\/buchau.be\/Coree-Tokyo2023\/wp-content\/uploads\/2023\/04\/wp-1682858788389-1024x344.jpg\" src=\"https:\/\/buchau.be\/Coree-Tokyo2023\/wp-content\/uploads\/2023\/04\/wp-1682858788389-1024x344.jpg\" width=\"319\" height=\"107\" align=\"left\" title=\"wp-1682858788389.jpg\" \/><\/a><div class=\"tiled-gallery-caption\">Celle l\u00e0 a \u00e9t\u00e9 faite expr\u00e8s pour moi \ud83d\ude42<\/div><\/div><\/div><div class=\"gallery-group images-1\" style=\"width: 192px; height: 203px;\"><div class=\"tiled-gallery-item tiled-gallery-item-large\"><a href=\"https:\/\/buchau.be\/Coree-Tokyo2023\/wp-content\/uploads\/2023\/04\/20230430_165450.jpg\"><img loading=\"lazy\" decoding=\"async\" data-attachment-id=\"120\" data-orig-file=\"https:\/\/buchau.be\/Coree-Tokyo2023\/wp-content\/uploads\/2023\/04\/20230430_165450.jpg\" data-orig-size=\"1421,1502\" data-comments-opened=\"1\" data-image-meta=\"{&quot;aperture&quot;:&quot;1.8&quot;,&quot;credit&quot;:&quot;&quot;,&quot;camera&quot;:&quot;SM-A528B&quot;,&quot;caption&quot;:&quot;&quot;,&quot;created_timestamp&quot;:&quot;1682873691&quot;,&quot;copyright&quot;:&quot;&quot;,&quot;focal_length&quot;:&quot;5.23&quot;,&quot;iso&quot;:&quot;32&quot;,&quot;shutter_speed&quot;:&quot;0.02&quot;,&quot;title&quot;:&quot;&quot;,&quot;orientation&quot;:&quot;1&quot;}\" data-image-title=\"20230430_165450.jpg\" data-image-description=\"\" data-medium-file=\"https:\/\/buchau.be\/Coree-Tokyo2023\/wp-content\/uploads\/2023\/04\/20230430_165450-284x300.jpg\" data-large-file=\"https:\/\/buchau.be\/Coree-Tokyo2023\/wp-content\/uploads\/2023\/04\/20230430_165450-969x1024.jpg\" src=\"https:\/\/buchau.be\/Coree-Tokyo2023\/wp-content\/uploads\/2023\/04\/20230430_165450-969x1024.jpg\" width=\"188\" height=\"199\" align=\"left\" title=\"20230430_165450.jpg\" \/><\/a><\/div><\/div><\/div><div class=\"gallery-row\" style=\"width: 515px; height: 127px;\"><div class=\"gallery-group images-1\" style=\"width: 423px; height: 131px;\"><div class=\"tiled-gallery-item tiled-gallery-item-large\"><a href=\"https:\/\/buchau.be\/Coree-Tokyo2023\/wp-content\/uploads\/2023\/04\/wp-1682858788396.jpg\"><img loading=\"lazy\" decoding=\"async\" data-attachment-id=\"114\" data-orig-file=\"https:\/\/buchau.be\/Coree-Tokyo2023\/wp-content\/uploads\/2023\/04\/wp-1682858788396.jpg\" data-orig-size=\"1084,329\" data-comments-opened=\"1\" data-image-meta=\"{&quot;aperture&quot;:&quot;2.2&quot;,&quot;credit&quot;:&quot;&quot;,&quot;camera&quot;:&quot;SM-A528B&quot;,&quot;caption&quot;:&quot;&quot;,&quot;created_timestamp&quot;:&quot;1682872651&quot;,&quot;copyright&quot;:&quot;&quot;,&quot;focal_length&quot;:&quot;1.74&quot;,&quot;iso&quot;:&quot;50&quot;,&quot;shutter_speed&quot;:&quot;0.0012&quot;,&quot;title&quot;:&quot;&quot;,&quot;orientation&quot;:&quot;1&quot;}\" data-image-title=\"wp-1682858788396.jpg\" data-image-description=\"\" data-medium-file=\"https:\/\/buchau.be\/Coree-Tokyo2023\/wp-content\/uploads\/2023\/04\/wp-1682858788396-300x91.jpg\" data-large-file=\"https:\/\/buchau.be\/Coree-Tokyo2023\/wp-content\/uploads\/2023\/04\/wp-1682858788396-1024x311.jpg\" src=\"https:\/\/buchau.be\/Coree-Tokyo2023\/wp-content\/uploads\/2023\/04\/wp-1682858788396-1024x311.jpg\" width=\"419\" height=\"127\" align=\"left\" title=\"wp-1682858788396.jpg\" \/><\/a><\/div><\/div><div class=\"gallery-group images-1\" style=\"width: 92px; height: 131px;\"><div class=\"tiled-gallery-item tiled-gallery-item-large\"><a href=\"https:\/\/buchau.be\/Coree-Tokyo2023\/wp-content\/uploads\/2023\/05\/20230503_183056-scaled.jpg\"><img loading=\"lazy\" decoding=\"async\" data-attachment-id=\"217\" data-orig-file=\"https:\/\/buchau.be\/Coree-Tokyo2023\/wp-content\/uploads\/2023\/05\/20230503_183056-scaled.jpg\" data-orig-size=\"1778,2560\" data-comments-opened=\"1\" data-image-meta=\"{&quot;aperture&quot;:&quot;1.8&quot;,&quot;credit&quot;:&quot;&quot;,&quot;camera&quot;:&quot;SM-A528B&quot;,&quot;caption&quot;:&quot;&quot;,&quot;created_timestamp&quot;:&quot;1683138657&quot;,&quot;copyright&quot;:&quot;&quot;,&quot;focal_length&quot;:&quot;5.23&quot;,&quot;iso&quot;:&quot;160&quot;,&quot;shutter_speed&quot;:&quot;0.0083&quot;,&quot;title&quot;:&quot;&quot;,&quot;orientation&quot;:&quot;1&quot;}\" data-image-title=\"20230503_183056\" data-image-description=\"\" data-medium-file=\"https:\/\/buchau.be\/Coree-Tokyo2023\/wp-content\/uploads\/2023\/05\/20230503_183056-208x300.jpg\" data-large-file=\"https:\/\/buchau.be\/Coree-Tokyo2023\/wp-content\/uploads\/2023\/05\/20230503_183056-711x1024.jpg\" src=\"https:\/\/buchau.be\/Coree-Tokyo2023\/wp-content\/uploads\/2023\/05\/20230503_183056-scaled-711x1024.jpg\" width=\"88\" height=\"127\" align=\"left\" title=\"20230503_183056\" \/><\/a><\/div><\/div><\/div><div class=\"gallery-row\" style=\"width: 515px; height: 173px;\"><div class=\"gallery-group images-1\" style=\"width: 192px; height: 177px;\"><div class=\"tiled-gallery-item tiled-gallery-item-large\"><a href=\"https:\/\/buchau.be\/Coree-Tokyo2023\/wp-content\/uploads\/2023\/05\/20230501_150404.jpg\"><img loading=\"lazy\" decoding=\"async\" data-attachment-id=\"159\" data-orig-file=\"https:\/\/buchau.be\/Coree-Tokyo2023\/wp-content\/uploads\/2023\/05\/20230501_150404.jpg\" data-orig-size=\"1557,1427\" data-comments-opened=\"1\" data-image-meta=\"{&quot;aperture&quot;:&quot;1.8&quot;,&quot;credit&quot;:&quot;&quot;,&quot;camera&quot;:&quot;SM-A528B&quot;,&quot;caption&quot;:&quot;&quot;,&quot;created_timestamp&quot;:&quot;1682953444&quot;,&quot;copyright&quot;:&quot;&quot;,&quot;focal_length&quot;:&quot;5.23&quot;,&quot;iso&quot;:&quot;25&quot;,&quot;shutter_speed&quot;:&quot;0.0003&quot;,&quot;title&quot;:&quot;&quot;,&quot;orientation&quot;:&quot;1&quot;}\" data-image-title=\"20230501_150404\" data-image-description=\"\" data-medium-file=\"https:\/\/buchau.be\/Coree-Tokyo2023\/wp-content\/uploads\/2023\/05\/20230501_150404-300x275.jpg\" data-large-file=\"https:\/\/buchau.be\/Coree-Tokyo2023\/wp-content\/uploads\/2023\/05\/20230501_150404-1024x939.jpg\" src=\"https:\/\/buchau.be\/Coree-Tokyo2023\/wp-content\/uploads\/2023\/05\/20230501_150404-1024x939.jpg\" width=\"188\" height=\"173\" align=\"left\" title=\"20230501_150404\" \/><\/a><\/div><\/div><div class=\"gallery-group images-2\" style=\"width: 323px; height: 177px;\"><div class=\"tiled-gallery-item tiled-gallery-item-large\"><a href=\"https:\/\/buchau.be\/Coree-Tokyo2023\/wp-content\/uploads\/2023\/04\/wp-1682858788371-scaled.jpg\"><img loading=\"lazy\" decoding=\"async\" data-attachment-id=\"111\" data-orig-file=\"https:\/\/buchau.be\/Coree-Tokyo2023\/wp-content\/uploads\/2023\/04\/wp-1682858788371-scaled.jpg\" data-orig-size=\"2560,443\" data-comments-opened=\"1\" data-image-meta=\"{&quot;aperture&quot;:&quot;1.8&quot;,&quot;credit&quot;:&quot;&quot;,&quot;camera&quot;:&quot;SM-A528B&quot;,&quot;caption&quot;:&quot;&quot;,&quot;created_timestamp&quot;:&quot;1682875779&quot;,&quot;copyright&quot;:&quot;&quot;,&quot;focal_length&quot;:&quot;5.23&quot;,&quot;iso&quot;:&quot;40&quot;,&quot;shutter_speed&quot;:&quot;0.01&quot;,&quot;title&quot;:&quot;&quot;,&quot;orientation&quot;:&quot;1&quot;}\" data-image-title=\"wp-1682858788371.jpg\" data-image-description=\"\" data-medium-file=\"https:\/\/buchau.be\/Coree-Tokyo2023\/wp-content\/uploads\/2023\/04\/wp-1682858788371-300x52.jpg\" data-large-file=\"https:\/\/buchau.be\/Coree-Tokyo2023\/wp-content\/uploads\/2023\/04\/wp-1682858788371-1024x177.jpg\" src=\"https:\/\/buchau.be\/Coree-Tokyo2023\/wp-content\/uploads\/2023\/04\/wp-1682858788371-scaled-1024x177.jpg\" width=\"319\" height=\"55\" align=\"left\" title=\"wp-1682858788371.jpg\" \/><\/a><\/div><div class=\"tiled-gallery-item tiled-gallery-item-large\"><a href=\"https:\/\/buchau.be\/Coree-Tokyo2023\/wp-content\/uploads\/2023\/04\/wp-1682858788364.jpg\"><img loading=\"lazy\" decoding=\"async\" data-attachment-id=\"110\" data-orig-file=\"https:\/\/buchau.be\/Coree-Tokyo2023\/wp-content\/uploads\/2023\/04\/wp-1682858788364.jpg\" data-orig-size=\"1153,411\" data-comments-opened=\"1\" data-image-meta=\"{&quot;aperture&quot;:&quot;1.8&quot;,&quot;credit&quot;:&quot;&quot;,&quot;camera&quot;:&quot;SM-A528B&quot;,&quot;caption&quot;:&quot;&quot;,&quot;created_timestamp&quot;:&quot;1682876340&quot;,&quot;copyright&quot;:&quot;&quot;,&quot;focal_length&quot;:&quot;5.23&quot;,&quot;iso&quot;:&quot;32&quot;,&quot;shutter_speed&quot;:&quot;0.01&quot;,&quot;title&quot;:&quot;&quot;,&quot;orientation&quot;:&quot;1&quot;}\" data-image-title=\"wp-1682858788364.jpg\" data-image-description=\"\" data-medium-file=\"https:\/\/buchau.be\/Coree-Tokyo2023\/wp-content\/uploads\/2023\/04\/wp-1682858788364-300x107.jpg\" data-large-file=\"https:\/\/buchau.be\/Coree-Tokyo2023\/wp-content\/uploads\/2023\/04\/wp-1682858788364-1024x365.jpg\" src=\"https:\/\/buchau.be\/Coree-Tokyo2023\/wp-content\/uploads\/2023\/04\/wp-1682858788364-1024x365.jpg\" width=\"319\" height=\"114\" align=\"left\" title=\"wp-1682858788364.jpg\" \/><\/a><\/div><\/div><\/div><div class=\"gallery-row\" style=\"width: 515px; height: 500px;\"><div class=\"gallery-group images-1\" style=\"width: 515px; height: 504px;\"><div class=\"tiled-gallery-item tiled-gallery-item-large\"><a href=\"https:\/\/buchau.be\/Coree-Tokyo2023\/wp-content\/uploads\/2023\/04\/wp-1682858788380.jpg\"><img loading=\"lazy\" decoding=\"async\" data-attachment-id=\"112\" data-orig-file=\"https:\/\/buchau.be\/Coree-Tokyo2023\/wp-content\/uploads\/2023\/04\/wp-1682858788380.jpg\" data-orig-size=\"1803,1763\" data-comments-opened=\"1\" data-image-meta=\"{&quot;aperture&quot;:&quot;1.8&quot;,&quot;credit&quot;:&quot;&quot;,&quot;camera&quot;:&quot;SM-A528B&quot;,&quot;caption&quot;:&quot;&quot;,&quot;created_timestamp&quot;:&quot;1682875907&quot;,&quot;copyright&quot;:&quot;&quot;,&quot;focal_length&quot;:&quot;5.23&quot;,&quot;iso&quot;:&quot;32&quot;,&quot;shutter_speed&quot;:&quot;0.02&quot;,&quot;title&quot;:&quot;&quot;,&quot;orientation&quot;:&quot;1&quot;}\" data-image-title=\"wp-1682858788380.jpg\" data-image-description=\"\" data-medium-file=\"https:\/\/buchau.be\/Coree-Tokyo2023\/wp-content\/uploads\/2023\/04\/wp-1682858788380-300x293.jpg\" data-large-file=\"https:\/\/buchau.be\/Coree-Tokyo2023\/wp-content\/uploads\/2023\/04\/wp-1682858788380-1024x1001.jpg\" src=\"https:\/\/buchau.be\/Coree-Tokyo2023\/wp-content\/uploads\/2023\/04\/wp-1682858788380-1024x1001.jpg\" width=\"511\" height=\"500\" align=\"left\" title=\"wp-1682858788380.jpg\" \/><\/a><\/div><\/div><\/div><\/div>\n","protected":false},"excerpt":{"rendered":"<p>[Cette page sera actualis\u00e9e tout au long de notre p\u00e9riple; on pense qu&rsquo;il y aura mati\u00e8re&#8230;] Les enseignes en franponais (fran\u00e7ais japonis\u00e9) nous ont toujours bien fait rire! On ignorait que les Cor\u00e9ens aimaient aussi utiliser la langue fran\u00e7aise pour les enseignes et leur communication&#8230; Et cela donne parfois des choses tout aussi bizarres:<\/p>\n","protected":false},"author":1,"featured_media":113,"parent":0,"menu_order":0,"comment_status":"closed","ping_status":"closed","template":"","meta":{"footnotes":""},"class_list":["post-115","page","type-page","status-publish","has-post-thumbnail","hentry","has-thumbnail"],"_links":{"self":[{"href":"https:\/\/buchau.be\/Coree-Tokyo2023\/wp-json\/wp\/v2\/pages\/115","targetHints":{"allow":["GET"]}}],"collection":[{"href":"https:\/\/buchau.be\/Coree-Tokyo2023\/wp-json\/wp\/v2\/pages"}],"about":[{"href":"https:\/\/buchau.be\/Coree-Tokyo2023\/wp-json\/wp\/v2\/types\/page"}],"author":[{"embeddable":true,"href":"https:\/\/buchau.be\/Coree-Tokyo2023\/wp-json\/wp\/v2\/users\/1"}],"replies":[{"embeddable":true,"href":"https:\/\/buchau.be\/Coree-Tokyo2023\/wp-json\/wp\/v2\/comments?post=115"}],"version-history":[{"count":7,"href":"https:\/\/buchau.be\/Coree-Tokyo2023\/wp-json\/wp\/v2\/pages\/115\/revisions"}],"predecessor-version":[{"id":424,"href":"https:\/\/buchau.be\/Coree-Tokyo2023\/wp-json\/wp\/v2\/pages\/115\/revisions\/424"}],"wp:featuredmedia":[{"embeddable":true,"href":"https:\/\/buchau.be\/Coree-Tokyo2023\/wp-json\/wp\/v2\/media\/113"}],"wp:attachment":[{"href":"https:\/\/buchau.be\/Coree-Tokyo2023\/wp-json\/wp\/v2\/media?parent=115"}],"curies":[{"name":"wp","href":"https:\/\/api.w.org\/{rel}","templated":true}]}}