{"id":7,"date":"2023-04-12T17:23:00","date_gmt":"2023-04-12T15:23:00","guid":{"rendered":"https:\/\/buchau.be\/Coree-Tokyo2023\/?page_id=7"},"modified":"2023-05-09T15:43:11","modified_gmt":"2023-05-09T13:43:11","slug":"backstage","status":"publish","type":"page","link":"https:\/\/buchau.be\/Coree-Tokyo2023\/backstage\/","title":{"rendered":"Backstage"},"content":{"rendered":"<p>Comme d&rsquo;habitude, ici, vous trouverez les \u00e9l\u00e9ments de pr\u00e9paration du voyage et des d\u00e9tails concernant certains prix (pour se faire une id\u00e9e):<\/p>\n<p>2 semaines avant le d\u00e9part, <strong>1\u20ac = 1450 KRW = 146 JPY<\/strong><\/p>\n<p><strong>Vols internationaux:<\/strong><br \/>\nUne fois encore, nous confions la responsabilit\u00e9 de nous mener \u00e0 bon ports \u00e0 <strong><em>Air France<\/em><\/strong>. Vols ZYR &gt; CDG &gt; ICN puis retour de NRT &gt; CDG &gt; ZYR \u00e0 1030\u20ac\/pers en <em>Premium Economy<\/em>.<br \/>\nUn vol interm\u00e9diaire, entre la Cor\u00e9e du Sud et le Japon, avec <em><strong>Korean Air<\/strong><\/em> a \u00e9t\u00e9 acquis gr\u00e2ce \u00e0 des miles, 10500 miles\/pers pour PUS &gt; NRT.<\/p>\n<p><strong>Auto en Cor\u00e9e:<\/strong><br \/>\nLocation de voiture pour 8 jours en <em>Cor\u00e9e<\/em>, chez <strong><em>Avis<\/em><\/strong>, \u00e0 un peu moins de 670\u20ac (84\u20ac\/jour). Ne pas oublier de demander un <em>permis de conduire international<\/em> (IDL) \u00e0 l&rsquo;administration communale avant de partir.<\/p>\n<p><strong>Transports au Japon:<\/strong><br \/>\nOn opte pour la facilit\u00e9 du <strong><em>Japan Rail Pass<\/em><\/strong> (complet) \u00e0 235\u20ac\/pers. Il nous permettra de bouger dans, autour et en-dehors de <em>Tokyo<\/em>, ainsi que de\/vers l&rsquo;a\u00e9roport. On a d\u00e9j\u00e0 des cartes <strong><em>SUICA\/PASMO<\/em><\/strong> pour les m\u00e9tros et bus.<\/p>\n<p>Hotels:<br \/>\n&#8211; <strong><em>Seoul<\/em><\/strong>, <a href=\"https:\/\/www.ihg.com\/intercontinental\/hotels\/gb\/en\/seoul\/seohb\/hoteldetail\" target=\"_blank\" rel=\"noopener\"><em>Intercontinental Seoul COEX<\/em><\/a>, Chambre king standard*, 28000 points (env.140\u20ac)\/nuit;<br \/>\n&#8211; <strong><em>Ulsan<\/em><\/strong>, <em><a href=\"https:\/\/all.accor.com\/hotel\/A3N6\/index.en.shtml\" target=\"_blank\" rel=\"noopener\">Mercure Ambassador Ulsan<\/a><\/em>, Chambre deluxe avec vue panoramique sur l&rsquo;oc\u00e9an*, env.136\u20ac\/nuit<br \/>\n&#8211; <strong><em>Busan<\/em><\/strong>, <a href=\"https:\/\/www.marriott.com\/en-us\/hotels\/pusfb-fairfield-by-marriott-busan-songdo-beach\/overview\/\" target=\"_blank\" rel=\"noopener\"><em>Fairfield by Marriott Busan Songdo Beach<\/em><\/a>, Chambre king avec vue oc\u00e9an &#8211; \u00e9tage \u00e9lev\u00e9*, env.160\u20ac\/nuit<br \/>\n&#8211; <em><strong>Yokohama<\/strong><\/em>, <a href=\"https:\/\/www.ihg.com\/intercontinental\/hotels\/us\/en\/yokohama\/yokha\/hoteldetail?cm_mmc=GoogleMaps-_-IC-_-JP-_-YOKHA\" target=\"_blank\" rel=\"noopener\"><em>Intercontinental Grand Yokohama<\/em><\/a>, Chambre king city view*, env.160\u20ac\/nuit<br \/>\n* petit-d\u00e9jeuner inclus, plus que probablement surclassement&#8230;<\/p>\n<p><strong>Autres:<\/strong><br \/>\n&#8211; Guides <em><strong>Lonely Planet<\/strong><\/em> <em>Cor\u00e9e du Sud<\/em> et <em>Tokyo<\/em>;<br \/>\n&#8211; Cartes SIM Cor\u00e9e, data illimit\u00e9: 25\u20ac<br \/>\n&#8211; Carte SIM Japon, 3GB: 17,50\u20ac<br \/>\n&#8211; <strong><em>Japan Rail Pass<\/em><\/strong>, 7 jours: 235\u20ac<br \/>\n&#8211; un mus\u00e9e en Cor\u00e9e: entre 0 et 20000 KRW, soit 14\u20ac<br \/>\n&#8211; 1l d&rsquo;essence: 1599 KRW, soit environ 1,10\u20ac\/l<br \/>\n&#8211; un repas simple mais d\u00e9licieux \u00e0 Tokyo: entre 5 et 15\u20ac<br \/>\n&#8211; un repas simple mais d\u00e9licieux en Cor\u00e9e: entre 7 et 25\u20ac<br \/>\n&#8211; une chemise noire \u00e0 manches courtes chez <em>Uniqlo<\/em>: 2500 JPY, soit environ 17,50\u20ac<\/p>\n<p>&nbsp;<\/p>\n","protected":false},"excerpt":{"rendered":"<p>Comme d&rsquo;habitude, ici, vous trouverez les \u00e9l\u00e9ments de pr\u00e9paration du voyage et des d\u00e9tails concernant certains prix (pour se faire une id\u00e9e): 2 semaines avant le d\u00e9part, 1\u20ac = 1450 KRW = 146 JPY Vols internationaux: Une fois encore, nous confions la responsabilit\u00e9 de nous mener \u00e0 bon ports \u00e0 Air France. Vols ZYR &gt; [&hellip;]<\/p>\n","protected":false},"author":1,"featured_media":8,"parent":0,"menu_order":0,"comment_status":"closed","ping_status":"closed","template":"","meta":{"footnotes":""},"class_list":["post-7","page","type-page","status-publish","has-post-thumbnail","hentry","has-thumbnail"],"_links":{"self":[{"href":"https:\/\/buchau.be\/Coree-Tokyo2023\/wp-json\/wp\/v2\/pages\/7","targetHints":{"allow":["GET"]}}],"collection":[{"href":"https:\/\/buchau.be\/Coree-Tokyo2023\/wp-json\/wp\/v2\/pages"}],"about":[{"href":"https:\/\/buchau.be\/Coree-Tokyo2023\/wp-json\/wp\/v2\/types\/page"}],"author":[{"embeddable":true,"href":"https:\/\/buchau.be\/Coree-Tokyo2023\/wp-json\/wp\/v2\/users\/1"}],"replies":[{"embeddable":true,"href":"https:\/\/buchau.be\/Coree-Tokyo2023\/wp-json\/wp\/v2\/comments?post=7"}],"version-history":[{"count":9,"href":"https:\/\/buchau.be\/Coree-Tokyo2023\/wp-json\/wp\/v2\/pages\/7\/revisions"}],"predecessor-version":[{"id":468,"href":"https:\/\/buchau.be\/Coree-Tokyo2023\/wp-json\/wp\/v2\/pages\/7\/revisions\/468"}],"wp:featuredmedia":[{"embeddable":true,"href":"https:\/\/buchau.be\/Coree-Tokyo2023\/wp-json\/wp\/v2\/media\/8"}],"wp:attachment":[{"href":"https:\/\/buchau.be\/Coree-Tokyo2023\/wp-json\/wp\/v2\/media?parent=7"}],"curies":[{"name":"wp","href":"https:\/\/api.w.org\/{rel}","templated":true}]}}