{"id":12,"date":"2018-10-25T14:39:48","date_gmt":"2018-10-25T12:39:48","guid":{"rendered":"http:\/\/buchau.be\/LAS-LAX2019\/?page_id=12"},"modified":"2019-04-16T19:53:14","modified_gmt":"2019-04-16T17:53:14","slug":"backstage","status":"publish","type":"page","link":"https:\/\/buchau.be\/LAS-LAX2019\/backstage\/","title":{"rendered":"Backstage"},"content":{"rendered":"<p><strong>Vols:<\/strong><\/p>\n<p>J&rsquo;\u00e9tais un peu d\u00e9prim\u00e9 en ce d\u00e9but d&rsquo;ann\u00e9e scolaire 2018\/2019&#8230; Quand j&rsquo;ai le blues, je (re)pense aux vacances! et je consulte les sites de r\u00e9servations de vols \u00e0 la recherche d&rsquo;une \u00e9ventuelle bonne affaire. Et, j&rsquo;ai trouv\u00e9: un vol A\/R BRU&gt;LAS \/ LAX&gt;BRU avec <em><a href=\"http:\/\/www.delta.com\">Delta Airlines<\/a>*<\/em> pour 400\u20ac\/pers, bagages et r\u00e9servation des si\u00e8ges inclus (sans cela, cela co\u00fbtait 360\u20ac\/pers)! On ira donc passer une semaine \u00e0<em> Las Vegas<\/em> et <em>Los Angeles<\/em> (et environs) pendant les vacances de Printemps 2019.<\/p>\n<p>Il y a d\u00e9j\u00e0 eu un changement de vols: <em>Delta<\/em> a modifi\u00e9 ses horaires, rendant le retour impossible avec eux dans des conditions semblables \u00e0 celles r\u00e9serv\u00e9es. <em>AirFrance<\/em> (le correspondant de <em>Delta<\/em> en <em>Europe<\/em>) a donc pris en charge le probl\u00e8me et nous a mis sur un vol direct vers CDG (plus le train vers la Gare du Midi).<\/p>\n<p>* oui, je fais une entorse \u00e0 mon principe \u00ab\u00a0<em>acheter europ\u00e9en<\/em>\u00a0\u00bb mais l&rsquo;occasion \u00e9tait trop belle \ud83d\ude42<\/p>\n<p><strong>H\u00f4tels:<\/strong><\/p>\n<p><em>Las Vegas<\/em>: <a href=\"https:\/\/doubletree3.hilton.com\/en\/hotels\/nevada\/tropicana-las-vegas-a-doubletree-by-hilton-hotel-LASNTDT\/index.html\"><em>Doubletree Tropicana<\/em><\/a>, <em>King bedroom\u00a0 Tower Club<\/em>, $200\/nuit<em>**<\/em> (soit environ 180\u20ac\/nuit);<br \/>\n<em>Los Angeles<\/em>: <a href=\"https:\/\/doubletree3.hilton.com\/en\/hotels\/california\/doubletree-by-hilton-hotel-los-angeles-westside-LAXCCDT\/index.html\"><em>Doubletree Los Angeles Westside<\/em><\/a> \u00e0 <em>Culver City<\/em>, <em>King Bed<\/em>, 32000 points HHonors\/nuit<em>**<\/em> (soit l&rsquo;\u00e9quivalent d&rsquo;environ 128\u20ac\/nuit)<\/p>\n<p>** taxes, Internet et (cr\u00e9dit) petits d\u00e9jeuners inclus<\/p>\n<p><strong>Voiture:<\/strong><\/p>\n<p><a href=\"http:\/\/www.avis.be\"><em>Avis<\/em><\/a>: une <em>Nissan Sentra<\/em> <em>2018<\/em> pour 182\u20ac pour 7 jours, soit 26\u20ac\/jour<\/p>\n<p><strong>Divers:<\/strong><\/p>\n<p>Au moment du voyage, 1\u20ac = $1.12 (le pire taux depuis qu&rsquo;on a commenc\u00e9 \u00e0 voyager aux \u00c9tats-Unis \ud83d\ude41 )<\/p>\n<p>&#8211; Carte Sim: on a repris une carte <em><a href=\"https:\/\/www.amazon.co.uk\/Three-Mobile-Pay-Broadband-Data\/dp\/B01CMD4VKC\">Three.co.uk<\/a><\/em> de 12Go, valable 1 an dans 171 pays, pour +\/-35\u20ac<br \/>\n&#8211; On a d\u00e9j\u00e0 tous les guides utiles et n\u00e9cessaires<br \/>\n&#8211; Cartes pour le GPS: on a ce qu&rsquo;il faut<br \/>\n&#8211; Une place de parking pour une journ\u00e9e \u00e0 LA: entre $9 et $15<br \/>\n&#8211; Une bi\u00e8re locale \u00e0 table: de $7 \u00e0 $11 \/ au supermarch\u00e9: \u00e0pd $1.5<br \/>\n&#8211; Un gallon d&rsquo;essence: $4.39, soit environ 1,03\u20ac\/litre<br \/>\n&#8211; Un repas chaud pour 2, boissons comprises: \u00e0 partir de $24<br \/>\n&#8211; Un A\/R en <em>Angels flight<\/em>: $2<br \/>\n&#8211; Un jeans Levi&rsquo;s (mexicain): $44 (taxes incluses), soit 40\u20ac (100\u20ac en <em>Belgique<\/em>)<br \/>\n&#8211; Le pourboire au resto: entre 15 et 20% de l&rsquo;addition sans les taxes<br \/>\n&#8211; Le pourboire pour le personnel d&rsquo;entretien \u00e0 l&rsquo;h\u00f4tel: $3 \u00e0 $5, chaque jour<br \/>\n&#8211; Entr\u00e9es au <em>MOCA<\/em>: $15, au <em>Broad<\/em>: $0, au <em>LACMA<\/em>: $25<\/p>\n","protected":false},"excerpt":{"rendered":"<p>Vols: J&rsquo;\u00e9tais un peu d\u00e9prim\u00e9 en ce d\u00e9but d&rsquo;ann\u00e9e scolaire 2018\/2019&#8230; Quand j&rsquo;ai le blues, je (re)pense aux vacances! et je consulte les sites de r\u00e9servations de vols \u00e0 la recherche d&rsquo;une \u00e9ventuelle bonne affaire. Et, j&rsquo;ai trouv\u00e9: un vol A\/R BRU&gt;LAS \/ LAX&gt;BRU avec Delta Airlines* pour 400\u20ac\/pers, bagages et r\u00e9servation des si\u00e8ges inclus [&hellip;]<\/p>\n","protected":false},"author":1,"featured_media":13,"parent":0,"menu_order":0,"comment_status":"closed","ping_status":"closed","template":"","meta":{"footnotes":""},"class_list":["post-12","page","type-page","status-publish","has-post-thumbnail","hentry"],"_links":{"self":[{"href":"https:\/\/buchau.be\/LAS-LAX2019\/wp-json\/wp\/v2\/pages\/12","targetHints":{"allow":["GET"]}}],"collection":[{"href":"https:\/\/buchau.be\/LAS-LAX2019\/wp-json\/wp\/v2\/pages"}],"about":[{"href":"https:\/\/buchau.be\/LAS-LAX2019\/wp-json\/wp\/v2\/types\/page"}],"author":[{"embeddable":true,"href":"https:\/\/buchau.be\/LAS-LAX2019\/wp-json\/wp\/v2\/users\/1"}],"replies":[{"embeddable":true,"href":"https:\/\/buchau.be\/LAS-LAX2019\/wp-json\/wp\/v2\/comments?post=12"}],"version-history":[{"count":11,"href":"https:\/\/buchau.be\/LAS-LAX2019\/wp-json\/wp\/v2\/pages\/12\/revisions"}],"predecessor-version":[{"id":239,"href":"https:\/\/buchau.be\/LAS-LAX2019\/wp-json\/wp\/v2\/pages\/12\/revisions\/239"}],"wp:featuredmedia":[{"embeddable":true,"href":"https:\/\/buchau.be\/LAS-LAX2019\/wp-json\/wp\/v2\/media\/13"}],"wp:attachment":[{"href":"https:\/\/buchau.be\/LAS-LAX2019\/wp-json\/wp\/v2\/media?parent=12"}],"curies":[{"name":"wp","href":"https:\/\/api.w.org\/{rel}","templated":true}]}}