{"id":15,"date":"2018-10-25T14:45:10","date_gmt":"2018-10-25T12:45:10","guid":{"rendered":"http:\/\/buchau.be\/LAS-LAX2019\/?page_id=15"},"modified":"2018-10-25T14:45:23","modified_gmt":"2018-10-25T12:45:23","slug":"a-propos","status":"publish","type":"page","link":"https:\/\/buchau.be\/LAS-LAX2019\/a-propos\/","title":{"rendered":"A propos"},"content":{"rendered":"<p>Un voyage d&rsquo;une semaine \u00e0 <em>Los Angeles<\/em> et <em>Las Vegas<\/em> pour Marie et Benoit. On esp\u00e8re pouvoir assister \u00e0 un nouveau spectacle \u00e0 LV et on retourne pour la quatri\u00e8me fois \u00e0 LA.<\/p>\n","protected":false},"excerpt":{"rendered":"<p>Un voyage d&rsquo;une semaine \u00e0 Los Angeles et Las Vegas pour Marie et Benoit. On esp\u00e8re pouvoir assister \u00e0 un nouveau spectacle \u00e0 LV et on retourne pour la quatri\u00e8me fois \u00e0 LA.<\/p>\n","protected":false},"author":1,"featured_media":0,"parent":0,"menu_order":0,"comment_status":"closed","ping_status":"closed","template":"","meta":{"footnotes":""},"class_list":["post-15","page","type-page","status-publish","hentry"],"_links":{"self":[{"href":"https:\/\/buchau.be\/LAS-LAX2019\/wp-json\/wp\/v2\/pages\/15","targetHints":{"allow":["GET"]}}],"collection":[{"href":"https:\/\/buchau.be\/LAS-LAX2019\/wp-json\/wp\/v2\/pages"}],"about":[{"href":"https:\/\/buchau.be\/LAS-LAX2019\/wp-json\/wp\/v2\/types\/page"}],"author":[{"embeddable":true,"href":"https:\/\/buchau.be\/LAS-LAX2019\/wp-json\/wp\/v2\/users\/1"}],"replies":[{"embeddable":true,"href":"https:\/\/buchau.be\/LAS-LAX2019\/wp-json\/wp\/v2\/comments?post=15"}],"version-history":[{"count":2,"href":"https:\/\/buchau.be\/LAS-LAX2019\/wp-json\/wp\/v2\/pages\/15\/revisions"}],"predecessor-version":[{"id":17,"href":"https:\/\/buchau.be\/LAS-LAX2019\/wp-json\/wp\/v2\/pages\/15\/revisions\/17"}],"wp:attachment":[{"href":"https:\/\/buchau.be\/LAS-LAX2019\/wp-json\/wp\/v2\/media?parent=15"}],"curies":[{"name":"wp","href":"https:\/\/api.w.org\/{rel}","templated":true}]}}