{"id":15,"date":"2021-07-06T18:51:17","date_gmt":"2021-07-06T16:51:17","guid":{"rendered":"http:\/\/buchau.be\/NLetDE2021\/?page_id=15"},"modified":"2021-07-21T11:30:28","modified_gmt":"2021-07-21T09:30:28","slug":"backstage","status":"publish","type":"page","link":"https:\/\/buchau.be\/NLetDE2021\/backstage\/","title":{"rendered":"Backstage"},"content":{"rendered":"\r\n<p>Ici, comme d&rsquo;habitude, les coulisses du voyage&#8230;<\/p>\r\n\r\n\r\n\r\n<p><strong>D\u00e9placements<\/strong>: avec <em>Olivia<\/em>, notre nouvelle auto, et <em>Angelo <\/em>&amp; <em>Angela<\/em>, nos deux v\u00e9los \u00e9lectriques.<\/p>\r\n\r\n\r\n\r\n<div class=\"wp-block-image\">\r\n<figure class=\"aligncenter size-large is-resized\"><img loading=\"lazy\" decoding=\"async\" class=\"wp-image-16 aligncenter\" src=\"https:\/\/buchau.be\/NLetDE2021\/wp-content\/uploads\/2021\/07\/Olivia.png\" alt=\"\" width=\"631\" height=\"330\" srcset=\"https:\/\/buchau.be\/NLetDE2021\/wp-content\/uploads\/2021\/07\/Olivia.png 878w, https:\/\/buchau.be\/NLetDE2021\/wp-content\/uploads\/2021\/07\/Olivia-300x157.png 300w, https:\/\/buchau.be\/NLetDE2021\/wp-content\/uploads\/2021\/07\/Olivia-768x401.png 768w, https:\/\/buchau.be\/NLetDE2021\/wp-content\/uploads\/2021\/07\/Olivia-115x60.png 115w\" sizes=\"auto, (max-width: 631px) 100vw, 631px\" \/><\/figure>\r\n<\/div>\r\n\r\n\r\n\r\n<div class=\"wp-block-image\">\r\n<figure class=\"aligncenter size-large is-resized\"><img loading=\"lazy\" decoding=\"async\" class=\"wp-image-17 aligncenter\" src=\"https:\/\/buchau.be\/NLetDE2021\/wp-content\/uploads\/2021\/07\/Angela-792x1024.jpg\" alt=\"\" width=\"527\" height=\"682\" srcset=\"https:\/\/buchau.be\/NLetDE2021\/wp-content\/uploads\/2021\/07\/Angela-792x1024.jpg 792w, https:\/\/buchau.be\/NLetDE2021\/wp-content\/uploads\/2021\/07\/Angela-232x300.jpg 232w, https:\/\/buchau.be\/NLetDE2021\/wp-content\/uploads\/2021\/07\/Angela-768x993.jpg 768w, https:\/\/buchau.be\/NLetDE2021\/wp-content\/uploads\/2021\/07\/Angela-46x60.jpg 46w, https:\/\/buchau.be\/NLetDE2021\/wp-content\/uploads\/2021\/07\/Angela.jpg 1100w\" sizes=\"auto, (max-width: 527px) 100vw, 527px\" \/><\/figure>\r\n<\/div>\r\n\r\n\r\n\r\n<p><strong>H\u00f4tels<\/strong>:<br \/>&#8211; <em>Den Haag<\/em>: chambre executive, <a href=\"https:\/\/www.hilton.com\/en\/hotels\/amshhhi-hilton-the-hague\/\" target=\"_blank\" rel=\"noreferrer noopener\" data-type=\"URL\" data-id=\"https:\/\/www.hilton.com\/en\/hotels\/amshhhi-hilton-the-hague\/\">Hilton The Hague<\/a><br \/>&#8211; <em>Amsterdam<\/em>: suite executive, <a href=\"https:\/\/www.hiltonhotels.com\/fr_FR\/pays-bas\/doubletree-by-hilton-hotel-amsterdam-centraal-station\/\" target=\"_blank\" rel=\"noreferrer noopener\" data-type=\"URL\" data-id=\"https:\/\/www.hiltonhotels.com\/fr_FR\/pays-bas\/doubletree-by-hilton-hotel-amsterdam-centraal-station\/\">Doubletree Amsterdam Centraal Station<\/a><br \/>&#8211; <em>Den Helder<\/em>: suite Crown, <a href=\"https:\/\/thebaroncrown.com\/\" target=\"_blank\" rel=\"noreferrer noopener\" data-type=\"URL\" data-id=\"https:\/\/thebaroncrown.com\/\">The Baron Crown Hotel<\/a><br \/>&#8211; <em>Leeuwaarden<\/em>: Deluxe kamer, <a href=\"https:\/\/www.post-plaza.nl\/en\/index.html\" target=\"_blank\" rel=\"noreferrer noopener\" data-type=\"URL\" data-id=\"https:\/\/www.post-plaza.nl\/en\/index.html\">Post-Plaza Hotel<\/a><br \/>&#8211; <em>Hamburg<\/em>: Extra large king room (avec vue sr <em>Kirchenallee<\/em>) <a href=\"https:\/\/www.reichshof-hotel-hamburg.de\/\" target=\"_blank\" rel=\"noreferrer noopener\" data-type=\"URL\" data-id=\"https:\/\/www.reichshof-hotel-hamburg.de\/\">Curio Reichshof Hamburg<\/a><br \/>&#8211; <em>Berlin<\/em>: <a href=\"https:\/\/www.hiltonhotels.com\/fr_FR\/allemagne\/hilton-berlin\/\" target=\"_blank\" rel=\"noreferrer noopener\" data-type=\"URL\" data-id=\"https:\/\/www.hiltonhotels.com\/fr_FR\/allemagne\/hilton-berlin\/\">Hilton Berlin<\/a><br \/>&#8211; <em>Hannover<\/em>: <a href=\"https:\/\/www.marriott.com\/hotels\/travel\/hajcy-courtyard-hannover-maschsee\/\" target=\"_blank\" rel=\"noreferrer noopener\" data-type=\"URL\" data-id=\"https:\/\/www.marriott.com\/hotels\/travel\/hajcy-courtyard-hannover-maschsee\/\">Courtyard Hannover Machsee<\/a><br \/>&#8211; <em>Soestduinen<\/em>: <a href=\"https:\/\/www.hilton.com\/en\/hotels\/splsodi-doubletree-royal-parc-soestduinen\/\" target=\"_blank\" rel=\"noreferrer noopener\" data-type=\"URL\" data-id=\"https:\/\/www.hilton.com\/en\/hotels\/splsodi-doubletree-royal-parc-soestduinen\/\">Doubletree Soestduinen<\/a><br \/>&#8211; <em>Den Haag<\/em>: chambre executive, <a href=\"https:\/\/www.hilton.com\/en\/hotels\/amshhhi-hilton-the-hague\/\" target=\"_blank\" rel=\"noreferrer noopener\" data-type=\"URL\" data-id=\"https:\/\/www.hilton.com\/en\/hotels\/amshhhi-hilton-the-hague\/\">Hilton The Hague<\/a><\/p>\r\n\r\n\r\n\r\n<p><strong>Divers<\/strong>:<br \/>&#8211; <em>Lonely Planet<\/em>, L&rsquo;essentiel de l&rsquo;Allemagne, Pays-Bas, Berlin et Hambourg en quelques jours<br \/>&#8211; Entr\u00e9e <em>Museum Voorlinden:<\/em>\u00a0 19\u20ac<br \/>&#8211; Entr\u00e9e <em>Stedelijke museum<\/em>, Amsterdam: 20\u20ac<br \/>&#8211; Parking Amsterdam <em>Interparking.nl<\/em>, r\u00e9serv\u00e9 \u00e0 l&rsquo;avance: 15\u20ac\/24h<br \/>&#8211; Parking Leeuwarden 48h pour 18,90\u20ac<br \/>&#8211; Parking Hambourg 27\u20ac pour 24h<\/p>\r\n","protected":false},"excerpt":{"rendered":"<p>Ici, comme d&rsquo;habitude, les coulisses du voyage&#8230; D\u00e9placements: avec Olivia, notre nouvelle auto, et Angelo &amp; Angela, nos deux v\u00e9los \u00e9lectriques. H\u00f4tels:&#8211; Den Haag: chambre executive, Hilton The Hague&#8211; Amsterdam: suite executive, Doubletree Amsterdam Centraal Station&#8211; Den Helder: suite Crown, The Baron Crown Hotel&#8211; Leeuwaarden: Deluxe kamer, Post-Plaza Hotel&#8211; Hamburg: Extra large king room (avec &hellip; <\/p>\n","protected":false},"author":1,"featured_media":0,"parent":0,"menu_order":0,"comment_status":"closed","ping_status":"closed","template":"","meta":{"footnotes":""},"class_list":["post-15","page","type-page","status-publish","hentry","latest_post"],"_links":{"self":[{"href":"https:\/\/buchau.be\/NLetDE2021\/wp-json\/wp\/v2\/pages\/15","targetHints":{"allow":["GET"]}}],"collection":[{"href":"https:\/\/buchau.be\/NLetDE2021\/wp-json\/wp\/v2\/pages"}],"about":[{"href":"https:\/\/buchau.be\/NLetDE2021\/wp-json\/wp\/v2\/types\/page"}],"author":[{"embeddable":true,"href":"https:\/\/buchau.be\/NLetDE2021\/wp-json\/wp\/v2\/users\/1"}],"replies":[{"embeddable":true,"href":"https:\/\/buchau.be\/NLetDE2021\/wp-json\/wp\/v2\/comments?post=15"}],"version-history":[{"count":11,"href":"https:\/\/buchau.be\/NLetDE2021\/wp-json\/wp\/v2\/pages\/15\/revisions"}],"predecessor-version":[{"id":253,"href":"https:\/\/buchau.be\/NLetDE2021\/wp-json\/wp\/v2\/pages\/15\/revisions\/253"}],"wp:attachment":[{"href":"https:\/\/buchau.be\/NLetDE2021\/wp-json\/wp\/v2\/media?parent=15"}],"curies":[{"name":"wp","href":"https:\/\/api.w.org\/{rel}","templated":true}]}}