{"id":2,"date":"2011-01-05T10:44:18","date_gmt":"2011-01-05T10:44:18","guid":{"rendered":"http:\/\/buchau.be\/NewYork2011\/\/?page_id=2"},"modified":"2011-01-05T12:24:18","modified_gmt":"2011-01-05T12:24:18","slug":"about","status":"publish","type":"page","link":"https:\/\/buchau.be\/NewYork2011\/?page_id=2","title":{"rendered":"\u00c0 propos&#8230;"},"content":{"rendered":"<p>Ceci est le blog de voyage de Marie et Beno\u00eet \u00e0 New York City, mars 2011.<\/p>\n<p>Enjoy!<\/p>\n","protected":false},"excerpt":{"rendered":"<p>Ceci est le blog de voyage de Marie et Beno\u00eet \u00e0 New York City, mars 2011. Enjoy!<\/p>\n","protected":false},"author":1,"featured_media":0,"parent":0,"menu_order":0,"comment_status":"closed","ping_status":"closed","template":"","meta":{"footnotes":""},"class_list":["post-2","page","type-page","status-publish","hentry"],"_links":{"self":[{"href":"https:\/\/buchau.be\/NewYork2011\/index.php?rest_route=\/wp\/v2\/pages\/2","targetHints":{"allow":["GET"]}}],"collection":[{"href":"https:\/\/buchau.be\/NewYork2011\/index.php?rest_route=\/wp\/v2\/pages"}],"about":[{"href":"https:\/\/buchau.be\/NewYork2011\/index.php?rest_route=\/wp\/v2\/types\/page"}],"author":[{"embeddable":true,"href":"https:\/\/buchau.be\/NewYork2011\/index.php?rest_route=\/wp\/v2\/users\/1"}],"replies":[{"embeddable":true,"href":"https:\/\/buchau.be\/NewYork2011\/index.php?rest_route=%2Fwp%2Fv2%2Fcomments&post=2"}],"version-history":[{"count":3,"href":"https:\/\/buchau.be\/NewYork2011\/index.php?rest_route=\/wp\/v2\/pages\/2\/revisions"}],"predecessor-version":[{"id":13,"href":"https:\/\/buchau.be\/NewYork2011\/index.php?rest_route=\/wp\/v2\/pages\/2\/revisions\/13"}],"wp:attachment":[{"href":"https:\/\/buchau.be\/NewYork2011\/index.php?rest_route=%2Fwp%2Fv2%2Fmedia&parent=2"}],"curies":[{"name":"wp","href":"https:\/\/api.w.org\/{rel}","templated":true}]}}