{"id":5,"date":"2011-01-05T12:09:30","date_gmt":"2011-01-05T12:09:30","guid":{"rendered":"http:\/\/buchau.be\/NewYork2011\/?page_id=5"},"modified":"2011-03-09T12:38:03","modified_gmt":"2011-03-09T12:38:03","slug":"backstage","status":"publish","type":"page","link":"https:\/\/buchau.be\/NewYork2011\/?page_id=5","title":{"rendered":"Backstage"},"content":{"rendered":"<p>Ici, comme d&rsquo;hab, les aspects pratiques de l&rsquo;organisation du voyage:<\/p>\n<p>&#8211; Tickets d&rsquo;avion (ZYR-CDG-JFK-CDG-ZYR): <a href=\"http:\/\/www.Airfrance.be\" target=\"_blank\">Air France<\/a> (via <a href=\"http:\/\/www.airstop.be\" target=\"_blank\">Airstop<\/a>): 349\u20ac\/pax (\u00ab\u00a0frais de dossier\u00a0\u00bb inclus);<br \/>\n&#8211; Un <a href=\"http:\/\/www.newyorkpass.com\/\" target=\"_blank\">New York Pass<\/a> (7 jours de mus\u00e9es, d&rsquo;attractions et de \u00ab\u00a0croisi\u00e8res\u00a0\u00bb sans devoir faire la file + 3 jours de trajets illimit\u00e9s sur les Hop-on\/Hop-off de <a href=\"http:\/\/www.citysightsny.com\/\" target=\"_blank\">Citysights NY<\/a>): 256 USD\/pers (190 \u20ac);<br \/>\n&#8211; Un <a href=\"https:\/\/esta.cbp.dhs.gov\/esta\/\" target=\"_blank\">\u00ab\u00a0visa \u00e9lectronique\u00a0\u00bb<\/a> obtenu contre 14 USD;<br \/>\n&#8211; L&rsquo;<a href=\"http:\/\/www1.hilton.com\/fr\/hi\/hotel\/NYCGVGV-Hilton-Club-New-York-New-York\/index.do\" target=\"_blank\">h\u00f4tel<\/a> obtenu \u00e0 \u00ab\u00a0very good (but indecent) price\u00a0\u00bb sur le site de l&rsquo;h\u00f4tel avec le programme de fid\u00e9lit\u00e9 HHonors;<br \/>\n&#8211; 2 places pour aller admirer les <a href=\"http:\/\/www.nba.com\/knicks\/\" target=\"_blank\">New York Knicks<\/a> au Madison Square Garden. Achet\u00e9es via le site <a href=\"http:\/\/www.vividseats.com\/\" target=\"_blank\">VividSeats<\/a> (attention, nos cartes de cr\u00e9dit ne sont pas \u00ab\u00a0compatibles\u00a0\u00bb avec le syst\u00e8me [de v\u00e9rification] am\u00e9ricain; il faut envoyer un fax avec copie de CI et de la carte de cr\u00e9dit :-\/). Dont co\u00fbt: 200 USD (150 \u20ac), tous \u00ab\u00a0frais\u00a0\u00bb compris.<br \/>\n&#8211; Une place aux premi\u00e8res corbeilles pour <em>Mary Poppins<\/em>: 86 USD;<br \/>\n&#8211; Soit le m\u00eame prix qu&rsquo;un repas pour deux au resto italien avec le pourboire;<br \/>\n&#8211; Un <em>hot-dog<\/em> (avec ketchup ou moutarde) pris dans la rue: 2 USD;<br \/>\n&#8211; Une <em>Brooklyn lager<\/em>, \u00e0 l&rsquo;h\u00f4tel, 9,50 USD;<br \/>\n&#8211; Une course en taxi de la 54\u00e8me rue vers <em>Madison Square Garden<\/em> (33\u00e8me rue): 8,50 USD;<br \/>\n&#8211; Un sachet de presqu&rsquo;un demi kilo (presque un lb) de M&amp;M&rsquo;s: 8,57 USD;<br \/>\n&#8211; &#8230;<\/p>\n","protected":false},"excerpt":{"rendered":"<p>Ici, comme d&rsquo;hab, les aspects pratiques de l&rsquo;organisation du voyage: &#8211; Tickets d&rsquo;avion (ZYR-CDG-JFK-CDG-ZYR): Air France (via Airstop): 349\u20ac\/pax (\u00ab\u00a0frais de dossier\u00a0\u00bb inclus); &#8211; Un New York Pass (7 jours de mus\u00e9es, d&rsquo;attractions et de \u00ab\u00a0croisi\u00e8res\u00a0\u00bb sans devoir faire la &hellip; <a href=\"https:\/\/buchau.be\/NewYork2011\/?page_id=5\">Continuer la lecture <span class=\"meta-nav\">&rarr;<\/span><\/a><\/p>\n","protected":false},"author":1,"featured_media":0,"parent":0,"menu_order":0,"comment_status":"open","ping_status":"open","template":"","meta":{"footnotes":""},"class_list":["post-5","page","type-page","status-publish","hentry"],"_links":{"self":[{"href":"https:\/\/buchau.be\/NewYork2011\/index.php?rest_route=\/wp\/v2\/pages\/5","targetHints":{"allow":["GET"]}}],"collection":[{"href":"https:\/\/buchau.be\/NewYork2011\/index.php?rest_route=\/wp\/v2\/pages"}],"about":[{"href":"https:\/\/buchau.be\/NewYork2011\/index.php?rest_route=\/wp\/v2\/types\/page"}],"author":[{"embeddable":true,"href":"https:\/\/buchau.be\/NewYork2011\/index.php?rest_route=\/wp\/v2\/users\/1"}],"replies":[{"embeddable":true,"href":"https:\/\/buchau.be\/NewYork2011\/index.php?rest_route=%2Fwp%2Fv2%2Fcomments&post=5"}],"version-history":[{"count":9,"href":"https:\/\/buchau.be\/NewYork2011\/index.php?rest_route=\/wp\/v2\/pages\/5\/revisions"}],"predecessor-version":[{"id":16,"href":"https:\/\/buchau.be\/NewYork2011\/index.php?rest_route=\/wp\/v2\/pages\/5\/revisions\/16"}],"wp:attachment":[{"href":"https:\/\/buchau.be\/NewYork2011\/index.php?rest_route=%2Fwp%2Fv2%2Fmedia&parent=5"}],"curies":[{"name":"wp","href":"https:\/\/api.w.org\/{rel}","templated":true}]}}