{"id":8,"date":"2009-10-24T18:12:46","date_gmt":"2009-10-24T16:12:46","guid":{"rendered":"http:\/\/buchau.be\/Paques2010\/?page_id=8"},"modified":"2010-04-18T14:18:24","modified_gmt":"2010-04-18T12:18:24","slug":"backstage","status":"publish","type":"page","link":"https:\/\/buchau.be\/Paques2010\/?page_id=8","title":{"rendered":"Backstage"},"content":{"rendered":"<p>Ici, comme chaque fois, vous pourrez retrouver les d\u00e9tails de la pr\u00e9paration et les aspects pratico-pratiques concernant les r\u00e9servations, les logements, les transports, les agences, etc.<\/p>\n<p>Les tickets d&rsquo;avions <a href=\"http:\/\/www.flysas.be\" target=\"_blank\">SAS<\/a> ont \u00e9t\u00e9 achet\u00e9s via <a href=\"http:\/\/www.airstop.be\" target=\"_blank\">Airstop<\/a> (\u00e0 la boutique du bld E. Jacquemin \u00e0 Bruxelles); dont cout 1001,5\u20ac\/AR\/personne pour BRU-BKK-RGN-BKK-BRU.<\/p>\n<p>Le programme du voyage, pr\u00e9par\u00e9 par <a href=\"http:\/\/www.whitelotus.fr\/\" target=\"_blank\">White Lotus<\/a>, tel que d\u00e9crit dans la cat\u00e9gorie <em><a href=\"http:\/\/buchau.be\/Paques2010\/?cat=3\" target=\"_self\">Avant le voyage<\/a><\/em>: 3500 USD , soit environ 2600 \u20ac, pour 2 (inclut les vols int\u00e9rieurs, les h\u00f4tels, le guide francophone, le chauffeur et la voiture).<\/p>\n<p>En principe, les h\u00f4tels que nous fr\u00e9quenterons sont les suivants:<br \/>\n&#8211; Yangon: <a href=\"http:\/\/www.kandawgyipalacehotel.com\" target=\"_blank\">Kandawgyi Palace<\/a><br \/>\n&#8211; Rocher d&rsquo;or: <a href=\"http:\/\/www.lodgingmyanmar.com\/kyaikhtiyo\/mountaintop.html\" target=\"_blank\">Mountain Top<\/a><br \/>\n&#8211; Pyay: <a href=\"http:\/\/www.asterism.info\/hotels\/pyay\/mingalar\/\" target=\"_blank\">Mingalar Garden<\/a><br \/>\n&#8211; Bagan:\u00a0<a href=\"http:\/\/www.hoteltharabarbagan.com\" target=\"_blank\"><\/a> <a href=\"http:\/\/www.thiripyitsaya-resort.com\/index.html\" target=\"_blank\">Thiripyitsaya Resort<\/a><br \/>\n&#8211; Mandalay: <a href=\"http:\/\/www.hotelredcanal.com\" target=\"_blank\">Red Canal<\/a><br \/>\n&#8211; Lac Inle: <a href=\"http:\/\/www.inleresort.com\" target=\"_blank\">Inle Resort<\/a><br \/>\n&#8211; Ngapali: <a href=\"http:\/\/www.amataresort.com\" target=\"_blank\">Amata Resort<\/a><\/p>\n<p>Le visa d&rsquo;entr\u00e9e coute 25\u20ac\/pers.<\/p>\n<p>Pr\u00e9voir une centaine d&rsquo;euros pour constituer\/renouveler la pharmacie de voyage.<\/p>\n<p>Au moment de partir, 1 EUR=1,34 USD &gt; 1 USD=0,74 EUR<\/p>\n<p>Une bouteille d\u2019eau\u00a0: 400 \u00e0 500 MMK<\/p>\n<p>Un repas pour deux qu\u2019on en ressort over-verboefd\u00a0:\u00a0 de 8000 MMK \u00e0 30 USD<\/p>\n<p>L\u2019entr\u00e9e \u00e0 la pagode de Bago : 2 USD et 600 MMK pour l\u2019appareil photo<\/p>\n<p>L\u2019entr\u00e9e au Rocher d\u2019Or\u00a0: 6 USD + 2 USD pour l\u2019appareil photo<\/p>\n<p>L&rsquo;entr\u00e9e \u00e0 la pagode Shwedagon: 10 USD\/pers<\/p>\n<p>Une bi\u00e8re Myanmar Beer (64cl)\u00a0: entre 2 et 5 USD<\/p>\n<p>Il semble \u00ab\u00a0de bon ton\u00a0\u00bb de laisser un pourboire de 500 MMK \u00e0 1000 MMK (ou 1 USD) pour le service au resto. De m\u00eame, pour un chauffeur, 3 USD\/jour semblent corrects.<\/p>\n<p>20 cartes postales pour 2 \u00e0 4 USD; un timbre pour l&rsquo;Europe: 50 MMK (soit 0,05\u20ac!)<\/p>\n","protected":false},"excerpt":{"rendered":"<p>Ici, comme chaque fois, vous pourrez retrouver les d\u00e9tails de la pr\u00e9paration et les aspects pratico-pratiques concernant les r\u00e9servations, les logements, les transports, les agences, etc. Les tickets d&rsquo;avions SAS ont \u00e9t\u00e9 achet\u00e9s via Airstop (\u00e0 la boutique du bld E. Jacquemin \u00e0 Bruxelles); dont cout 1001,5\u20ac\/AR\/personne pour BRU-BKK-RGN-BKK-BRU. Le programme du voyage, pr\u00e9par\u00e9 par [&hellip;]<\/p>\n","protected":false},"author":1,"featured_media":0,"parent":0,"menu_order":0,"comment_status":"open","ping_status":"open","template":"","meta":{"footnotes":""},"class_list":["post-8","page","type-page","status-publish","hentry"],"_links":{"self":[{"href":"https:\/\/buchau.be\/Paques2010\/index.php?rest_route=\/wp\/v2\/pages\/8","targetHints":{"allow":["GET"]}}],"collection":[{"href":"https:\/\/buchau.be\/Paques2010\/index.php?rest_route=\/wp\/v2\/pages"}],"about":[{"href":"https:\/\/buchau.be\/Paques2010\/index.php?rest_route=\/wp\/v2\/types\/page"}],"author":[{"embeddable":true,"href":"https:\/\/buchau.be\/Paques2010\/index.php?rest_route=\/wp\/v2\/users\/1"}],"replies":[{"embeddable":true,"href":"https:\/\/buchau.be\/Paques2010\/index.php?rest_route=%2Fwp%2Fv2%2Fcomments&post=8"}],"version-history":[{"count":16,"href":"https:\/\/buchau.be\/Paques2010\/index.php?rest_route=\/wp\/v2\/pages\/8\/revisions"}],"predecessor-version":[{"id":10,"href":"https:\/\/buchau.be\/Paques2010\/index.php?rest_route=\/wp\/v2\/pages\/8\/revisions\/10"}],"wp:attachment":[{"href":"https:\/\/buchau.be\/Paques2010\/index.php?rest_route=%2Fwp%2Fv2%2Fmedia&parent=8"}],"curies":[{"name":"wp","href":"https:\/\/api.w.org\/{rel}","templated":true}]}}