{"id":7,"date":"2023-02-17T19:14:56","date_gmt":"2023-02-17T18:14:56","guid":{"rendered":"https:\/\/buchau.be\/Rome-Florence2023\/?page_id=7"},"modified":"2023-03-04T16:41:31","modified_gmt":"2023-03-04T15:41:31","slug":"backstage","status":"publish","type":"page","link":"https:\/\/buchau.be\/Rome-Florence2023\/backstage\/","title":{"rendered":"Backstage"},"content":{"rendered":"<p>Ici, comme d&rsquo;habitude, les infos pratico-pratiques concernant l&rsquo;organisation et les r\u00e9servations.<\/p>\n<p><strong>Vols<\/strong>:<br \/>\n&#8211; <a href=\"https:\/\/www.brusselsairlines.com\/be\/fr\/homepage\" target=\"_blank\" rel=\"noopener\"><strong><em>Brussels Airlines<\/em><\/strong><\/a>, en <em>Economy<\/em>, 158\u20ac\/pers (choix des places &amp; bagages en soute inclus), achet\u00e9s 4 mois avant le voyage<\/p>\n<p>&nbsp;<\/p>\n<p><img loading=\"lazy\" decoding=\"async\" class=\"aligncenter size-medium wp-image-31\" src=\"https:\/\/buchau.be\/Rome-Florence2023\/wp-content\/uploads\/2023\/02\/BruAir-300x169.jpg\" alt=\"\" width=\"300\" height=\"169\" srcset=\"https:\/\/buchau.be\/Rome-Florence2023\/wp-content\/uploads\/2023\/02\/BruAir-300x169.jpg 300w, https:\/\/buchau.be\/Rome-Florence2023\/wp-content\/uploads\/2023\/02\/BruAir-768x432.jpg 768w, https:\/\/buchau.be\/Rome-Florence2023\/wp-content\/uploads\/2023\/02\/BruAir.jpg 1024w\" sizes=\"auto, (max-width: 300px) 100vw, 300px\" \/><\/p>\n<p>&nbsp;<\/p>\n<p><strong>Auto<\/strong>:<br \/>\n&#8211; <a href=\"http:\/\/avis.be\" target=\"_blank\" rel=\"noopener\"><em><strong>Avis<\/strong><\/em><\/a>, 206\u20ac pour 7 jours, soit 30\u20ac\/jour pour une voiture moyenne<\/p>\n<p><img loading=\"lazy\" decoding=\"async\" class=\"aligncenter size-full wp-image-200\" src=\"https:\/\/buchau.be\/Rome-Florence2023\/wp-content\/uploads\/2023\/02\/Tai.jpg\" alt=\"\" width=\"360\" height=\"240\" srcset=\"https:\/\/buchau.be\/Rome-Florence2023\/wp-content\/uploads\/2023\/02\/Tai.jpg 360w, https:\/\/buchau.be\/Rome-Florence2023\/wp-content\/uploads\/2023\/02\/Tai-300x200.jpg 300w, https:\/\/buchau.be\/Rome-Florence2023\/wp-content\/uploads\/2023\/02\/Tai-330x220.jpg 330w\" sizes=\"auto, (max-width: 360px) 100vw, 360px\" \/><\/p>\n<p>&nbsp;<\/p>\n<p>&nbsp;<\/p>\n<p><strong>Hotels<\/strong>:<br \/>\n&#8211; <a href=\"https:\/\/www.hilton.com\/en\/hotels\/romrcgi-hilton-garden-inn-rome-claridge\/\" target=\"_blank\" rel=\"noopener\"><em><strong>Hilton Garden Inn Claridge<\/strong><\/em><\/a>, King room, 153\u20ac\/nuit + 25\u20ac parking<br \/>\n&#8211; <a href=\"https:\/\/www.hilton.com\/en\/hotels\/flrhfhi-hilton-florence-metropole\/\" target=\"_blank\" rel=\"noopener\"><em><strong>Hilton Florence Metropole<\/strong><\/em><\/a>, King room, 110\u20ac\/nuit + 10\u20ac parking<br \/>\n&#8211; <a href=\"https:\/\/www.ihg.com\/voco\/hotels\/gb\/en\/den-haag\/hagdh\/hoteldetail\" target=\"_blank\" rel=\"noopener\"><em><strong>Voco Den Haag<\/strong><\/em><\/a>, King room, 21000 points\/nuit (env.105\u20ac) + 22.5\u20ac parking (<a href=\"https:\/\/www.interparking.nl\/en\/find-parking\/Museumkwartier\/\" target=\"_blank\" rel=\"noopener\"><em><strong>Interpaking Museumkwartier<\/strong><\/em><\/a>)<\/p>\n<div data-carousel-extra='{\"blog_id\":1,\"permalink\":\"https:\\\/\\\/buchau.be\\\/Rome-Florence2023\\\/backstage\\\/\"}' class=\"tiled-gallery type-rectangular\" data-original-width=\"900\"><div class=\"gallery-row\" style=\"width: 895px; height: 365px;\"><div class=\"gallery-group images-1\" style=\"width: 580px; height: 369px;\"><div class=\"tiled-gallery-item tiled-gallery-item-large\"><a href=\"https:\/\/buchau.be\/Rome-Florence2023\/wp-content\/uploads\/2023\/02\/HilRom.jpeg\"><img loading=\"lazy\" decoding=\"async\" data-attachment-id=\"34\" data-orig-file=\"https:\/\/buchau.be\/Rome-Florence2023\/wp-content\/uploads\/2023\/02\/HilRom.jpeg\" data-orig-size=\"474,300\" data-comments-opened=\"1\" data-image-meta=\"{&quot;aperture&quot;:&quot;0&quot;,&quot;credit&quot;:&quot;&quot;,&quot;camera&quot;:&quot;&quot;,&quot;caption&quot;:&quot;&quot;,&quot;created_timestamp&quot;:&quot;0&quot;,&quot;copyright&quot;:&quot;&quot;,&quot;focal_length&quot;:&quot;0&quot;,&quot;iso&quot;:&quot;0&quot;,&quot;shutter_speed&quot;:&quot;0&quot;,&quot;title&quot;:&quot;&quot;,&quot;orientation&quot;:&quot;0&quot;}\" data-image-title=\"HilRom\" data-image-description=\"\" data-medium-file=\"https:\/\/buchau.be\/Rome-Florence2023\/wp-content\/uploads\/2023\/02\/HilRom-300x190.jpeg\" data-large-file=\"https:\/\/buchau.be\/Rome-Florence2023\/wp-content\/uploads\/2023\/02\/HilRom.jpeg\" src=\"https:\/\/buchau.be\/Rome-Florence2023\/wp-content\/uploads\/2023\/02\/HilRom.jpeg\" width=\"576\" height=\"365\" align=\"left\" title=\"HilRom\" \/><\/a><\/div><\/div><div class=\"gallery-group images-2\" style=\"width: 315px; height: 369px;\"><div class=\"tiled-gallery-item tiled-gallery-item-large\"><a href=\"https:\/\/buchau.be\/Rome-Florence2023\/wp-content\/uploads\/2023\/02\/HilFlo.jpg\"><img loading=\"lazy\" decoding=\"async\" data-attachment-id=\"33\" data-orig-file=\"https:\/\/buchau.be\/Rome-Florence2023\/wp-content\/uploads\/2023\/02\/HilFlo.jpg\" data-orig-size=\"1023,682\" data-comments-opened=\"1\" data-image-meta=\"{&quot;aperture&quot;:&quot;0&quot;,&quot;credit&quot;:&quot;&quot;,&quot;camera&quot;:&quot;&quot;,&quot;caption&quot;:&quot;&quot;,&quot;created_timestamp&quot;:&quot;0&quot;,&quot;copyright&quot;:&quot;&quot;,&quot;focal_length&quot;:&quot;0&quot;,&quot;iso&quot;:&quot;0&quot;,&quot;shutter_speed&quot;:&quot;0&quot;,&quot;title&quot;:&quot;&quot;,&quot;orientation&quot;:&quot;0&quot;}\" data-image-title=\"HilFlo\" data-image-description=\"\" data-medium-file=\"https:\/\/buchau.be\/Rome-Florence2023\/wp-content\/uploads\/2023\/02\/HilFlo-300x200.jpg\" data-large-file=\"https:\/\/buchau.be\/Rome-Florence2023\/wp-content\/uploads\/2023\/02\/HilFlo.jpg\" src=\"https:\/\/buchau.be\/Rome-Florence2023\/wp-content\/uploads\/2023\/02\/HilFlo.jpg\" width=\"311\" height=\"207\" align=\"left\" title=\"HilFlo\" \/><\/a><\/div><div class=\"tiled-gallery-item tiled-gallery-item-large\"><a href=\"https:\/\/buchau.be\/Rome-Florence2023\/wp-content\/uploads\/2023\/03\/hotDH.jpeg\"><img loading=\"lazy\" decoding=\"async\" data-attachment-id=\"260\" data-orig-file=\"https:\/\/buchau.be\/Rome-Florence2023\/wp-content\/uploads\/2023\/03\/hotDH.jpeg\" data-orig-size=\"1000,494\" data-comments-opened=\"1\" data-image-meta=\"{&quot;aperture&quot;:&quot;0&quot;,&quot;credit&quot;:&quot;&quot;,&quot;camera&quot;:&quot;&quot;,&quot;caption&quot;:&quot;&quot;,&quot;created_timestamp&quot;:&quot;0&quot;,&quot;copyright&quot;:&quot;&quot;,&quot;focal_length&quot;:&quot;0&quot;,&quot;iso&quot;:&quot;0&quot;,&quot;shutter_speed&quot;:&quot;0&quot;,&quot;title&quot;:&quot;&quot;,&quot;orientation&quot;:&quot;0&quot;}\" data-image-title=\"hotDH\" data-image-description=\"\" data-medium-file=\"https:\/\/buchau.be\/Rome-Florence2023\/wp-content\/uploads\/2023\/03\/hotDH-300x148.jpeg\" data-large-file=\"https:\/\/buchau.be\/Rome-Florence2023\/wp-content\/uploads\/2023\/03\/hotDH.jpeg\" src=\"https:\/\/buchau.be\/Rome-Florence2023\/wp-content\/uploads\/2023\/03\/hotDH.jpeg\" width=\"311\" height=\"154\" align=\"left\" title=\"hotDH\" \/><\/a><\/div><\/div><\/div><\/div>\n<p>&nbsp;<\/p>\n<p>On a chaque fois re\u00e7u un surclassement, le petit-d\u00e9jeuner &amp; Internet, gr\u00e2ce aux programmes de fid\u00e9lit\u00e9.<\/p>\n<p>&nbsp;<\/p>\n<p><strong>Divers:<\/strong><br \/>\n&#8211; on emporte notre badge autoroute <a href=\"https:\/\/www.fulli.com\/offres-telepeage\" target=\"_blank\" rel=\"noopener\"><em><strong>Fulli<\/strong> <\/em><\/a>pour les p\u00e9ages italiens<br \/>\n&#8211; un (bon et <em>fancy<\/em>) resto pour 2: env. 80\u20ac<br \/>\n&#8211; les entr\u00e9es au mus\u00e9e : 10 \u00e0 12\u20ac<br \/>\n&#8211; 1 litre d&rsquo;essence sans plomb 95 en Italie: env. 1,8\u20ac<br \/>\n&#8211; un tiramisu : entre 5,5 et 9\u20ac<br \/>\n&#8211; 1kg CNG en NL : 2.179\u20ac<br \/>\n&#8211; un repas 3 services chez <strong><em>Set Restaurant<\/em><\/strong><em>,<\/em> \u00e0 Den Haag : 80\u20ac pour deux<\/p>\n","protected":false},"excerpt":{"rendered":"<p>Ici, comme d&rsquo;habitude, les infos pratico-pratiques concernant l&rsquo;organisation et les r\u00e9servations. Vols: &#8211; Brussels Airlines, en Economy, 158\u20ac\/pers (choix des places &amp; bagages en soute inclus), achet\u00e9s 4 mois avant le voyage &nbsp; &nbsp; Auto: &#8211; Avis, 206\u20ac pour 7 jours, soit 30\u20ac\/jour pour une voiture moyenne &nbsp; &nbsp; Hotels: &#8211; Hilton Garden Inn Claridge, [&hellip;]<\/p>\n","protected":false},"author":1,"featured_media":36,"parent":0,"menu_order":0,"comment_status":"closed","ping_status":"closed","template":"","meta":{"footnotes":""},"class_list":["post-7","page","type-page","status-publish","has-post-thumbnail","hentry"],"_links":{"self":[{"href":"https:\/\/buchau.be\/Rome-Florence2023\/wp-json\/wp\/v2\/pages\/7","targetHints":{"allow":["GET"]}}],"collection":[{"href":"https:\/\/buchau.be\/Rome-Florence2023\/wp-json\/wp\/v2\/pages"}],"about":[{"href":"https:\/\/buchau.be\/Rome-Florence2023\/wp-json\/wp\/v2\/types\/page"}],"author":[{"embeddable":true,"href":"https:\/\/buchau.be\/Rome-Florence2023\/wp-json\/wp\/v2\/users\/1"}],"replies":[{"embeddable":true,"href":"https:\/\/buchau.be\/Rome-Florence2023\/wp-json\/wp\/v2\/comments?post=7"}],"version-history":[{"count":9,"href":"https:\/\/buchau.be\/Rome-Florence2023\/wp-json\/wp\/v2\/pages\/7\/revisions"}],"predecessor-version":[{"id":261,"href":"https:\/\/buchau.be\/Rome-Florence2023\/wp-json\/wp\/v2\/pages\/7\/revisions\/261"}],"wp:featuredmedia":[{"embeddable":true,"href":"https:\/\/buchau.be\/Rome-Florence2023\/wp-json\/wp\/v2\/media\/36"}],"wp:attachment":[{"href":"https:\/\/buchau.be\/Rome-Florence2023\/wp-json\/wp\/v2\/media?parent=7"}],"curies":[{"name":"wp","href":"https:\/\/api.w.org\/{rel}","templated":true}]}}