{"id":2,"date":"2017-12-01T15:39:10","date_gmt":"2017-12-01T14:39:10","guid":{"rendered":"http:\/\/buchau.be\/USA-Cuba2018\/?page_id=2"},"modified":"2018-08-03T11:56:49","modified_gmt":"2018-08-03T09:56:49","slug":"backstage","status":"publish","type":"page","link":"https:\/\/buchau.be\/USA-Cuba2018\/?page_id=2","title":{"rendered":"Backstage"},"content":{"rendered":"<p>Ici, comme d\u2019habitude, les aspects pratico-pratiques du voyage:<\/p>\n<p>Au moment des premi\u00e8res r\u00e9servations, 1EUR=1.24USD \ud83d\ude42<br \/>\nAu moment du voyage, 1EUR=1.16USD \ud83d\ude41<br \/>\nEt 1 EUR=1.12CUC<\/p>\n<p><strong>Vols internationaux<\/strong>:<\/p>\n<p>ZYR&gt;JFK (<em>Bruxelles-Midi<\/em> &gt; <em>New York<\/em>) \/ MIA&gt;ZYR (<em>Miami<\/em> &gt; <em>Bruxelles-Midi<\/em>) avec <a href=\"http:\/\/www.airfrance.be\"><em>Air France<\/em><\/a> (comme d\u2019hab &#x1f609; ) au prix de 676\u20ac\/pers, plus les frais (choix des <em>Si\u00e8ges Duo<\/em> [54\u20ac, A\/R] et frais paiement par carte de cr\u00e9dit [15\u20ac]) soit 745\u20ac\/pers au total. [NDLA, au moment de l\u2019achat: ce n\u2019est pas un excellent prix mais c&rsquo;est un prix -qui me semble- correct en tenant compte des horaires, du point de d\u00e9part et d&rsquo;arriv\u00e9e (<em>Gare du Midi<\/em>) et du service <em>AF<\/em>]. De plus, cela fait maintenant plusieurs mois que je ronge mon frein et que j\u2019attends de pouvoir \u00ab\u00a0remplir\u00a0\u00bb le voyage (h\u00f4tels, voiture, train, etc.)]<\/p>\n<p><strong>Vols \u00ab\u00a0internes\u00a0\u00bb<\/strong>:<\/p>\n<p>&#8211; DCA (<em>Washington Ronald Reagan<\/em>) &gt; HAV (<em>La Havane<\/em>), avec <a href=\"http:\/\/www.southwest.com\"><em>Southwest<\/em><\/a>, 179USD(env.154\u20ac)\/pers, option Earlybird* comprise.<br \/>\n&#8211; HAV &gt; FLL (<em>Fort Lauderdale<\/em>), avec <a href=\"http:\/\/www.southwest.com\"><em>Southwest<\/em><\/a>, 120USD(env.103\u20ac)\/pers, option Earlybird* comprise.<br \/>\n*option permettant de choisir plus t\u00f4t son si\u00e8ge et d&#8217;embarquer parmi les premiers dans l&rsquo;avion<\/p>\n<p><strong>Train<\/strong>:<\/p>\n<p>&#8211; New York &gt; Washington: <a href=\"https:\/\/francais.amtrak.com\/home.html\"><em>Amtrak<\/em><\/a>, 49USD(env.43\u20ac)\/pers<\/p>\n<p><strong>Voiture de location:<\/strong><\/p>\n<p>&#8211; <em><a href=\"https:\/\/www.avis.be\/fr\/\">Avis<\/a><\/em>, Voiture cat. C (p.ex. <a href=\"https:\/\/picolio.auto123.com\/17photo\/chevrolet\/2017-chevrolet-cruze-lt_3.png\" target=\"_blank\" rel=\"noopener\"><em>Chevrolet Cruze<\/em><\/a>) : 247\u20ac pour 10 jours de location (soit 25\u20ac\/jour)<\/p>\n<p><strong>H\u00f4tels<\/strong>:<\/p>\n<p>&#8211; <strong>New York<\/strong>: <a href=\"http:\/\/www3.hilton.com\/en\/hotels\/new-york\/millennium-hilton-new-york-one-un-plaza-NYCUPHH\/index.html\"><em>Millennium Hilton New York One UN Plaza<\/em><\/a>, 0\u20ac+36000points HHonors\/nuit*<br \/>\n&#8211; <strong>Washington<\/strong>: <a href=\"http:\/\/www3.hilton.com\/en\/hotels\/district-of-columbia\/capital-hilton-DCASHHH\/index.html\"><em>Capital Hilton<\/em><\/a>, $143(122\u20ac)\/nuit*<br \/>\n&#8211; <strong>La Havane<\/strong>: <a href=\"https:\/\/fr.airbnb.be\/rooms\/10705029\"><em>Appart via AirBNB<\/em><\/a>, 133\u20ac\/nuit*<br \/>\n&#8211; <strong>Coconut Grove \/ Miami<\/strong> (proche <em>Everglades<\/em>): <a href=\"http:\/\/www.hamptoninncoconutgrove.com\/\"><em>Hampton Inn Miami\/Coconut Grove<\/em><\/a>, $122(105\u20ac)\/nuit* (on ira prendre le petit d\u00e9j au <a href=\"http:\/\/www.lepainquotidien.be\/finder\/locations\/?lat=25.7616798&amp;lng=-80.19179020000001&amp;location=Miami%2C+Floride%2C+%C3%89tats-Unis\"><em>Pain Quotidien<\/em><\/a>, tout proche)<br \/>\n&#8211; <strong>Key West<\/strong>: <a href=\"http:\/\/doubletree3.hilton.com\/en\/hotels\/florida\/doubletree-resort-by-hilton-hotel-grand-key-key-west-EYWDTDT\/index.html\"><em>Doubletree Grand Key &#8211; Key West<\/em><\/a>, $219(190\u20ac)\/nuit*<br \/>\n&#8211; <strong>Naples<\/strong>: <a href=\"http:\/\/www3.hilton.com\/en\/hotels\/florida\/hilton-naples-APFNHHF\/index.html\"><em>Hilton Naples<\/em><\/a>, $136(112\u20ac)\/nuit*<br \/>\n&#8211; <strong>Tampa<\/strong>: <a href=\"http:\/\/doubletree3.hilton.com\/en\/hotels\/florida\/doubletree-beach-resort-by-hilton-hotel-tampa-bay-north-redington-beach-NORNHDT\/index.html\"><em>DoubleTree Beach Resort by Hilton Hotel Tampa Bay &#8211; North Redington Beach<\/em><\/a>, $192(156\u20ac)\/nuit*<br \/>\n&#8211; <strong>Cape Canaveral<\/strong>: <a href=\"http:\/\/www3.hilton.com\/en\/hotels\/florida\/hilton-cocoa-beach-oceanfront-CCBCHHF\/index.html\"><em>Hilton Cocoa Beach Oceanfront<\/em><\/a>, 0\u20ac+40000points HHonors\/nuit*<br \/>\n&#8211; <strong>Miami<\/strong>: <a href=\"http:\/\/www3.hilton.com\/en\/hotels\/florida\/hilton-miami-airport-blue-lagoon-MIAAHHH\/index.html\"><em>Hilton Miami Airport Blue Lagoon<\/em><\/a>, $144(124\u20ac)\/nuit<br \/>\n* avec un surclassement, Internet et petit d\u00e9jeuner inclus, gr\u00e2ce \u00e0 <a href=\"http:\/\/hhonors3.hilton.com\/fr_FR\/index.html\"><em>HiltonHonors<\/em><\/a>.<\/p>\n<p><strong>Autres<\/strong>:<\/p>\n<p>&#8211; Guides papier: LP Cuba, LP Washington, LP New York, LP Floride<br \/>\n&#8211; Carte SIM: on a encore du cr\u00e9dit sur la carte SIM achet\u00e9e pour le voyage pr\u00e9c\u00e9dent<br \/>\n&#8211; Visa Cuba: obligatoirement achet\u00e9 par l&rsquo;interm\u00e9diaire de la compagnie a\u00e9rienne qui nous transporte: $50(43\u20ac)<br \/>\n&#8211; GPS: carte USA m\u00e0j r\u00e9cemment \ud83d\ude09<\/p>\n<p><strong>D\u00e9penses courantes:<\/strong><\/p>\n<p>&#8211; Mus\u00e9es \u00e0 NYC &amp; Miami: 10 \u00e0 $25<br \/>\n&#8211; Mus\u00e9es \u00e0 Washington: $0<br \/>\n&#8211; Resto: entre 30 et $80<br \/>\n&#8211; Une bi\u00e8re au bar ou au resto: 5 \u00e0 $10<br \/>\n&#8211; Un trajet en bus ou m\u00e9tro \u00e0 NYC: $2,75<br \/>\n&#8211; Un taxi \u00e0 Cuba: entre 5 et 30CUC<br \/>\n&#8211; Un mojito: 3,50CUC<br \/>\n&#8211; Un repas entre 10 et 40CUC<br \/>\n&#8211; Un petit d\u00e9j: 7CUC<br \/>\n&#8211; Un gallon d&rsquo;essence: $2,79<br \/>\n&#8211; Un jeans Levi&rsquo;s $39 \u00e0 $49<br \/>\n&#8211; Une heure de parcm\u00e8tre \u00e0 Miami: $1,50 \u00e0 $6, selon l&#8217;emplacement<\/p>\n","protected":false},"excerpt":{"rendered":"<p>Ici, comme d\u2019habitude, les aspects pratico-pratiques du voyage: Au moment des premi\u00e8res r\u00e9servations, 1EUR=1.24USD \ud83d\ude42 Au moment du voyage, 1EUR=1.16USD \ud83d\ude41 Et 1 EUR=1.12CUC Vols internationaux: ZYR&gt;JFK (Bruxelles-Midi &gt; New York) \/ MIA&gt;ZYR (Miami &gt; Bruxelles-Midi) avec Air France (comme d\u2019hab &#x1f609; ) au prix de 676\u20ac\/pers, plus les frais (choix des Si\u00e8ges Duo [54\u20ac,&hellip;<\/p>\n","protected":false},"author":1,"featured_media":42,"parent":0,"menu_order":0,"comment_status":"closed","ping_status":"open","template":"","meta":{"footnotes":""},"class_list":["post-2","page","type-page","status-publish","has-post-thumbnail","hentry"],"_links":{"self":[{"href":"https:\/\/buchau.be\/USA-Cuba2018\/index.php?rest_route=\/wp\/v2\/pages\/2","targetHints":{"allow":["GET"]}}],"collection":[{"href":"https:\/\/buchau.be\/USA-Cuba2018\/index.php?rest_route=\/wp\/v2\/pages"}],"about":[{"href":"https:\/\/buchau.be\/USA-Cuba2018\/index.php?rest_route=\/wp\/v2\/types\/page"}],"author":[{"embeddable":true,"href":"https:\/\/buchau.be\/USA-Cuba2018\/index.php?rest_route=\/wp\/v2\/users\/1"}],"replies":[{"embeddable":true,"href":"https:\/\/buchau.be\/USA-Cuba2018\/index.php?rest_route=%2Fwp%2Fv2%2Fcomments&post=2"}],"version-history":[{"count":10,"href":"https:\/\/buchau.be\/USA-Cuba2018\/index.php?rest_route=\/wp\/v2\/pages\/2\/revisions"}],"predecessor-version":[{"id":620,"href":"https:\/\/buchau.be\/USA-Cuba2018\/index.php?rest_route=\/wp\/v2\/pages\/2\/revisions\/620"}],"wp:featuredmedia":[{"embeddable":true,"href":"https:\/\/buchau.be\/USA-Cuba2018\/index.php?rest_route=\/wp\/v2\/media\/42"}],"wp:attachment":[{"href":"https:\/\/buchau.be\/USA-Cuba2018\/index.php?rest_route=%2Fwp%2Fv2%2Fmedia&parent=2"}],"curies":[{"name":"wp","href":"https:\/\/api.w.org\/{rel}","templated":true}]}}