{"id":10,"date":"2019-10-17T14:46:38","date_gmt":"2019-10-17T12:46:38","guid":{"rendered":"http:\/\/buchau.be\/USAWC-EC2020\/?page_id=10"},"modified":"2022-04-02T21:26:24","modified_gmt":"2022-04-02T19:26:24","slug":"a-propos","status":"publish","type":"page","link":"https:\/\/buchau.be\/USAWC-EC2020\/a-propos\/","title":{"rendered":"A propos"},"content":{"rendered":"<p>Voyage de Marie et Benoit d&rsquo;une c\u00f4te \u00e0 l&rsquo;autre: il devait avoir lieu durant l&rsquo;\u00e9t\u00e9 2020, en passant par <em>Long Beach, Palm Springs, Oceanside, Los Angeles, Boston, Portland, Bangor, Hyannis<\/em>, etc.<\/p>\n<p>C&rsquo;est plut\u00f4t <em>Calabasas, Santa Monica, Palm Springs, Oceanside, Marina del Rey<\/em> et <em>New York City<\/em> qui auront \u00e9t\u00e9 nos diff\u00e9rents points de chute pour d\u00e9couvrir <em>LA, Palm Springs <\/em>et <em>NYC, au printemps 2022&#8230;<\/em><\/p>\n","protected":false},"excerpt":{"rendered":"<p>Voyage de Marie et Benoit d&rsquo;une c\u00f4te \u00e0 l&rsquo;autre: il devait avoir lieu durant l&rsquo;\u00e9t\u00e9 2020, en passant par Long Beach, Palm Springs, Oceanside, Los Angeles, Boston, Portland, Bangor, Hyannis, etc. C&rsquo;est plut\u00f4t Calabasas, Santa Monica, Palm Springs, Oceanside, Marina del Rey et New York City qui auront \u00e9t\u00e9 nos diff\u00e9rents points de chute pour [&hellip;]<\/p>\n","protected":false},"author":1,"featured_media":0,"parent":0,"menu_order":0,"comment_status":"closed","ping_status":"closed","template":"","meta":{"footnotes":""},"class_list":["post-10","page","type-page","status-publish","hentry"],"_links":{"self":[{"href":"https:\/\/buchau.be\/USAWC-EC2020\/wp-json\/wp\/v2\/pages\/10","targetHints":{"allow":["GET"]}}],"collection":[{"href":"https:\/\/buchau.be\/USAWC-EC2020\/wp-json\/wp\/v2\/pages"}],"about":[{"href":"https:\/\/buchau.be\/USAWC-EC2020\/wp-json\/wp\/v2\/types\/page"}],"author":[{"embeddable":true,"href":"https:\/\/buchau.be\/USAWC-EC2020\/wp-json\/wp\/v2\/users\/1"}],"replies":[{"embeddable":true,"href":"https:\/\/buchau.be\/USAWC-EC2020\/wp-json\/wp\/v2\/comments?post=10"}],"version-history":[{"count":3,"href":"https:\/\/buchau.be\/USAWC-EC2020\/wp-json\/wp\/v2\/pages\/10\/revisions"}],"predecessor-version":[{"id":59,"href":"https:\/\/buchau.be\/USAWC-EC2020\/wp-json\/wp\/v2\/pages\/10\/revisions\/59"}],"wp:attachment":[{"href":"https:\/\/buchau.be\/USAWC-EC2020\/wp-json\/wp\/v2\/media?parent=10"}],"curies":[{"name":"wp","href":"https:\/\/api.w.org\/{rel}","templated":true}]}}