{"id":10,"date":"2011-11-30T10:14:23","date_gmt":"2011-11-30T09:14:23","guid":{"rendered":"http:\/\/buchau.be\/asie2012\/?page_id=10"},"modified":"2012-04-12T16:14:34","modified_gmt":"2012-04-12T14:14:34","slug":"backstage","status":"publish","type":"page","link":"https:\/\/buchau.be\/asie2012\/?page_id=10","title":{"rendered":"Backstage"},"content":{"rendered":"<p>Ici, comme d&rsquo;habitude, vous trouverez toutes les infos pratico-pratiques concernant l&rsquo;organisation de ce voyage&#8230;<\/p>\n<p>Billets d&rsquo;avion ZYR-CDG-HKG-CDG-ZYR achet\u00e9 sur <a href=\"http:\/\/www.airfrance.be\" target=\"_blank\">www.airfrance.be<\/a> au prix de 1032\u20ac\/pers. Il ne faut pas de visas pour ce voyage; ni le <em>Japon<\/em> ni <em>Hong Kong<\/em> n&rsquo;en demandent aux ressortissants belges. Par contre, il nous a fallu des nouveaux passeports (les actuels ont expir\u00e9 en janvier)&#8230; dont co\u00fbt: 91\u20ac\/passeport (2 photos, pr\u00eats en 2 semaines, valables 5 ans), \u00e0 Anderlecht.<\/p>\n<p>Pour se rendre de HKG \u00e0 NRT (et retour), on a choisi un vol <a href=\"http:\/\/www.delta.com\" target=\"_blank\">Delta Airlines<\/a>: 4457 HKD\/pers (env. 430\u20ac)<\/p>\n<p>Pour les 7 premiers jours de train au Japon, on a repris un <a href=\"http:\/\/www.japanrailpass.net\/fr\/fr001.html\" target=\"_blank\"><em>Japan Rail Pass<\/em><\/a>. Dont co\u00fbt: 279\u20ac\/pers pour un libre parcours sur les lignes JR durant une semaine. Pour info, les m\u00eames trajets effectu\u00e9s et pay\u00e9s \u00ab\u00a0\u00e0 la pi\u00e8ce\u00a0\u00bb auraient cout\u00e9 un peu moins de 40000JPY, soit environ 366\u20ac.<\/p>\n<p>Les h\u00f4tels sont \u00e0 pr\u00e9sent r\u00e9serv\u00e9s, eux aussi:<br \/>\n&#8211; <a href=\"http:\/\/www.novotel.com\/gb\/hotel-6239-novotel-hong-kong-citygate\/index.shtml\" target=\"_blank\">Novotel <strong>Hong Kong<\/strong> Citygate<\/a>, chambre executive Premier Floor, queen size bed, pt d\u00e9j. et transfert A\/R a\u00e9roport inclus: 1980 HKD (env. 190\u20ac);<br \/>\n&#8211; <a href=\"http:\/\/www.ichotelsgroup.com\/crowneplaza\/hotels\/us\/en\/kobe\/osakb\/hoteldetail\" target=\"_blank\">Crowne Plaza <strong>Kobe<\/strong><\/a>, chambre standard queen avec pt d\u00e9j. 16850 JPY (160\u20ac);<br \/>\n&#8211; <a href=\"http:\/\/www.princehotels.com\/en\/the_prince_hakone\/\" target=\"_blank\">Prince Hotel <strong>Hakone<\/strong><\/a>, chambre double avec pt d\u00e9j. 17600 JPY (env. 170\u20ac);<br \/>\n&#8211; <a href=\"http:\/\/www.ichotelsgroup.com\/intercontinental\/en\/gb\/locations\/yokohama\" target=\"_blank\">Intercontinental <strong>Yokohama<\/strong> Grand<\/a>, chambre queen business (pt d\u00e9j. inclus) \u00e0 13000 JPY (env. 130\u20ac)<br \/>\n&#8211; <a href=\"http:\/\/www1.hilton.com\/fr\/hi\/hotel\/TYOHITW-Hilton-Tokyo-hotel\/index.do\" target=\"_blank\">Hilton <strong>Tokyo<\/strong> Hotel (Shinjuku)<\/a>, Double guest room avec pt d\u00e9j. \u00e0 167\u20ac via <a href=\"http:\/\/www.logitravel.fr\" target=\"_blank\">logitravel.fr<\/a><br \/>\n&#8211; <a href=\"http:\/\/conradhotels3.hilton.com\/en\/hotels\/hong-kong\/conrad-hong-kong-HKGHCCI\/index.html\" target=\"_blank\">Conrad <strong>Hong Kong<\/strong><\/a>, chambre sup\u00e9rieure king size bed, vue Peak (pas de pt d\u00e9j.) \u00e0 720 HKD + 25000 Pts HHonors, soit 70\u20ac \ud83d\ude09 En fait, en plus, on a demand\u00e9 un &lsquo;upgrade&rsquo; vers une King Executive pour un suppl\u00e9ment de 40\u20ac (pt d\u00e9j.+ internet inclus).<\/p>\n<p>Un peu avant de partir, au moment d&rsquo;acheter les JPY pour avoir un peu de liquide, le Yen est \u00e0 0,0093\u20ac, soit environ \u00a5107 pour 1\u20ac. Le HKD est, quant \u00e0 lui \u00e0 0,098\u20ac soit environ $10,24 pour 1\u20ac. Dans les deux cas, c&rsquo;est le moins bon taux obtenu jusqu&rsquo;\u00e0 pr\u00e9sent \ud83d\ude41<\/p>\n<p>Un bento \u00e0 emporter dans le train: de 500JPY \u00e0 1000JPY<br \/>\nUn ticket bus+t\u00e9l\u00e9ph\u00e9rique pour visiter <em>Engiyogi<\/em> \u00e0 <em>Himeiji<\/em>: 1300JPY<br \/>\nEntr\u00e9e au ch\u00e2teau de <em>Himeiji<\/em>: 400+200JPY<br \/>\nUne bi\u00e8re <em>Sapporo<\/em> au <em>7-eleven<\/em>: 230JPY, un petit paquet de frites chaudes au m\u00eame endroit: 180JPY<br \/>\nUn repas pour 2 dans resto \u00e0 tickets: 1700JPY<br \/>\nUn repas pour 2 avec b\u0153uf de <em>Kobe<\/em>: 8000JPY<br \/>\nUne bricole dans un magasin \u00ab\u00a0<em>Tout \u00e0 105 JPY<\/em>\u00ab\u00a0: 105JPY<br \/>\nUne entr\u00e9e au mus\u00e9e d&rsquo;Art Moderne en plein air de <em>Hakone<\/em>: 1600JPY<br \/>\nLes trajets <em>Hakone-Yumoto<\/em> \u00e0 <em>Motohakone<\/em> (train, <em>cable car<\/em>, t\u00e9l\u00e9ph\u00e9rique, bateau pirate): environ 3000JPY<br \/>\nUn trajet en transport en commun \u00e0 <em>Tokyo<\/em>: entre 130 et 230JPY en moyenne<br \/>\nUn trajet en taxi \u00e0 Tokyo: 750JPY de prise en charge (2km inclus)<br \/>\nUne petite bouteille d&rsquo;eau: 1000 \u00e0 1500JPY<br \/>\nUn resto indien pour 2: 9000JPY<br \/>\nUn trajet en taxi \u00e0 HK: 20HKD prise en charge (2,5km inclus) + 1,5HKD par 200m parcourus<br \/>\nUn excellent resto italien (<em>Grappa&rsquo;s<\/em>) pour 2: 552HKD<br \/>\nUne travers\u00e9e <em>HKG-MAC<\/em>: 140 ou 151HKD en <em>economy class<\/em><br \/>\nUn trajet en bus en tram \u00e0 double \u00e9tage: 23HKD<br \/>\nUne bi\u00e8re au <em>7-eleven<\/em>: 180HKD<br \/>\nLe trajet <em>A\u00e9roport-Central<\/em> en train express: 100HKD avec la carte <em>Octopus<\/em><\/p>\n","protected":false},"excerpt":{"rendered":"<p>Ici, comme d&rsquo;habitude, vous trouverez toutes les infos pratico-pratiques concernant l&rsquo;organisation de ce voyage&#8230; Billets d&rsquo;avion ZYR-CDG-HKG-CDG-ZYR achet\u00e9 sur www.airfrance.be au prix de 1032\u20ac\/pers. Il ne faut pas de visas pour ce voyage; ni le Japon ni Hong Kong n&rsquo;en &hellip; <a href=\"https:\/\/buchau.be\/asie2012\/?page_id=10\">Continuer la lecture <span class=\"meta-nav\">&rarr;<\/span><\/a><\/p>\n","protected":false},"author":1,"featured_media":0,"parent":0,"menu_order":0,"comment_status":"closed","ping_status":"open","template":"","meta":{"footnotes":""},"class_list":["post-10","page","type-page","status-publish","hentry"],"_links":{"self":[{"href":"https:\/\/buchau.be\/asie2012\/index.php?rest_route=\/wp\/v2\/pages\/10","targetHints":{"allow":["GET"]}}],"collection":[{"href":"https:\/\/buchau.be\/asie2012\/index.php?rest_route=\/wp\/v2\/pages"}],"about":[{"href":"https:\/\/buchau.be\/asie2012\/index.php?rest_route=\/wp\/v2\/types\/page"}],"author":[{"embeddable":true,"href":"https:\/\/buchau.be\/asie2012\/index.php?rest_route=\/wp\/v2\/users\/1"}],"replies":[{"embeddable":true,"href":"https:\/\/buchau.be\/asie2012\/index.php?rest_route=%2Fwp%2Fv2%2Fcomments&post=10"}],"version-history":[{"count":15,"href":"https:\/\/buchau.be\/asie2012\/index.php?rest_route=\/wp\/v2\/pages\/10\/revisions"}],"predecessor-version":[{"id":22,"href":"https:\/\/buchau.be\/asie2012\/index.php?rest_route=\/wp\/v2\/pages\/10\/revisions\/22"}],"wp:attachment":[{"href":"https:\/\/buchau.be\/asie2012\/index.php?rest_route=%2Fwp%2Fv2%2Fmedia&parent=10"}],"curies":[{"name":"wp","href":"https:\/\/api.w.org\/{rel}","templated":true}]}}