{"id":2,"date":"2009-10-09T19:21:53","date_gmt":"2009-10-09T17:21:53","guid":{"rendered":"http:\/\/buchau.be\/coutures\/?page_id=2"},"modified":"2016-08-26T18:56:00","modified_gmt":"2016-08-26T16:56:00","slug":"a-propos","status":"publish","type":"page","link":"https:\/\/buchau.be\/coutures\/","title":{"rendered":"Bienvenue dans l&rsquo;atelier du \u00ab\u00a0Th\u00e9 au Fil\u00a0\u00bb !"},"content":{"rendered":"<p>Je poste ici les photos de mes \u00ab\u00a0cr\u00e9ations\u00a0\u00bb cousues ou crochet\u00e9es.<\/p>\n<p>Je ne donne pas beaucoup d&rsquo;explications sur la mani\u00e8re dont je les r\u00e9alise, mais n&rsquo;h\u00e9sitez pas \u00e0 me demander des \u00e9claircissements ou des r\u00e9f\u00e9rences si quelque chose vous int\u00e9resse. Je r\u00e9pondrai avec plaisir, mais peut-\u00eatre pas tr\u00e8s vite.<\/p>\n<p>J&rsquo;esp\u00e8re que la lecture de ce blog vous inspirera.<\/p>\n<p style=\"text-align: right;\"><strong><em>Marie<\/em><\/strong><\/p>\n<p><a href=\"http:\/\/buchau.be\/coutures\/wp-content\/uploads\/2009\/10\/DSC01549.jpg\"><img loading=\"lazy\" decoding=\"async\" class=\"aligncenter size-medium wp-image-940\" title=\"DSC01549\" src=\"http:\/\/buchau.be\/coutures\/wp-content\/uploads\/2009\/10\/DSC01549-300x168.jpg\" alt=\"\" width=\"300\" height=\"168\" srcset=\"https:\/\/buchau.be\/coutures\/wp-content\/uploads\/2009\/10\/DSC01549-300x168.jpg 300w, https:\/\/buchau.be\/coutures\/wp-content\/uploads\/2009\/10\/DSC01549.jpg 1000w\" sizes=\"auto, (max-width: 300px) 100vw, 300px\" \/><\/a><\/p>\n<p><a href=\"http:\/\/buchau.be\/coutures\/wp-content\/uploads\/2009\/10\/DSC01551.jpg\"><img loading=\"lazy\" decoding=\"async\" class=\"aligncenter size-medium wp-image-942\" title=\"DSC01551\" src=\"http:\/\/buchau.be\/coutures\/wp-content\/uploads\/2009\/10\/DSC01551-300x168.jpg\" alt=\"\" width=\"300\" height=\"168\" srcset=\"https:\/\/buchau.be\/coutures\/wp-content\/uploads\/2009\/10\/DSC01551-300x168.jpg 300w, https:\/\/buchau.be\/coutures\/wp-content\/uploads\/2009\/10\/DSC01551.jpg 1000w\" sizes=\"auto, (max-width: 300px) 100vw, 300px\" \/><\/a><\/p>\n<p><a href=\"http:\/\/buchau.be\/coutures\/wp-content\/uploads\/2009\/10\/DSC01590.jpg\"><img loading=\"lazy\" decoding=\"async\" class=\"aligncenter size-medium wp-image-943\" title=\"DSC01590\" src=\"http:\/\/buchau.be\/coutures\/wp-content\/uploads\/2009\/10\/DSC01590-300x168.jpg\" alt=\"\" width=\"300\" height=\"168\" srcset=\"https:\/\/buchau.be\/coutures\/wp-content\/uploads\/2009\/10\/DSC01590-300x168.jpg 300w, https:\/\/buchau.be\/coutures\/wp-content\/uploads\/2009\/10\/DSC01590.jpg 1000w\" sizes=\"auto, (max-width: 300px) 100vw, 300px\" \/><\/a><\/p>\n","protected":false},"excerpt":{"rendered":"<p>Je poste ici les photos de mes \u00ab\u00a0cr\u00e9ations\u00a0\u00bb cousues ou crochet\u00e9es. Je ne donne pas beaucoup d&rsquo;explications sur la mani\u00e8re dont je les r\u00e9alise, mais n&rsquo;h\u00e9sitez pas \u00e0 me demander des \u00e9claircissements ou des r\u00e9f\u00e9rences si quelque chose vous int\u00e9resse. &hellip; <a href=\"https:\/\/buchau.be\/coutures\/\">Continuer la lecture <span class=\"meta-nav\">&rarr;<\/span><\/a><\/p>\n","protected":false},"author":1,"featured_media":0,"parent":0,"menu_order":0,"comment_status":"closed","ping_status":"closed","template":"","meta":{"footnotes":"","_links_to":"","_links_to_target":""},"class_list":["post-2","page","type-page","status-publish","hentry"],"_links":{"self":[{"href":"https:\/\/buchau.be\/coutures\/index.php?rest_route=\/wp\/v2\/pages\/2","targetHints":{"allow":["GET"]}}],"collection":[{"href":"https:\/\/buchau.be\/coutures\/index.php?rest_route=\/wp\/v2\/pages"}],"about":[{"href":"https:\/\/buchau.be\/coutures\/index.php?rest_route=\/wp\/v2\/types\/page"}],"author":[{"embeddable":true,"href":"https:\/\/buchau.be\/coutures\/index.php?rest_route=\/wp\/v2\/users\/1"}],"replies":[{"embeddable":true,"href":"https:\/\/buchau.be\/coutures\/index.php?rest_route=%2Fwp%2Fv2%2Fcomments&post=2"}],"version-history":[{"count":17,"href":"https:\/\/buchau.be\/coutures\/index.php?rest_route=\/wp\/v2\/pages\/2\/revisions"}],"predecessor-version":[{"id":1915,"href":"https:\/\/buchau.be\/coutures\/index.php?rest_route=\/wp\/v2\/pages\/2\/revisions\/1915"}],"wp:attachment":[{"href":"https:\/\/buchau.be\/coutures\/index.php?rest_route=%2Fwp%2Fv2%2Fmedia&parent=2"}],"curies":[{"name":"wp","href":"https:\/\/api.w.org\/{rel}","templated":true}]}}