{"id":71,"date":"2018-01-14T12:03:21","date_gmt":"2018-01-14T11:03:21","guid":{"rendered":"http:\/\/buchau.be\/dublin2018\/?page_id=71"},"modified":"2018-02-16T20:25:15","modified_gmt":"2018-02-16T19:25:15","slug":"backstage","status":"publish","type":"page","link":"https:\/\/buchau.be\/dublin2018\/backstage\/","title":{"rendered":"Backstage"},"content":{"rendered":"<p>L&rsquo;occasion fait le larron: des tickets d&rsquo;<strong>avion<\/strong> sur <em>Dublin<\/em> \u00e0 19,95\u20ac le trajet, par personne, \u00e7a ne se refuse pas! Nous avons donc achet\u00e9 nos tickets sur <em><a href=\"http:\/\/www.ryanair.com\">Ryanair<\/a><\/em> (via <em>Zaventem<\/em>) avec le suppl\u00e9ment \u00ab\u00a0<em>Priorit\u00e9 et 2 bagages \u00e0 main en cabine<\/em>\u00a0\u00bb et l&rsquo;option \u00ab\u00a0<em>choix des si\u00e8ges<\/em>\u00ab\u00a0, soit 60\u20ac\/pers, A\/R; ce qui reste tout \u00e0 fait raisonnable (pour comparaison, l&rsquo;<em>Eurostar<\/em> pour <em>Londres<\/em> coute plus du double).<\/p>\n<p><strong>H\u00f4tel<\/strong>: <em><a href=\"http:\/\/www3.hilton.com\/en\/hotels\/ireland\/hilton-dublin-kilmainham-DUBKMHI\">Hilton Kilmainham Dublin<\/a><\/em>, chambre King, 99\u20ac\/nuit, avec d\u00e9classement :-\/, pt d\u00e9j et wifi inclus (parking +12\u20ac\/nuit)<\/p>\n<p><strong>Auto<\/strong>: <a href=\"http:\/\/www.avis.be\"><em>Avis<\/em><\/a>, voiture cat\u00e9gorie B (surclass\u00e9e gr\u00e2ce \u00e0 <a href=\"https:\/\/www.avis.fr\/votre-avis\/avis-preferred\"><em>Avis Preferred Plus<\/em><\/a>), 80\u20ac pour 5 jours (16\u20ac\/jour), conducteur suppl\u00e9mentaire inclus, assurance omnium incluse dans la couverture d&rsquo;assurances de la carte de cr\u00e9dit. On a un GPS <em>Garmin<\/em> mis \u00e0 jour, utile dans toute l&rsquo;<em>Europe de l&rsquo;Ouest<\/em>.<\/p>\n<p><strong>Autres<\/strong>:<br \/>\n&#8211; <a href=\"http:\/\/prod.interparking.be\/fr-BE\/find-parking\/P4LongTerm\/\">Parking P4 <em>Zaventem<\/em><\/a>: 54\u20ac\/5jours (11\u20ac\/jour)<br \/>\n&#8211; <a href=\"http:\/\/kilmainhamgaolmuseum.ie\/\"><em>Kilmainham gaol<\/em><\/a>: 8\u20ac\/pers<br \/>\n&#8211; Guide <a href=\"https:\/\/www.lonelyplanet.fr\/catalogue\/dublin-en-quelques-jours-2ed\"><em>Lonely Planet<\/em> \u00ab\u00a0<em>Dublin en quelques jours\u00a0\u00bb<\/em><\/a> : 9,95\u20ac<br \/>\n&#8211; Un diner spectacle <a href=\"http:\/\/www.belvederehoteldublin.com\/belvedere-irish-night\/\">(musique et danse) au <em>Belv\u00e9d\u00e8re hotel<\/em><\/a> 42\u20ac\/pers<br \/>\n&#8211; Un repas chaud pour 2: entre 40 et 80\u20ac<\/p>\n<p>&nbsp;<\/p>\n","protected":false},"excerpt":{"rendered":"<p>L&rsquo;occasion fait le larron: des tickets d&rsquo;avion sur Dublin \u00e0 19,95\u20ac le trajet, par personne, \u00e7a ne se refuse pas! Nous avons donc achet\u00e9 nos tickets sur Ryanair (via Zaventem) avec le suppl\u00e9ment \u00ab\u00a0Priorit\u00e9 et 2 bagages \u00e0 main en cabine\u00a0\u00bb et l&rsquo;option \u00ab\u00a0choix des si\u00e8ges\u00ab\u00a0, soit 60\u20ac\/pers, A\/R; ce qui reste tout \u00e0 fait [&hellip;]<\/p>\n","protected":false},"author":1,"featured_media":0,"parent":0,"menu_order":0,"comment_status":"closed","ping_status":"closed","template":"","meta":{"footnotes":""},"class_list":["post-71","page","type-page","status-publish","hentry"],"_links":{"self":[{"href":"https:\/\/buchau.be\/dublin2018\/wp-json\/wp\/v2\/pages\/71","targetHints":{"allow":["GET"]}}],"collection":[{"href":"https:\/\/buchau.be\/dublin2018\/wp-json\/wp\/v2\/pages"}],"about":[{"href":"https:\/\/buchau.be\/dublin2018\/wp-json\/wp\/v2\/types\/page"}],"author":[{"embeddable":true,"href":"https:\/\/buchau.be\/dublin2018\/wp-json\/wp\/v2\/users\/1"}],"replies":[{"embeddable":true,"href":"https:\/\/buchau.be\/dublin2018\/wp-json\/wp\/v2\/comments?post=71"}],"version-history":[{"count":6,"href":"https:\/\/buchau.be\/dublin2018\/wp-json\/wp\/v2\/pages\/71\/revisions"}],"predecessor-version":[{"id":190,"href":"https:\/\/buchau.be\/dublin2018\/wp-json\/wp\/v2\/pages\/71\/revisions\/190"}],"wp:attachment":[{"href":"https:\/\/buchau.be\/dublin2018\/wp-json\/wp\/v2\/media?parent=71"}],"curies":[{"name":"wp","href":"https:\/\/api.w.org\/{rel}","templated":true}]}}