{"id":6,"date":"2022-06-28T20:50:43","date_gmt":"2022-06-28T18:50:43","guid":{"rendered":"https:\/\/buchau.be\/ete2022\/?page_id=6"},"modified":"2022-07-21T22:18:20","modified_gmt":"2022-07-21T20:18:20","slug":"backstage","status":"publish","type":"page","link":"https:\/\/buchau.be\/ete2022\/backstage\/","title":{"rendered":"Backstage"},"content":{"rendered":"\r\n<p>Ici, comme d&rsquo;habitude, les \u00e9l\u00e9ments pratiques de notre p\u00e9riple estival de 2022.<\/p>\r\n\r\n\r\n\r\n<p>Pour bouger:<br \/>&#8211; pour <em>Londres<\/em>, on emprunte l&rsquo;<em>Eurostar<\/em>. Sur place, c&rsquo;est bus, m\u00e9tro et bateau<br \/>&#8211; pour le <em>Danemark<\/em> (<em>Aarhus <\/em>et <em>Copenhagen<\/em>), via <em>Amsterdam<\/em>, <em>Den Helder<\/em>, <em>Hamburg <\/em>et <em>Bremen<\/em>, on roule avec <em>Olivia<\/em>, notre <em>Skoda Octavia Combi<\/em>.<\/p>\r\n<p><a href=\"https:\/\/buchau.be\/ete2022\/wp-content\/uploads\/2022\/07\/20220721_161920-scaled.jpg\"><img loading=\"lazy\" decoding=\"async\" class=\"aligncenter size-medium wp-image-388\" src=\"https:\/\/buchau.be\/ete2022\/wp-content\/uploads\/2022\/07\/20220721_161920-300x118.jpg\" alt=\"\" width=\"300\" height=\"118\" srcset=\"https:\/\/buchau.be\/ete2022\/wp-content\/uploads\/2022\/07\/20220721_161920-300x118.jpg 300w, https:\/\/buchau.be\/ete2022\/wp-content\/uploads\/2022\/07\/20220721_161920-1024x403.jpg 1024w, https:\/\/buchau.be\/ete2022\/wp-content\/uploads\/2022\/07\/20220721_161920-768x302.jpg 768w, https:\/\/buchau.be\/ete2022\/wp-content\/uploads\/2022\/07\/20220721_161920-1536x605.jpg 1536w, https:\/\/buchau.be\/ete2022\/wp-content\/uploads\/2022\/07\/20220721_161920-2048x806.jpg 2048w\" sizes=\"auto, (max-width: 300px) 100vw, 300px\" \/><\/a><\/p>\r\n<p>A chaque \u00e9tape, on utilise <em>Angelo<\/em> et <em>Angela<\/em>, nos v\u00e9los \u00e9lectriques.<\/p>\r\n\r\n\r\n\r\n<p>Pour se loger, nous s\u00e9journons dans diff\u00e9rents h\u00f4tels:<br \/>&#8211; <a href=\"https:\/\/www.hilton.com\/en\/hotels\/lonnddi-doubletree-london-docklands-riverside\" target=\"_blank\" rel=\"noopener\">Doubletree by Hilton London <\/a><a href=\"https:\/\/www.hilton.com\/en\/hotels\/lonnddi-doubletree-london-docklands-riverside\" target=\"_blank\" rel=\"noopener\">Docklands <\/a><a href=\"https:\/\/www.hilton.com\/en\/hotels\/lonnddi-doubletree-london-docklands-riverside\" target=\"_blank\" rel=\"noopener\">Riverside<\/a>,<br \/>&#8211; <a href=\"https:\/\/www.hilton.com\/en\/hotels\/amsaddi-doubletree-amsterdam-ndsm-wharf\" target=\"_blank\" rel=\"noopener\">Doubletree by Hilton Amsterdam NDSM Wharf<\/a>,<br \/>&#8211; <a href=\"https:\/\/www.thebaroncrown.com\/\" target=\"_blank\" rel=\"noopener\">Hotel Baron Crown<\/a>, Den Helder,<br \/>&#8211; <a href=\"https:\/\/www.ihg.com\/holidayinn\/hotels\/gb\/en\/hamburg\/hamef\/hoteldetail\" target=\"_blank\" rel=\"noopener\">Holiday Inn Hambourg Berliner Tor<\/a>,<br \/>&#8211; <a href=\"https:\/\/www.radissonhotels.com\/en-us\/hotels\/radisson-blu-aarhus-scandinavia\" target=\"_blank\" rel=\"noopener\">Radisson Blu Scandinavia Hotel Aarhus<\/a>,<br \/>&#8211; <a href=\"https:\/\/www.ihg.com\/crowneplaza\/hotels\/us\/en\/copenhagen\/rkecp\/hoteldetail\" target=\"_blank\" rel=\"noopener\">Crowne Plaza Copenhagen Towers<\/a>,<br \/>&#8211; <a href=\"https:\/\/www.melia.com\/en\/hotels\/germany\/bremen\/innside-bremen\/index.htm\" target=\"_blank\" rel=\"noopener\">Innside Bremen<\/a>,<br \/>&#8211; <a href=\"https:\/\/www.hilton.com\/en\/hotels\/splsodi-doubletree-royal-parc-soestduinen\" target=\"_blank\" rel=\"noopener\">Doubletree by Hilton Royal Parc Soestduinen<\/a>,<br \/>&#8211; <a href=\"https:\/\/hotelmaassluis.nl\/\" target=\"_blank\" rel=\"noopener\">Hotel Maassluis<\/a>,<\/p>\r\n\r\n\r\n\r\n<p>Pour le reste, il y a ceci:<br \/>&#8211; 3h de bateau \u00e9lectrique \u00e0 <em>Amsterdam<\/em>: 92\u20ac chez <em>Boats4rent.nl<\/em><br \/>&#8211; Lunch chez <em>De Kas<\/em>: 41,50\u20ac \/ Diner: 51\u20ac<br \/>&#8211; Ferry pour <em>Texel<\/em> (pour une auto): 37\u20ac, le we (moins cher en semaine)<br \/>&#8211; 24h de parking sur <em>Texel<\/em>: 10\u20ac<br \/>&#8211; <em>Stedelijke museum<\/em> \u00e0 <em>Amsterdam<\/em>: 20\u20ac<br \/>&#8211; 1kg de CNG aux Pays-Bas: 1,749\u20ac chez OG<br \/>&#8211; 1kg de CNG en Allemagne: 1,049\u20ac<br \/>&#8211; 1kg de CNG au Danemark: 25,40DKK, soit environ 3,40\u20ac<\/p>\r\n","protected":false},"excerpt":{"rendered":"<p>Ici, comme d&rsquo;habitude, les \u00e9l\u00e9ments pratiques de notre p\u00e9riple estival de 2022. Pour bouger:&#8211; pour Londres, on emprunte l&rsquo;Eurostar. Sur place, c&rsquo;est bus, m\u00e9tro et bateau&#8211; pour le Danemark (Aarhus et Copenhagen), via Amsterdam, Den Helder, Hamburg et Bremen, on roule avec Olivia, notre Skoda Octavia Combi. A chaque \u00e9tape, on utilise Angelo et Angela, [&hellip;]<\/p>\n","protected":false},"author":1,"featured_media":0,"parent":0,"menu_order":0,"comment_status":"closed","ping_status":"closed","template":"","meta":{"footnotes":""},"class_list":["post-6","page","type-page","status-publish","hentry"],"_links":{"self":[{"href":"https:\/\/buchau.be\/ete2022\/wp-json\/wp\/v2\/pages\/6","targetHints":{"allow":["GET"]}}],"collection":[{"href":"https:\/\/buchau.be\/ete2022\/wp-json\/wp\/v2\/pages"}],"about":[{"href":"https:\/\/buchau.be\/ete2022\/wp-json\/wp\/v2\/types\/page"}],"author":[{"embeddable":true,"href":"https:\/\/buchau.be\/ete2022\/wp-json\/wp\/v2\/users\/1"}],"replies":[{"embeddable":true,"href":"https:\/\/buchau.be\/ete2022\/wp-json\/wp\/v2\/comments?post=6"}],"version-history":[{"count":6,"href":"https:\/\/buchau.be\/ete2022\/wp-json\/wp\/v2\/pages\/6\/revisions"}],"predecessor-version":[{"id":414,"href":"https:\/\/buchau.be\/ete2022\/wp-json\/wp\/v2\/pages\/6\/revisions\/414"}],"wp:attachment":[{"href":"https:\/\/buchau.be\/ete2022\/wp-json\/wp\/v2\/media?parent=6"}],"curies":[{"name":"wp","href":"https:\/\/api.w.org\/{rel}","templated":true}]}}