{"id":10,"date":"2012-08-10T16:41:52","date_gmt":"2012-08-10T15:41:52","guid":{"rendered":"http:\/\/buchau.be\/indonesie2013\/?page_id=10"},"modified":"2013-04-08T13:18:05","modified_gmt":"2013-04-08T11:18:05","slug":"backstage","status":"publish","type":"page","link":"https:\/\/buchau.be\/indonesie2013\/backstage\/","title":{"rendered":"Backstage"},"content":{"rendered":"<p>Ici, comme d\u2019hab, les d\u00e9tails pratico-pratiques de l\u2019organisation de ce voyage:<\/p>\n<p>Les tickets d\u2019avion, toujours achet\u00e9s chez <strong><a href=\"http:\/\/www.airfrance.be\" target=\"_blank\">Air France<\/a><\/strong> : ZYR-CDG-SIN-CGK et retour, au prix de 817\u20ac\/pers (les trajet CDG-SIN-CDG se feront \u00e0 nouveau en A380-800, sur le pont sup\u00e9rieur :-) ). Les vols int\u00e9rieurs seront op\u00e9r\u00e9s par <strong><a href=\"http:\/\/www.airasia.com\/ot\/en\/home.page\" target=\"_blank\">Air Asia<\/a><\/strong>; tous les vols sont &lsquo;places r\u00e9serv\u00e9es&rsquo; et incluent une franchise de 25kg de bagages:<br \/>\n&#8211; <strong>Jakarta (CGK) &#8211; Yogyakarta (JOG)<\/strong>: 29\u20ac\/pers<br \/>\n&#8211; <strong>Yogyakarta (JOG) &#8211; Bali (DPS)<\/strong>: 46\u20ac\/pers<br \/>\n&#8211; <strong>Bali (DPS) &#8211; Jakarta (CGK)<\/strong>: 52\u20ac\/pers<\/p>\n<p>Les h\u00f4tels:<br \/>\n&#8211; <strong>Jakarta<\/strong>: <em><strong><a href=\"http:\/\/www.pullmanjakartacentralpark.com\/\" target=\"_blank\">Pullman Jakarta Central Park<\/a><\/strong><\/em>, chambre Deluxe (queen size bed avec pt d\u00e9j et Internet): env. 90\u20ac\/nuit<br \/>\n&#8211; <strong>Yogyakarta<\/strong>: <em><strong><a href=\"http:\/\/www.mgallery.com\/fr\/hotel-5451-the-phoenix-hotel-yogyakarta-mgallery-collection\/index.shtml\" target=\"_blank\">The Phoenix &#8211; MGallery<\/a><\/strong><\/em>, chambre Deluxe (king size bed avec balcon,\u00a0 pt d\u00e9j et Internet): env. 92\u20ac\/nuit<br \/>\n&#8211; <strong>Ubud<\/strong>: <strong><em><a href=\"http:\/\/kenangaubud.com\/\" target=\"_blank\">Kenanga Ubud<\/a><\/em><\/strong>, chambre double avec terrasse (pt d\u00e9j et Internet inclus): env. 120\u20ac\/nuit<br \/>\n&#8211; <strong>Tanjung Benoa<\/strong>: le s\u00e9jour \u00ab\u00a0farniente\u00a0\u00bb est r\u00e9serv\u00e9 au <em><strong><a href=\"http:\/\/conradhotels3.hilton.com\/en\/hotels\/indonesia\/conrad-bali-BPNCICI\/index.html\" target=\"_blank\">Conrad Bali<\/a><\/strong><\/em>, chambre King vue jardin (internet et pt d\u00e9j inclus) , env. 160\u20ac (mais un upgrade est certain mais vers quel type de chambre?)<\/p>\n<p>Les guides francophones avec voiture + chauffeur:<br \/>\n&#8211; Jakarta: voiture avec chauffeur (pas de guide) <a href=\"http:\/\/www.bluebirdgroup.com\/\" target=\"_blank\">Bluebird Taxi<\/a>: 135$ (env. 105\u20ac) pour 12h<br \/>\n&#8211; Yogyakarta: <a href=\"mailto:nivory_boy@yahoo.com.sg\" target=\"_blank\"><strong>Nivory<\/strong><\/a> 2500000 IDR (soit env. 200\u20ac pour 4 jours)<a href=\"mailto:nivory_boy@yahoo.com.sg\" target=\"_blank\"><br \/>\n<\/a> &#8211; Bali: <strong><a href=\"mailto:nyomanguide@yahoo.com\" target=\"_blank\">Mayuni<\/a> <\/strong>50\u20ac\/jour<strong><br \/>\n<\/strong><\/p>\n<p>Remarque: les prix indiqu\u00e9s ici sont \u00ab\u00a0<em>toutes taxes et frais inclus<\/em>\u00ab\u00a0.<\/p>\n<p>Les guides <em>papier<\/em> consult\u00e9s sont les LP Indon\u00e9sie et LP Bali et Lombok.<\/p>\n<p>&#8211; une bi\u00e8re <em>Bintang<\/em> entre 15 et 65000 IDR, soit entre XXX et XXX\u20ac selon le lieu et la taille du contenant;<br \/>\n&#8211; l&rsquo;entr\u00e9e \u00e0 <em>Prambanan<\/em>: 170000 IDR<br \/>\n&#8211; l&rsquo;entr\u00e9e \u00e0 <em>Borobudur<\/em>: 190000 IDR<br \/>\n&#8211; les entr\u00e9e dans les temples plus petits: entre 3000 et 10000 IDR<br \/>\n&#8211; un souper (buffet) suivi d&rsquo;un spectacle de danse javanaise: 350000 IDR<br \/>\n&#8211; un souper\u00a0 (boissons incluses) au resto de l&rsquo;h\u00f4tel: de 250 \u00e0 400000 IDR<br \/>\n&#8211;\u00a0 on donne des pourboires (5 \u00e0 20000 IDR selon le service rendu) \u00e0 tout le monde et,\u00a0\u00e0 Java, il est de coutume de faire l&rsquo;aum\u00f4ne (tant que cela ne nous \u00ab\u00a0<em>met pas banqueroute<\/em>\u00ab\u00a0); il est interdit de faire l&rsquo;aum\u00f4ne \u00e0 Bali<br \/>\n&#8211; un repas dans un <em>warung<\/em>: environ 40000 IDR (mais la bi\u00e8re coute cher!)<br \/>\n&#8211; un trajet en taxi de l&rsquo;a\u00e9roport vers l&rsquo;h\u00f4tel \u00e0 Jakarta (une demi-heure de trajet): un peu moins de 100000 IDR (pr\u00e9voir environ 20000 IDR \u00e0 tendre au chauffeur pour les p\u00e9ages, au premier d&rsquo;entre eux)<br \/>\n&#8211; spectacle de danse balinaise: 100000 IDR<br \/>\n&#8211; un <em>sarong<\/em>: 150000 IDR (mais il y a moyen d&rsquo;avoir pour beaucoup moins; on n&rsquo;est pas dou\u00e9 en marchandage)<br \/>\n&#8211; les entr\u00e9es dans les (villages de) rizi\u00e8res: environ 5 \u00e0 10000 IDR\/pers<\/p>\n","protected":false},"excerpt":{"rendered":"<p>Ici, comme d\u2019hab, les d\u00e9tails pratico-pratiques de l\u2019organisation de ce voyage: Les tickets d\u2019avion, toujours achet\u00e9s chez Air France : ZYR-CDG-SIN-CGK et retour, au prix de 817\u20ac\/pers (les trajet CDG-SIN-CDG se feront \u00e0 nouveau en A380-800, sur le pont sup\u00e9rieur &hellip; <a href=\"https:\/\/buchau.be\/indonesie2013\/backstage\/\">Continuer la lecture <span class=\"meta-nav\">&rarr;<\/span><\/a><\/p>\n","protected":false},"author":1,"featured_media":0,"parent":0,"menu_order":0,"comment_status":"open","ping_status":"closed","template":"","meta":{"footnotes":""},"class_list":["post-10","page","type-page","status-publish","hentry"],"_links":{"self":[{"href":"https:\/\/buchau.be\/indonesie2013\/wp-json\/wp\/v2\/pages\/10","targetHints":{"allow":["GET"]}}],"collection":[{"href":"https:\/\/buchau.be\/indonesie2013\/wp-json\/wp\/v2\/pages"}],"about":[{"href":"https:\/\/buchau.be\/indonesie2013\/wp-json\/wp\/v2\/types\/page"}],"author":[{"embeddable":true,"href":"https:\/\/buchau.be\/indonesie2013\/wp-json\/wp\/v2\/users\/1"}],"replies":[{"embeddable":true,"href":"https:\/\/buchau.be\/indonesie2013\/wp-json\/wp\/v2\/comments?post=10"}],"version-history":[{"count":10,"href":"https:\/\/buchau.be\/indonesie2013\/wp-json\/wp\/v2\/pages\/10\/revisions"}],"predecessor-version":[{"id":12,"href":"https:\/\/buchau.be\/indonesie2013\/wp-json\/wp\/v2\/pages\/10\/revisions\/12"}],"wp:attachment":[{"href":"https:\/\/buchau.be\/indonesie2013\/wp-json\/wp\/v2\/media?parent=10"}],"curies":[{"name":"wp","href":"https:\/\/api.w.org\/{rel}","templated":true}]}}