{"id":2,"date":"2014-09-23T10:20:14","date_gmt":"2014-09-23T10:20:14","guid":{"rendered":"http:\/\/http:\/\/buchau.be\/istanbul2014\/"},"modified":"2014-12-27T20:15:33","modified_gmt":"2014-12-27T20:15:33","slug":"sample-page","status":"publish","type":"page","link":"https:\/\/buchau.be\/istanbul2014\/?page_id=2","title":{"rendered":"Backstage"},"content":{"rendered":"<p>Ici, comme \u00e0 chaque fois, les d\u00e9tails pratico-pratiques de l&rsquo;organisation de notre escapade:<\/p>\n<p><span style=\"text-decoration: underline;\"><strong>Vol<\/strong><\/span>: <em><a href=\"http:\/\/www.turkishairlines.com\/\" target=\"_blank\">Turkish Airlines<\/a><\/em> BRU&gt;IST&gt;BRU, 240\u20ac\/pers, r\u00e9serv\u00e9 en janvier 2014 (en septembre, c&rsquo;\u00e9tait 20\u20ac\/pers moins cher).<\/p>\n<p><span style=\"text-decoration: underline;\"><strong>H\u00f4tel<\/strong><\/span>: <em><a href=\"http:\/\/doubletree3.hilton.com\/en\/hotels\/turkey\/doubletree-by-hilton-hotel-istanbul-old-town-ISTOTDI\/index.html\" target=\"_blank\">Doubletree Istanbul Old Town<\/a><\/em>, 83\u20ac\/nuit (pt. d\u00e9j et Internet inclus), aussi r\u00e9serv\u00e9 en janvier 2014 (en septembre, c&rsquo;\u00e9tait 15\u20ac\/nuit plus cher; en d\u00e9cembre, c&rsquo;\u00e9tait plus du double!). [EDIT] On a m\u00eame \u00e9t\u00e9 surclass\u00e9 dans une (tr\u00e8s belle) suite.<\/p>\n<p>Pour entrer sur le territoire turc, il faut -depuis 2014- un <strong><em>e-visa<\/em><\/strong> que l&rsquo;on peut obtenir <a href=\"https:\/\/www.evisa.gov.tr\/fr\/\" target=\"_blank\">ici<\/a> au prix de 20USD\/pers (17\u20ac)<\/p>\n<p>Au moment de notre s\u00e9jour, la <em>livre turque<\/em> (TRY) se n\u00e9gociait \u00e0 +\/- 0.35\u20ac, soit 2.83 TRY pour 1\u20ac.<\/p>\n<p>La carte <em>Muze<\/em> coute 85 TRY et permet l&rsquo;acc\u00e8s \u00e0 plusieurs grands sites en \u00e9vitant la file. La visite de la citerne revient \u00e0 20 TRY. L&rsquo;acc\u00e8s \u00e0 la <em>Mosqu\u00e9e Bleue<\/em> est gratuit. 48h d&rsquo;utilisation des 2 lignes de <em>Big Bus<\/em> reviennent \u00e0 30\u20ac (moins si achet\u00e9 \u00e0 l&rsquo;avance sur le net).<\/p>\n","protected":false},"excerpt":{"rendered":"<p>Ici, comme \u00e0 chaque fois, les d\u00e9tails pratico-pratiques de l&rsquo;organisation de notre escapade: Vol: Turkish Airlines BRU&gt;IST&gt;BRU, 240\u20ac\/pers, r\u00e9serv\u00e9 en janvier 2014 (en septembre, c&rsquo;\u00e9tait 20\u20ac\/pers moins cher). H\u00f4tel: Doubletree Istanbul Old Town, 83\u20ac\/nuit (pt. d\u00e9j et Internet inclus), aussi r\u00e9serv\u00e9 en janvier 2014 (en septembre, c&rsquo;\u00e9tait 15\u20ac\/nuit plus cher; en d\u00e9cembre, c&rsquo;\u00e9tait plus du &hellip; <a href=\"https:\/\/buchau.be\/istanbul2014\/?page_id=2\" class=\"more-link\">Continuer la lecture de <span class=\"screen-reader-text\">Backstage<\/span>  <span class=\"meta-nav\">&rarr;<\/span><\/a><\/p>\n","protected":false},"author":1,"featured_media":0,"parent":0,"menu_order":0,"comment_status":"closed","ping_status":"closed","template":"","meta":{"footnotes":""},"class_list":["post-2","page","type-page","status-publish","hentry"],"_links":{"self":[{"href":"https:\/\/buchau.be\/istanbul2014\/index.php?rest_route=\/wp\/v2\/pages\/2","targetHints":{"allow":["GET"]}}],"collection":[{"href":"https:\/\/buchau.be\/istanbul2014\/index.php?rest_route=\/wp\/v2\/pages"}],"about":[{"href":"https:\/\/buchau.be\/istanbul2014\/index.php?rest_route=\/wp\/v2\/types\/page"}],"author":[{"embeddable":true,"href":"https:\/\/buchau.be\/istanbul2014\/index.php?rest_route=\/wp\/v2\/users\/1"}],"replies":[{"embeddable":true,"href":"https:\/\/buchau.be\/istanbul2014\/index.php?rest_route=%2Fwp%2Fv2%2Fcomments&post=2"}],"version-history":[{"count":10,"href":"https:\/\/buchau.be\/istanbul2014\/index.php?rest_route=\/wp\/v2\/pages\/2\/revisions"}],"predecessor-version":[{"id":85,"href":"https:\/\/buchau.be\/istanbul2014\/index.php?rest_route=\/wp\/v2\/pages\/2\/revisions\/85"}],"wp:attachment":[{"href":"https:\/\/buchau.be\/istanbul2014\/index.php?rest_route=%2Fwp%2Fv2%2Fmedia&parent=2"}],"curies":[{"name":"wp","href":"https:\/\/api.w.org\/{rel}","templated":true}]}}