{"id":58,"date":"2017-07-05T12:06:26","date_gmt":"2017-07-05T10:06:26","guid":{"rendered":"http:\/\/buchau.be\/japon2017\/?page_id=58"},"modified":"2017-07-05T12:15:04","modified_gmt":"2017-07-05T10:15:04","slug":"comment","status":"publish","type":"page","link":"https:\/\/buchau.be\/japon2017\/comment\/","title":{"rendered":"Comment?"},"content":{"rendered":"<p><strong>Comment pr\u00e9pare-t-on un tel voyage?<\/strong><\/p>\n<p>L&rsquo;id\u00e9e vient en g\u00e9n\u00e9ral plus d&rsquo;un an avant le voyage en lui-m\u00eame. La premi\u00e8re \u00e9tape, c&rsquo;est la r\u00e9servation des h\u00f4tels: un an \u00e0 l&rsquo;avance, c&rsquo;est le meilleur moment pour avoir les meilleurs prix! Ensuite, on r\u00e9serve les vols internationaux, entre 1 an et 6 mois avant le d\u00e9part. Puis, on lit, on consulte des groupes <em>Facebook<\/em>, des blogs et des <em>vlogs<\/em>, ainsi que les forums&#8230; on rep\u00e8re des trucs \u00e0 faire et on les situe sur une carte:<\/p>\n<p><iframe loading=\"lazy\" src=\"https:\/\/www.google.com\/maps\/d\/u\/1\/embed?mid=1zhq8WCEhBOSFDnSjuZf_-NOeKvs\" width=\"640\" height=\"480\"><br \/>\n<\/iframe><\/p>\n<p><iframe loading=\"lazy\" src=\"https:\/\/www.google.com\/maps\/d\/u\/1\/embed?mid=1dBeblzkrEo0Ji4ybxnQj4gJlIDY\" width=\"640\" height=\"480\"><\/iframe><\/p>\n<p>Comme cela, le moment venu, la veille ou le matin de notre journ\u00e9e sur place, on d\u00e9cide, en fonction de la m\u00e9t\u00e9o et de nos envies, l&rsquo;endroit et les activit\u00e9s \u00e0 faire, sur base de l&rsquo;<a href=\"https:\/\/play.google.com\/store\/apps\/details?id=com.google.android.apps.m4b&amp;hl=fr\">application <\/a>contenant la carte et les POI <em>(Points Of Interest)<\/em>&#8230;<\/p>\n<p>C&rsquo;est aussi simple que \u00e7a: z\u00e9ro prise de t\u00eate \ud83d\ude00<\/p>\n","protected":false},"excerpt":{"rendered":"<p>Comment pr\u00e9pare-t-on un tel voyage? L&rsquo;id\u00e9e vient en g\u00e9n\u00e9ral plus d&rsquo;un an avant le voyage en lui-m\u00eame. La premi\u00e8re \u00e9tape, c&rsquo;est la r\u00e9servation des h\u00f4tels: un an \u00e0 l&rsquo;avance, c&rsquo;est le meilleur moment pour avoir les meilleurs prix! Ensuite, on r\u00e9serve les vols internationaux, entre 1 an et 6 mois avant le d\u00e9part. Puis, on&#8230; <\/p>\n<div class=\"link-more\"><a href=\"https:\/\/buchau.be\/japon2017\/comment\/\">En savoir plus<\/a><\/div>\n","protected":false},"author":1,"featured_media":59,"parent":0,"menu_order":0,"comment_status":"closed","ping_status":"closed","template":"","meta":{"footnotes":""},"class_list":["post-58","page","type-page","status-publish","has-post-thumbnail","hentry"],"_links":{"self":[{"href":"https:\/\/buchau.be\/japon2017\/wp-json\/wp\/v2\/pages\/58","targetHints":{"allow":["GET"]}}],"collection":[{"href":"https:\/\/buchau.be\/japon2017\/wp-json\/wp\/v2\/pages"}],"about":[{"href":"https:\/\/buchau.be\/japon2017\/wp-json\/wp\/v2\/types\/page"}],"author":[{"embeddable":true,"href":"https:\/\/buchau.be\/japon2017\/wp-json\/wp\/v2\/users\/1"}],"replies":[{"embeddable":true,"href":"https:\/\/buchau.be\/japon2017\/wp-json\/wp\/v2\/comments?post=58"}],"version-history":[{"count":5,"href":"https:\/\/buchau.be\/japon2017\/wp-json\/wp\/v2\/pages\/58\/revisions"}],"predecessor-version":[{"id":65,"href":"https:\/\/buchau.be\/japon2017\/wp-json\/wp\/v2\/pages\/58\/revisions\/65"}],"wp:featuredmedia":[{"embeddable":true,"href":"https:\/\/buchau.be\/japon2017\/wp-json\/wp\/v2\/media\/59"}],"wp:attachment":[{"href":"https:\/\/buchau.be\/japon2017\/wp-json\/wp\/v2\/media?parent=58"}],"curies":[{"name":"wp","href":"https:\/\/api.w.org\/{rel}","templated":true}]}}