{"id":7,"date":"2016-12-05T14:20:25","date_gmt":"2016-12-05T13:20:25","guid":{"rendered":"http:\/\/buchau.be\/japon2017\/?page_id=7"},"modified":"2017-08-01T16:27:38","modified_gmt":"2017-08-01T14:27:38","slug":"a-propos","status":"publish","type":"page","link":"https:\/\/buchau.be\/japon2017\/a-propos\/","title":{"rendered":"A propos&#8230;"},"content":{"rendered":"<p>Encore un voyage au <em>Japon<\/em> de <em>Ben<\/em> &amp; <em>Marie<\/em>. C&rsquo;est le 4\u00e8me!<br \/>\nEt ce sera notre 5\u00e8me passage \u00e0 <em>Hong Kong<\/em>.<br \/>\nLiens vers les pr\u00e9c\u00e9dents: <em><a href=\"http:\/\/bit.ly\/1PB9EQp\">http:\/\/bit.ly\/1PB9EQp<\/a><\/em> \ud83d\ude42<br \/>\nC&rsquo;est qu&rsquo;on commencerait \u00e0 aimer \u00e7a!<\/p>\n","protected":false},"excerpt":{"rendered":"<p>Encore un voyage au Japon de Ben &amp; Marie. C&rsquo;est le 4\u00e8me! Et ce sera notre 5\u00e8me passage \u00e0 Hong Kong. Liens vers les pr\u00e9c\u00e9dents: http:\/\/bit.ly\/1PB9EQp \ud83d\ude42 C&rsquo;est qu&rsquo;on commencerait \u00e0 aimer \u00e7a!<\/p>\n","protected":false},"author":1,"featured_media":0,"parent":0,"menu_order":0,"comment_status":"closed","ping_status":"closed","template":"","meta":{"footnotes":""},"class_list":["post-7","page","type-page","status-publish","hentry"],"_links":{"self":[{"href":"https:\/\/buchau.be\/japon2017\/wp-json\/wp\/v2\/pages\/7","targetHints":{"allow":["GET"]}}],"collection":[{"href":"https:\/\/buchau.be\/japon2017\/wp-json\/wp\/v2\/pages"}],"about":[{"href":"https:\/\/buchau.be\/japon2017\/wp-json\/wp\/v2\/types\/page"}],"author":[{"embeddable":true,"href":"https:\/\/buchau.be\/japon2017\/wp-json\/wp\/v2\/users\/1"}],"replies":[{"embeddable":true,"href":"https:\/\/buchau.be\/japon2017\/wp-json\/wp\/v2\/comments?post=7"}],"version-history":[{"count":4,"href":"https:\/\/buchau.be\/japon2017\/wp-json\/wp\/v2\/pages\/7\/revisions"}],"predecessor-version":[{"id":810,"href":"https:\/\/buchau.be\/japon2017\/wp-json\/wp\/v2\/pages\/7\/revisions\/810"}],"wp:attachment":[{"href":"https:\/\/buchau.be\/japon2017\/wp-json\/wp\/v2\/media?parent=7"}],"curies":[{"name":"wp","href":"https:\/\/api.w.org\/{rel}","templated":true}]}}