{"id":2,"date":"2013-06-16T10:44:10","date_gmt":"2013-06-16T10:44:10","guid":{"rendered":"http:\/\/buchau.be\/sicile2013\/\/?page_id=2"},"modified":"2013-06-18T09:20:54","modified_gmt":"2013-06-18T07:20:54","slug":"about","status":"publish","type":"page","link":"https:\/\/buchau.be\/sicile2013\/about\/","title":{"rendered":"A propos"},"content":{"rendered":"<p>Ce voyage en <em>Sicile<\/em> a \u00e9t\u00e9 d\u00e9cid\u00e9 en \u00ab\u00a0derni\u00e8re minute\u00a0\u00bb, soit 3 semaines avant le d\u00e9part. En fait, nous esp\u00e9rions pouvoir enfin profiter de nos miles, accumul\u00e9s au cours des (nombreux) voyages pr\u00e9c\u00e9dents. Malheureusement pour nous, les <em>USA<\/em> ont \u00e9t\u00e9 forts demand\u00e9s pour cet \u00e9t\u00e9 et plus aucune place n&rsquo;\u00e9tait disponible \u00e0 un tarif \u00ab\u00a0miles\u00a0\u00bb accessible :-\/Je tenterai de m&rsquo;y prendre bien \u00e0 temps pour r\u00e9server pour l&rsquo;\u00e9t\u00e9 prochain; ce n&rsquo;est que partie remise!<\/p>\n<p>Alors pourquoi la <em>Sicile<\/em> plut\u00f4t que la <em>Cor\u00e9e du Sud<\/em> ou une autre destination lointaine? Parce que tous les vols sont d\u00e9j\u00e0 bien remplis, cela fait que les prix des vols et des chambres d&rsquo;h\u00f4tels (en tout cas ceux que je convoite) sont \u00e0 des prix trop \u00e9lev\u00e9s&#8230;<\/p>\n<p>D&rsquo;autre part, on a choisi de s&rsquo;y rendre en voiture (j&rsquo;en transpire d\u00e9j\u00e0) pour pouvoir faire toute une s\u00e9rie d&rsquo;\u00e9tapes de quelques jours dans des villes qui nous attirent telles que <em>Rome, Milan, Naples, Florence, Venise<\/em> avant (et apr\u00e8s) d&rsquo;arriver en <em>Sicile<\/em> pour visiter les sites gr\u00e9co-romains&#8230; et retrouver <em>Pat<\/em> et les siens.<\/p>\n<div id=\"travellerspoint-map468023_461946\"><script type=\"text\/javascript\" src=\"http:\/\/www.travellerspoint.com\/badges\/badge_membermap.cfm?user=bennybuche&amp;tripid=461946&amp;badgeid=travellerspoint-map468023_461946&amp;height=300&amp;width=450\"><\/script><\/p>\n<p class=\"travellerspoint-map-link\">View Full Size <a href=\"http:\/\/www.travellerspoint.com\/member_map.cfm?user=bennybuche&amp;tripid=461946\">Travel Map<\/a> at <a href=\"http:\/\/www.travellerspoint.com\">Travellerspoint<\/a><\/p>\n<p class=\"travellerspoint-map-link\">Merci \u00e0 <a href=\"http:\/\/hbensliman.free.fr\/Fond%20d%20ecran\/Sicile\/\" target=\"_blank\">Hassan Bensliman<\/a> pour le pr\u00eat (bien involontaire) de ses photos de <em>Sicile<\/em> en attendant que je puisse mettre les miennes en en-t\u00eate de ce blog \ud83d\ude09<\/p>\n<\/div>\n","protected":false},"excerpt":{"rendered":"<p>Ce voyage en Sicile a \u00e9t\u00e9 d\u00e9cid\u00e9 en \u00ab\u00a0derni\u00e8re minute\u00a0\u00bb, soit 3 semaines avant le d\u00e9part. En fait, nous esp\u00e9rions pouvoir enfin profiter de nos miles, accumul\u00e9s au cours des (nombreux) voyages pr\u00e9c\u00e9dents. Malheureusement pour nous, les USA ont \u00e9t\u00e9 &hellip; <a href=\"https:\/\/buchau.be\/sicile2013\/about\/\">Continuer la lecture <span class=\"meta-nav\">&rarr;<\/span><\/a><\/p>\n","protected":false},"author":1,"featured_media":0,"parent":0,"menu_order":0,"comment_status":"closed","ping_status":"closed","template":"","meta":{"footnotes":""},"class_list":["post-2","page","type-page","status-publish","hentry"],"_links":{"self":[{"href":"https:\/\/buchau.be\/sicile2013\/wp-json\/wp\/v2\/pages\/2","targetHints":{"allow":["GET"]}}],"collection":[{"href":"https:\/\/buchau.be\/sicile2013\/wp-json\/wp\/v2\/pages"}],"about":[{"href":"https:\/\/buchau.be\/sicile2013\/wp-json\/wp\/v2\/types\/page"}],"author":[{"embeddable":true,"href":"https:\/\/buchau.be\/sicile2013\/wp-json\/wp\/v2\/users\/1"}],"replies":[{"embeddable":true,"href":"https:\/\/buchau.be\/sicile2013\/wp-json\/wp\/v2\/comments?post=2"}],"version-history":[{"count":5,"href":"https:\/\/buchau.be\/sicile2013\/wp-json\/wp\/v2\/pages\/2\/revisions"}],"predecessor-version":[{"id":4,"href":"https:\/\/buchau.be\/sicile2013\/wp-json\/wp\/v2\/pages\/2\/revisions\/4"}],"wp:attachment":[{"href":"https:\/\/buchau.be\/sicile2013\/wp-json\/wp\/v2\/media?parent=2"}],"curies":[{"name":"wp","href":"https:\/\/api.w.org\/{rel}","templated":true}]}}