{"id":20,"date":"2013-06-17T15:34:42","date_gmt":"2013-06-17T13:34:42","guid":{"rendered":"http:\/\/buchau.be\/sicile2013\/?page_id=20"},"modified":"2013-08-15T12:07:30","modified_gmt":"2013-08-15T10:07:30","slug":"backstage","status":"publish","type":"page","link":"https:\/\/buchau.be\/sicile2013\/backstage\/","title":{"rendered":"Backstage"},"content":{"rendered":"<p>Ici, comme d&rsquo;habitude, les aspects pratico-pratiques de la pr\u00e9paration et de la vie sur place:<\/p>\n<p><strong>Transport<\/strong>: on part en voiture, avec notre v\u00e9hicule, une VW FOX 1.4TDi de 2007.<br \/>\n<a href=\"http:\/\/buchau.be\/sicile2013\/wp-content\/uploads\/2013\/06\/FOX1.jpg\"><img loading=\"lazy\" decoding=\"async\" class=\"alignnone size-medium wp-image-21\" alt=\"FOX[1]\" src=\"http:\/\/buchau.be\/sicile2013\/wp-content\/uploads\/2013\/06\/FOX1-300x200.jpg\" width=\"300\" height=\"200\" srcset=\"https:\/\/buchau.be\/sicile2013\/wp-content\/uploads\/2013\/06\/FOX1-300x200.jpg 300w, https:\/\/buchau.be\/sicile2013\/wp-content\/uploads\/2013\/06\/FOX1.jpg 450w\" sizes=\"auto, (max-width: 300px) 100vw, 300px\" \/><\/a><br \/>\nPas de pr\u00e9paration particuli\u00e8re pour le v\u00e9hicule, mis \u00e0 part un <em>grand<\/em> entretien.<\/p>\n<p><strong>Guides<\/strong><br \/>\n&#8211; <a href=\"http:\/\/www.lonelyplanet.fr\/catalogue\/italie-5-0\" target=\"_blank\">Lonely Planet Italie 5<\/a> (en version \u00e9lectronique PDF): 22,99\u20ac<br \/>\n&#8211; <a href=\"http:\/\/www.lonelyplanet.fr\/catalogue\/sicile-1\" target=\"_blank\">Lonely Planet Sicile<\/a> (en version \u00e9lectronique PDF): 12,99\u20ac<br \/>\nIls sont t\u00e9l\u00e9charg\u00e9s sur notre tablette et dans nos smartphones<\/p>\n<p>R\u00e9servations d&rsquo;<strong>h\u00f4tels<\/strong> (tout a \u00e9t\u00e9 r\u00e9serv\u00e9 avant de partir):<br \/>\n&#8211; <a href=\"http:\/\/www3.hilton.com\/en\/hotels\/france\/hilton-strasbourg-hotel-SXBHITW\/index.html\" target=\"_blank\">Hilton Strasbourg<\/a><br \/>\n&#8211; <a href=\"http:\/\/doubletree3.hilton.com\/en\/hotels\/italy\/doubletree-by-hilton-hotel-milan-MILDTDI\/index.html\" target=\"_blank\">DoubleTree Milan<\/a><br \/>\n&#8211; <a href=\"http:\/\/hiltongardeninn3.hilton.com\/en\/hotels\/italy\/hilton-garden-inn-rome-claridge-ROMRCGI\/index.html\" target=\"_blank\">Garden Inn Rome<\/a><br \/>\n&#8211; <a href=\"http:\/\/www3.hilton.com\/en\/hotels\/italy\/hilton-giardini-naxos-CTAGNHI\/index.html\" target=\"_blank\">Hilton Giardini Naxos<\/a><br \/>\n&#8211; Chez <em>Pat et T\u00e9resa<\/em><br \/>\n&#8211; <a href=\"http:\/\/www.excelsior-palermo.com\/fr\/\" target=\"_blank\">Hilton Palerme<\/a><br \/>\n&#8211; <a href=\"http:\/\/www3.hilton.com\/en\/hotels\/italy\/hilton-sorrento-palace-RROHIHI\/index.html\" target=\"_blank\">Hilton Sorrento<\/a><br \/>\n&#8211; <a href=\"http:\/\/www1.hilton.com\/fr\/hi\/hotel\/FLRHFHI-Hilton-Florence-Metropole-hotel\/index.do\" target=\"_blank\">Hilton Firenze<\/a><br \/>\n&#8211; <a href=\"http:\/\/hiltongardeninn3.hilton.com\/en\/hotels\/italy\/hilton-garden-inn-venice-mestre-san-giuliano-VCEGIGI\/index.html\" target=\"_blank\">Garden Inn Mestre (Venise)<\/a><br \/>\n&#8211; <a href=\"http:\/\/www1.hilton.com\/fr\/hi\/hotel\/XEBHIHI-Hilton-Evian-les-Bains\/index.do\" target=\"_blank\">Hilton Evian-les-Bains<\/a><br \/>\n&#8211; <a href=\"http:\/\/doubletree3.hilton.com\/en\/hotels\/luxembourg\/doubletree-by-hilton-hotel-luxembourg-LXMHIDI\/index.html\" target=\"_blank\">DoubleTree Luxembourg<\/a><\/p>\n<p>Le prix moyen des chambres est de 112\u20ac la nuit (min 65\u20ac [<em>Strasbourg<\/em>] et max 194\u20ac [<em>Sorrento<\/em>]), petits d\u00e9jeuners et internet inclus. La plupart du temps, un surclassement vers une chambre plus grande, plus luxueuse ou avec une meilleure vue nous est offerte gr\u00e2ce au programme de fid\u00e9lit\u00e9 de la marque. Il y a s\u00fbrement moyen de faire moins cher mais ici, on est (quasi) s\u00fbr de savoir ce qu&rsquo;on va avoir&#8230; et que ce sera tr\u00e8s bien \ud83d\ude09<\/p>\n<p><a href=\"http:\/\/www.otstrasbourg.fr\/IMG\/pdf\/Double_page_pass_06_13.pdf\" target=\"_blank\"><em><strong>Strasbourg pass<\/strong><\/em><\/a>: 14,90\u20ac pour un tour en bateau sur l&rsquo;<em>Ill<\/em>, une demi-journ\u00e9e de location de v\u00e9lo, un mus\u00e9e au choix, le panorama depuis la cath\u00e9drale et quelques autres r\u00e9ductions&#8230; Les parkings sous-terrains sont plut\u00f4t bon march\u00e9: 1,70\u20ac \/h<\/p>\n<p>Vignette autoroutes suisses: 40CHF (env.32\u20ac)<br \/>\nP\u00e9ages <em>Suisse<\/em>&gt;<em>Milan<\/em>: 2,10 + 1,60 = 3,70\u20ac<br \/>\nUn ticket de m\u00e9tro\/tram \u00e0 <em>Milan<\/em>: 1,50\u20ac<br \/>\nUn repas de midi, au <em>Bellavista Caf\u00e8,<\/em> bien copieux et bien arros\u00e9: 18\u20ac\/pers<br \/>\nUn repas du soir au japonais <em>Sumi<\/em>: 19,90\u20ac\/pers \u00e0 volont\u00e9+ boissons<br \/>\nMus\u00e9e <em>Novencento<\/em>: 5\u20ac<br \/>\nMus\u00e9e <em>Hangar Bicocca<\/em>: incroyable mais&#8230; gratuit!<br \/>\nUne bouteille d&rsquo;eau dans une aubette, \u00e0 <em>Rome<\/em>: 0,18 \u00e0 3\u20ac selon l&rsquo;endroit<br \/>\nUn ticket de transport en commun \u00e0 <em>Milan<\/em> ou \u00e0 <em>Rome<\/em>: 1,50\u20ac<br \/>\nMus\u00e9e <em>MAXXI<\/em>: 11\u20ac<br \/>\nMus\u00e9e d&rsquo;art moderne de Rome: 8\u20ac<br \/>\nLe p\u00e9age autoroutier environ 14\u20ac pour <em>Milan-Rome<\/em> et un peu plus de 30 pour <em>Rome-Naples;<\/em> apr\u00e8s, encore un petit p\u00e9age en <em>Sicile<\/em>: 2,40\u20ac, jusque <em>Giardini Naxos<\/em><br \/>\nUn A\/R en ferry (<em>Villa San Giovanni-Messina<\/em>) pour une voiture et ses passagers: 79\u20ac (valable 3 mois)<br \/>\nUn litre de diesel: env. 1,7\u20ac (\u00e0 <em>Bruxelles<\/em>, au m\u00eame moment, env. 1,4\u20ac)<br \/>\nUn pass <em>VeniceConnected<\/em> (transports en commun uniquement) de 36h: 25\u20ac<br \/>\nEn <em>Sicile<\/em>, la carte d&rsquo;enseignant (carte Prof) nous a toujours permis une r\u00e9duction de 50% sur les prix d&rsquo;entr\u00e9e des sites. Ailleurs, c&rsquo;\u00e9tait moins syst\u00e9matique.<\/p>\n","protected":false},"excerpt":{"rendered":"<p>Ici, comme d&rsquo;habitude, les aspects pratico-pratiques de la pr\u00e9paration et de la vie sur place: Transport: on part en voiture, avec notre v\u00e9hicule, une VW FOX 1.4TDi de 2007. Pas de pr\u00e9paration particuli\u00e8re pour le v\u00e9hicule, mis \u00e0 part un &hellip; <a href=\"https:\/\/buchau.be\/sicile2013\/backstage\/\">Continuer la lecture <span class=\"meta-nav\">&rarr;<\/span><\/a><\/p>\n","protected":false},"author":1,"featured_media":0,"parent":0,"menu_order":0,"comment_status":"closed","ping_status":"closed","template":"","meta":{"footnotes":""},"class_list":["post-20","page","type-page","status-publish","hentry"],"_links":{"self":[{"href":"https:\/\/buchau.be\/sicile2013\/wp-json\/wp\/v2\/pages\/20","targetHints":{"allow":["GET"]}}],"collection":[{"href":"https:\/\/buchau.be\/sicile2013\/wp-json\/wp\/v2\/pages"}],"about":[{"href":"https:\/\/buchau.be\/sicile2013\/wp-json\/wp\/v2\/types\/page"}],"author":[{"embeddable":true,"href":"https:\/\/buchau.be\/sicile2013\/wp-json\/wp\/v2\/users\/1"}],"replies":[{"embeddable":true,"href":"https:\/\/buchau.be\/sicile2013\/wp-json\/wp\/v2\/comments?post=20"}],"version-history":[{"count":10,"href":"https:\/\/buchau.be\/sicile2013\/wp-json\/wp\/v2\/pages\/20\/revisions"}],"predecessor-version":[{"id":586,"href":"https:\/\/buchau.be\/sicile2013\/wp-json\/wp\/v2\/pages\/20\/revisions\/586"}],"wp:attachment":[{"href":"https:\/\/buchau.be\/sicile2013\/wp-json\/wp\/v2\/media?parent=20"}],"curies":[{"name":"wp","href":"https:\/\/api.w.org\/{rel}","templated":true}]}}