{"id":330,"date":"2014-10-28T14:49:40","date_gmt":"2014-10-28T13:49:40","guid":{"rendered":"http:\/\/buchau.be\/traveltimeline\/?page_id=330"},"modified":"2026-02-04T14:34:59","modified_gmt":"2026-02-04T13:34:59","slug":"a-venir","status":"publish","type":"page","link":"https:\/\/buchau.be\/traveltimeline\/a-venir\/","title":{"rendered":"Bient\u00f4t&#8230;"},"content":{"rendered":"<p><span style=\"text-decoration: underline;\">Prochainement<\/span>:<\/p>\r\n<p style=\"padding-left: 40px;\">Apr\u00e8s une ann\u00e9e 2025 un peu chahut\u00e9e au d\u00e9but, on reprend un bon rythme en 2026<\/p>\r\n<p style=\"padding-left: 40px;\">Ce qui est pr\u00e9vu \u00e0 court et moyen termes:<br \/><br \/><em>On va re d\u00e9couvrir la <a href=\"http:\/\/buchau.be\/Californie2024\" target=\"_blank\" rel=\"noopener\">Californie<\/a> au mois de f\u00e9vrier\/mars<br \/>Londres &amp; Pays-Bas &amp; Oostende<br \/>Vietnam<br \/>Provence<br \/><br \/><br \/><\/em><\/p>\r\n<p><span style=\"text-decoration: underline;\">R\u00e9guli\u00e8rement<\/span>:<\/p>\r\n<p style=\"padding-left: 40px;\"><em>Bruges &amp; la c\u00f4te belge, Royaume-Uni<\/em> &amp; <em>Pays-Bas<\/em><\/p>\r\n<p><span style=\"text-decoration: underline;\">Plus tard<\/span>:<\/p>\r\n<p style=\"padding-left: 40px;\"><em>Espagne<br \/>Japon et\/ou Cor\u00e9e<br \/>Hong Kong, Macao et Taipei ou Singapour<br \/>\u00c9dimbourg<\/em><em><br \/><\/em><em><br \/><\/em><\/p>\r\n<address>m\u00e0j le 14\/01\/2024 \ud83d\ude09<\/address>\r\n<p>&nbsp;<\/p>\r\n","protected":false},"excerpt":{"rendered":"<p>Prochainement: Apr\u00e8s une ann\u00e9e 2025 un peu chahut\u00e9e au d\u00e9but, on reprend un bon rythme en 2026 Ce qui est pr\u00e9vu \u00e0 court et moyen termes: On va re d\u00e9couvrir la Californie au mois de f\u00e9vrier\/marsLondres &amp; Pays-Bas &amp; OostendeVietnamProvence R\u00e9guli\u00e8rement: Bruges &amp; la c\u00f4te belge, Royaume-Uni &amp; Pays-Bas Plus tard: EspagneJapon et\/ou Cor\u00e9eHong Kong, &hellip; <\/p>\n<p class=\"link-more\"><a href=\"https:\/\/buchau.be\/traveltimeline\/a-venir\/\" class=\"more-link\">Continuer la lecture<span class=\"screen-reader-text\"> de &laquo;&nbsp;Bient\u00f4t&#8230;&nbsp;&raquo;<\/span><\/a><\/p>\n","protected":false},"author":1,"featured_media":918,"parent":0,"menu_order":0,"comment_status":"closed","ping_status":"closed","template":"","meta":{"footnotes":""},"class_list":["post-330","page","type-page","status-publish","has-post-thumbnail","hentry"],"_links":{"self":[{"href":"https:\/\/buchau.be\/traveltimeline\/wp-json\/wp\/v2\/pages\/330","targetHints":{"allow":["GET"]}}],"collection":[{"href":"https:\/\/buchau.be\/traveltimeline\/wp-json\/wp\/v2\/pages"}],"about":[{"href":"https:\/\/buchau.be\/traveltimeline\/wp-json\/wp\/v2\/types\/page"}],"author":[{"embeddable":true,"href":"https:\/\/buchau.be\/traveltimeline\/wp-json\/wp\/v2\/users\/1"}],"replies":[{"embeddable":true,"href":"https:\/\/buchau.be\/traveltimeline\/wp-json\/wp\/v2\/comments?post=330"}],"version-history":[{"count":79,"href":"https:\/\/buchau.be\/traveltimeline\/wp-json\/wp\/v2\/pages\/330\/revisions"}],"predecessor-version":[{"id":2574,"href":"https:\/\/buchau.be\/traveltimeline\/wp-json\/wp\/v2\/pages\/330\/revisions\/2574"}],"wp:featuredmedia":[{"embeddable":true,"href":"https:\/\/buchau.be\/traveltimeline\/wp-json\/wp\/v2\/media\/918"}],"wp:attachment":[{"href":"https:\/\/buchau.be\/traveltimeline\/wp-json\/wp\/v2\/media?parent=330"}],"curies":[{"name":"wp","href":"https:\/\/api.w.org\/{rel}","templated":true}]}}