{"id":534,"date":"2016-02-07T17:30:47","date_gmt":"2016-02-07T16:30:47","guid":{"rendered":"http:\/\/buchau.be\/traveltimeline\/?page_id=534"},"modified":"2024-01-14T14:01:23","modified_gmt":"2024-01-14T13:01:23","slug":"how-to","status":"publish","type":"page","link":"https:\/\/buchau.be\/traveltimeline\/how-to\/","title":{"rendered":"Comment?"},"content":{"rendered":"<p><strong>Comment pr\u00e9pare-t-on un voyage \/ une escapade?<\/strong><\/p>\n<p>Au commencement, il y a des envies, que l&rsquo;on partage (dans les deux sens du terme)&#8230; on s\u00e9lectionne ensuite celle qui rencontre le plus d&rsquo;enthousiasme chez les deux protagonistes (Marie et moi) \ud83d\ude09 En g\u00e9n\u00e9ral, cette \u00e9tape a lieu au moins un an avant le voyage proprement dit.<\/p>\n<p style=\"text-align: center;\"><img loading=\"lazy\" decoding=\"async\" class=\"aligncenter wp-image-1301\" src=\"https:\/\/buchau.be\/traveltimeline\/wp-content\/uploads\/2021\/02\/IMG_08551.jpg\" alt=\"\" width=\"328\" height=\"492\" srcset=\"https:\/\/buchau.be\/traveltimeline\/wp-content\/uploads\/2021\/02\/IMG_08551.jpg 600w, https:\/\/buchau.be\/traveltimeline\/wp-content\/uploads\/2021\/02\/IMG_08551-200x300.jpg 200w\" sizes=\"auto, (max-width: 328px) 100vw, 328px\" \/><\/p>\n<blockquote>\n<p class=\"aligncenter\">Pr\u00e9alable: On voyage beaucoup; nous sommes conscients de notre \u00e9norme chance! De plus, on fait aussi le choix du confort&#8230; et nous sommes aussi conscients que ce choix a un cout: nous ne voyageons pas au plus bas prix mais bien \u00e0 un prix qui nous semble honn\u00eate pour le niveau de service(s) re\u00e7u(s).\u00a0 En outre, nous privil\u00e9gions la pr\u00e9paration longtemps \u00e0 l&rsquo;avance d&rsquo;une part, pour profiter de certains bons prix mais aussi pour avoir le plaisir (immense) de la \u00ab\u00a0mise en projet\u00a0\u00bb! La pr\u00e9paration est souvent aussi jouissive que le voyage lui-m\u00eame&#8230;<\/p>\n<\/blockquote>\n<p>La premi\u00e8re \u00e9tape de la pr\u00e9paration (\u00e0 J-1 an) est l&rsquo;achat et la consultation de guides papier (principalement le <a href=\"http:\/\/www.lonelyplanet.fr\" target=\"_blank\" rel=\"noopener noreferrer\"><em>Lonely Planet<\/em><\/a>) et de sites internet sur la destination choisie. On rep\u00e8re des sites que l&rsquo;on a envie de visiter sans savoir o\u00f9 ils se trouvent vraiment. On fait ensuite un premier itin\u00e9raire en fonction de nos s\u00e9lections.<\/p>\n<p><img loading=\"lazy\" decoding=\"async\" class=\"aligncenter size-large wp-image-539\" src=\"http:\/\/buchau.be\/traveltimeline\/wp-content\/uploads\/2016\/02\/guides-1024x514.jpg\" alt=\"guides\" width=\"604\" height=\"303\" srcset=\"https:\/\/buchau.be\/traveltimeline\/wp-content\/uploads\/2016\/02\/guides-1024x514.jpg 1024w, https:\/\/buchau.be\/traveltimeline\/wp-content\/uploads\/2016\/02\/guides-300x150.jpg 300w, https:\/\/buchau.be\/traveltimeline\/wp-content\/uploads\/2016\/02\/guides-768x385.jpg 768w\" sizes=\"auto, (max-width: 604px) 100vw, 604px\" \/><\/p>\n<p>Deuxi\u00e8me \u00e9tape: je regarde ce qui existe comme tickets d&rsquo;avion; <strong>je \u00ab\u00a0surveille\u00a0\u00bb les prix parfois pendant plus d&rsquo;un an avant de fixer le prix que je suis pr\u00eat \u00e0 mettre pour la destination vis\u00e9e<\/strong>. Par contre, avec le temps, pour les vols <em>long courrier<\/em>, on s&rsquo;est attach\u00e9 \u00e0 <em><a href=\"http:\/\/www.airfrance.be\" target=\"_blank\" rel=\"noopener noreferrer\">Air France<\/a><\/em>&#8230; \u00e0 cause de la proximit\u00e9 de son point de d\u00e9part: la <em>Gare du Midi<\/em> (ZYR, par laquelle on rejoint l&rsquo;a\u00e9roport de <em>Paris-Charles de Gaulle<\/em>, CDG), de son <strong>ancrage \u00ab\u00a0local\u00a0\u00bb et europ\u00e9en (important en cas de p\u00e9pin [retard, annulation] pour pouvoir faire jouer <a href=\"http:\/\/europa.eu\/youreurope\/citizens\/travel\/passenger-rights\/air\/index_fr.htm\">la r\u00e8glementation europ\u00e9enne en mati\u00e8re de prise en charge et d&rsquo;indemnisation<\/a><\/strong>), de la possibilit\u00e9 de s&rsquo;exprimer en fran\u00e7ais avec le personnel un peu partout dans le monde et de son programme de fid\u00e9lit\u00e9 (gr\u00e2ce aux miles accumul\u00e9s patiemment, on a \u00e9t\u00e9 pour <em>presque rien<\/em> [juste les taxes] aux USA en 2014, 2018, 2023 et 2024).<br \/>\nPour les vols plus courts, on utilise en g\u00e9n\u00e9ral une compagnie \u00e0 la renomm\u00e9e certaine (<strong>on v\u00e9rifie <\/strong>sur <em><a href=\"http:\/\/www.airlinequality.com\" target=\"_blank\" rel=\"noopener noreferrer\">www.airlinequality.com<\/a><\/em>) avec le meilleur tarif disponible. En g\u00e9n\u00e9ral, l&rsquo;achat se fait entre un an et six mois avant le d\u00e9part.<\/p>\n<p><img loading=\"lazy\" decoding=\"async\" class=\"aligncenter size-full wp-image-832\" src=\"http:\/\/buchau.be\/traveltimeline\/wp-content\/uploads\/2016\/02\/afa380-800.jpg\" alt=\"\" width=\"1000\" height=\"308\" srcset=\"https:\/\/buchau.be\/traveltimeline\/wp-content\/uploads\/2016\/02\/afa380-800.jpg 1000w, https:\/\/buchau.be\/traveltimeline\/wp-content\/uploads\/2016\/02\/afa380-800-300x92.jpg 300w, https:\/\/buchau.be\/traveltimeline\/wp-content\/uploads\/2016\/02\/afa380-800-768x237.jpg 768w\" sizes=\"auto, (max-width: 767px) 89vw, (max-width: 1000px) 54vw, (max-width: 1071px) 543px, 580px\" \/><\/p>\n<p>Pour cette \u00e9tape de r\u00e9servation de tickets d&rsquo;avion, la proc\u00e9dure suivie (r\u00e9servation tr\u00e8s t\u00f4t) nous avait d\u00e9j\u00e0 r\u00e9serv\u00e9 de mauvaises surprises au niveau du prix, il y a quelques ann\u00e9es (un ticket achet\u00e9 un an avant le d\u00e9part \u00e0 1200\u20ac disponible quelques mois plus tard \u00e0 650\u20ac), mais je privil\u00e9gie la certitude de pouvoir partir aux dates de cong\u00e9s que nous avons en tant qu&rsquo;enseignants ou tout simplement aux dates choisies&#8230;<br \/>\nLes sites que je consulte r\u00e9guli\u00e8rement pour les prix des tickets d&rsquo;avions sont:\u00a0 <em><a href=\"http:\/\/www.google.be\/flights\" target=\"_blank\" rel=\"noopener noreferrer\">www.google.be\/flights <\/a>, <a href=\"http:\/\/www.airfrance.be\" target=\"_blank\" rel=\"noopener noreferrer\">www.airfrance.be<\/a><\/em> . A savoir: je compare les prix sur des sites de comparaison mais<strong> je r\u00e9serve TOUJOURS<\/strong> (entre J-1 an et J-6 mois) <strong>sur le site de la compagnie a\u00e9rienne<\/strong> (je pr\u00e9f\u00e8re les avoir, eux, en tant qu&rsquo;interm\u00e9diaires plut\u00f4t qu&rsquo;un site web sans bureaux physiques) ou, \u00ab\u00a0au pire\u00a0\u00bb, sur le site d&rsquo;une agence de voyage qui a pignon sur rue (<a href=\"http:\/\/www.connections.be\" target=\"_blank\" rel=\"noopener noreferrer\"><em>www.connections.be<\/em><\/a>\u00a0 p.ex).<br \/>\nPour les vols int\u00e9rieurs, je cherche le site web de l&rsquo;a\u00e9roport et je regarde quelles compagnies en partent et y viennent; je consulte ensuite les sites des compagnies, \u00e0 la recherche de la meilleure combinaison (prix tout inclus [aux USA, les bagages sont rarement inclus!], stops, horaires). Pour les USA, je privil\u00e9gie <a href=\"http:\/\/www.southwestairlines.com\" target=\"_blank\" rel=\"noopener noreferrer\"><em>www.southwestairlines.com<\/em><\/a> ou <a href=\"http:\/\/www.jetblue.com\"><em>www.jetblue.com<\/em><\/a> pour leurs tarifs imbattables quand on voyage charg\u00e9 (2 bagages en soutes inclus chez le premier!) ou <em>Delta<\/em> car elle fait partie de <em>Skyteam<\/em> (l&rsquo;alliance d&rsquo;<em>AirFrance-Klm<\/em>). Pour le Japon, il y a <a href=\"http:\/\/www.flyPeach.com\"><em>www.flyPeach.com<\/em><\/a> ou, depuis peu, <em><a href=\"http:\/\/www.vanila-air.com\">www.vanila-air.com<\/a><\/em>. Je continue de privil\u00e9gier l&rsquo;achat (entre J- 1an et J- 3mois) sur le site de la compagnie elle-m\u00eame.<\/p>\n<p><img loading=\"lazy\" decoding=\"async\" class=\"aligncenter size-full wp-image-877\" src=\"http:\/\/buchau.be\/traveltimeline\/wp-content\/uploads\/2018\/01\/AF.jpg\" alt=\"\" width=\"497\" height=\"362\" srcset=\"https:\/\/buchau.be\/traveltimeline\/wp-content\/uploads\/2018\/01\/AF.jpg 497w, https:\/\/buchau.be\/traveltimeline\/wp-content\/uploads\/2018\/01\/AF-300x219.jpg 300w\" sizes=\"auto, (max-width: 497px) 100vw, 497px\" \/><\/p>\n<p>Une fois les vols aller et retour en poche, on consulte \u00e0 nouveau les guides <em>papier<\/em> et les sites internet \u00e0 la recherche des incontournables ou des attractions loufoques que l&rsquo;on veut voir&#8230; On liste (on regarde souvent des \u00e9missions &lsquo;<em>voyages<\/em>&lsquo; \u00e0 la t\u00e9l\u00e9: on note un resto, une attraction, un mus\u00e9e et on place sur <a href=\"https:\/\/www.google.com\/maps\/d\/drive?state=%7B%22ids%22%3A%5B%2213weK2lZyu9TzYENH_Y3EKW3aeX4%22%5D%2C%22action%22%3A%22open%22%2C%22userId%22%3A%22111417347190812603601%22%7D&amp;usp=sharing\" target=\"_blank\" rel=\"noopener noreferrer\">une carte<\/a>)&#8230; et je fais un itin\u00e9raire plus pr\u00e9cis en estimant le nombre de jours n\u00e9cessaires \u00e0 chaque \u00e9tape. Je m\u2019attelle ensuite \u00e0 une premi\u00e8re r\u00e9servation des h\u00f4tels. Vous l&rsquo;avez compris maintenant, je suis tr\u00e8s(trop) fid\u00e8le \u00e0 la chaine <a href=\"http:\/\/www.hilton.com\/fr\" target=\"_blank\" rel=\"noopener noreferrer\"><em>Hilton<\/em> <\/a>et \u00e0 <a href=\"http:\/\/ihg.com\" target=\"_blank\" rel=\"noopener\"><em>IHG<\/em><\/a> pour leur programme de fid\u00e9lit\u00e9. Pourquoi? Car depuis quelques temps maintenant, gr\u00e2ce \u00e0 cette fid\u00e9lit\u00e9, nous avons atteint le statut <em>Diamond<\/em> chez le premier et <em>Platinum<\/em> chez le second. Le premier offre parmi les meilleurs avantages du secteur h\u00f4telier, \u00e0 savoir: surclassement (souvent dans une chambre <em>Executive<\/em> avec acc\u00e8s au <em>lounge<\/em>), petit d\u00e9jeuner complet gratuit et r\u00e9duction de 20% sur le nombre de points n\u00e9cessaires pour r\u00e9server une chambre pour 5 nuits (cela revient \u00e0 4+1 gratuite), id\u00e9al quand on loge dans une ville \u00ab\u00a0ch\u00e8re\u00a0\u00bb comme <em>Tokyo<\/em> ou <em>NYC<\/em>. Sinon, quand il n&rsquo;y a pas d&rsquo;h\u00f4tel de la chaine <em>Hilton<\/em> (ou que c&rsquo;est vraiment trop cher) dans les endroits visit\u00e9s, je me rabats sur <a href=\"http:\/\/www.Booking.com\" target=\"_blank\" rel=\"noopener noreferrer\"><em>www.booking.com<\/em><\/a> ou, qui permet maintenant, lui aussi, le gain de miles a\u00e9riens lors de la r\u00e9servation d&rsquo;une chambre d&rsquo;h\u00f4tel.<\/p>\n<figure id=\"attachment_688\" aria-describedby=\"caption-attachment-688\" style=\"width: 840px\" class=\"wp-caption aligncenter\"><img loading=\"lazy\" decoding=\"async\" class=\"size-full wp-image-688\" src=\"http:\/\/buchau.be\/traveltimeline\/wp-content\/uploads\/2016\/02\/135555741.jpg\" alt=\"Oui, on a \u00e9t\u00e9 l\u00e0 ;-)\" width=\"840\" height=\"460\" srcset=\"https:\/\/buchau.be\/traveltimeline\/wp-content\/uploads\/2016\/02\/135555741.jpg 840w, https:\/\/buchau.be\/traveltimeline\/wp-content\/uploads\/2016\/02\/135555741-300x164.jpg 300w, https:\/\/buchau.be\/traveltimeline\/wp-content\/uploads\/2016\/02\/135555741-768x421.jpg 768w\" sizes=\"auto, (max-width: 767px) 89vw, (max-width: 1000px) 54vw, (max-width: 1071px) 543px, 580px\" \/><figcaption id=\"caption-attachment-688\" class=\"wp-caption-text\">Oui, on a \u00e9t\u00e9 l\u00e0 \ud83d\ude09<\/figcaption><\/figure>\n<p>Autre source de points\/miles: la carte de cr\u00e9dit (de d\u00e9bit diff\u00e9r\u00e9, en fait) <a href=\"http:\/\/www.AmericanExpress.be\" target=\"_blank\" rel=\"noopener noreferrer\"><em>American Express<\/em><\/a>. Qu&rsquo;elle soit bleue, verte, dor\u00e9e ou platine, elle permet l&rsquo;accumulation de points (<em>Membership Rewards<\/em>) que l&rsquo;on peut convertir en points h\u00f4teliers (<em>Hilton<\/em>, entre autres) ou en miles (<em>AirFrance\/Klm<\/em>, entre autres). Et \u00e7a va vite: en 3 mois d&rsquo;utilisation de la carte (on l&rsquo;utilise d\u00e8s que c&rsquo;est possible, m\u00eame pour payer nos courses d&rsquo;alimentation), j&rsquo;en suis \u00e0 4500 miles <em>AF<\/em> accumul\u00e9s, ce qui n&rsquo;est pas rien! Son d\u00e9faut: elle n&rsquo;est pas encore accept\u00e9e partout et\/car il semblerait qu&rsquo;elle coute cher (commission plus \u00e9lev\u00e9e que les autres cartes) aux commer\u00e7ants :-\/<\/p>\n<p><img loading=\"lazy\" decoding=\"async\" class=\"aligncenter size-full wp-image-1865\" src=\"https:\/\/buchau.be\/traveltimeline\/wp-content\/uploads\/2024\/01\/cc.jpg\" alt=\"\" width=\"1200\" height=\"628\" srcset=\"https:\/\/buchau.be\/traveltimeline\/wp-content\/uploads\/2024\/01\/cc.jpg 1200w, https:\/\/buchau.be\/traveltimeline\/wp-content\/uploads\/2024\/01\/cc-300x157.jpg 300w, https:\/\/buchau.be\/traveltimeline\/wp-content\/uploads\/2024\/01\/cc-1024x536.jpg 1024w, https:\/\/buchau.be\/traveltimeline\/wp-content\/uploads\/2024\/01\/cc-768x402.jpg 768w\" sizes=\"auto, (max-width: 767px) 89vw, (max-width: 1000px) 54vw, (max-width: 1071px) 543px, 580px\" \/><\/p>\n<p>&nbsp;<\/p>\n<p>Petite parenth\u00e8se concernant les cartes de paiement, de cr\u00e9dit ou de d\u00e9bit diff\u00e9r\u00e9: ma carte a \u00e9t\u00e9 bloqu\u00e9e \u00e0 deux diff\u00e9rentes reprises pendant que j&rsquo;\u00e9tais \u00e0 l&rsquo;\u00e9tranger (quelqu&rsquo;un l&rsquo;avait \u00ab\u00a0pirat\u00e9e\u00a0\u00bb et d\u00e9bit\u00e9 des montants sans mon accord); j&rsquo;\u00e9tais d\u00e8s lors sans ressources financi\u00e8res et sans possibilit\u00e9 d&rsquo;obtenir une nouvelle carte. Depuis ce moment, j&rsquo;ai une seconde carte reli\u00e9e \u00e0 un autre compte bancaire&#8230; A bon entendeur \ud83d\ude09<\/p>\n<p>J&rsquo;\u00e9crivais ci-dessus que je faisais une <span style=\"text-decoration: underline;\">premi\u00e8re<\/span> r\u00e9servation des h\u00f4tels. A ce moment, on est parfois un an avant le d\u00e9part et les prix peuvent changer ou il peut y avoir des promotions entretemps. C&rsquo;est pourquoi, je prends, dans le premier temps, toujours un tarif annulable. Ce n&rsquo;est que quand le voyage approche \u00e0 grands pas et qu&rsquo;on est certains de partir que je tente d&rsquo;obtenir le meilleur prix en tentant le non-remboursable. Entre-temps, je continue de v\u00e9rifier r\u00e9guli\u00e8rement (jusqu&rsquo;\u00e0 quelques jours avant le d\u00e9part) les prix pour remplacer l&rsquo;une ou l&rsquo;autre r\u00e9servation par une autre, plus avantageuse.<\/p>\n<p><img loading=\"lazy\" decoding=\"async\" class=\"aligncenter wp-image-540\" src=\"http:\/\/buchau.be\/traveltimeline\/wp-content\/uploads\/2016\/02\/Resahotel.jpg\" alt=\"Resahotel\" width=\"595\" height=\"262\" srcset=\"https:\/\/buchau.be\/traveltimeline\/wp-content\/uploads\/2016\/02\/Resahotel.jpg 780w, https:\/\/buchau.be\/traveltimeline\/wp-content\/uploads\/2016\/02\/Resahotel-300x132.jpg 300w, https:\/\/buchau.be\/traveltimeline\/wp-content\/uploads\/2016\/02\/Resahotel-768x338.jpg 768w\" sizes=\"auto, (max-width: 595px) 100vw, 595px\" \/><\/p>\n<p>Je parle d&rsquo;annulation ci-dessus. Afin de pouvoir r\u00e9cup\u00e9rer une partie de nos sous en cas de maladie ou d&rsquo;accident qui nous emp\u00eacherait de partir, <strong>nous avons une assurance annulation annuelle aupr\u00e8s d&rsquo;une compagnie d&rsquo;assurance<\/strong>. Bien que celle-ci soit redondante avec celles propos\u00e9es par mes cartes de cr\u00e9dit, je l&rsquo;ai conserv\u00e9e car le plafond propos\u00e9 par la premi\u00e8re est plus important. J&rsquo;esp\u00e8re bien ne jamais devoir m&rsquo;en servir. A savoir: <strong>certaines cartes de cr\u00e9dit \u00ab\u00a0or\u00a0\u00bb ou \u00ab\u00a0platine\u00a0\u00bb offrent la couverture de la franchise pour les voitures de location<\/strong>. Inutile alors d&rsquo;accepter ce que l&rsquo;on vous propose en agence si vous avez pay\u00e9 la location avec votre carte \u00ab\u00a0platine\u00a0\u00bb.<\/p>\n<p>Puisque j&rsquo;en arrive aux voitures de location, voici une petite parenth\u00e8se sur le sujet. L\u00e0, pas de miracle: c&rsquo;est en r\u00e9servant (plus d&rsquo;) 1 an \u00e0 l&rsquo;avance qu&rsquo;on a les meilleurs prix! La diff\u00e9rence peut aller du simple au quintuple, si on r\u00e9serve juste avant de partir&#8230; Perso, je concentre mes recherches avec <a href=\"https:\/\/www.carrentals.com\/fr\/\" target=\"_blank\" rel=\"noopener noreferrer\"><em>www.carrentals.com<\/em><\/a> et surtout, depuis quelques temps, <a href=\"http:\/\/www.degrifauto.fr\" target=\"_blank\" rel=\"noopener noreferrer\"><em>www.degrifauto.fr<\/em><\/a> . Pour la location en elle-m\u00eame, si le prix est semblable, <strong>je privil\u00e9gie la location depuis le site de l&rsquo;agence de location<\/strong>, histoire d&rsquo;\u00e9viter des interm\u00e9diaires. Mais si c&rsquo;est moins cher (et c&rsquo;est souvent le cas), je r\u00e9serve sur le site du <em>broker<\/em>&#8230; bien \u00e0 l&rsquo;avance! Je n&rsquo;ai, jusqu&rsquo;\u00e0 pr\u00e9sent, eu aucune d\u00e9convenue \u00e0 d\u00e9plorer lors d&rsquo;une location de voiture (et on en a d\u00e9j\u00e0 fait quelques unes \ud83d\ude09 ) via un <em>broker<\/em>. Depuis quelques temps, je suis affili\u00e9 au programme de fid\u00e9lit\u00e9 d&rsquo;<a href=\"http:\/\/www.avis.be\/fr\" target=\"_blank\" rel=\"noopener noreferrer\"><em>Avis<\/em><\/a>. En peu de temps, je peux d\u00e9j\u00e0 profiter d&rsquo;avantages comme le surclassement, le 2\u00e8me conducteur gratuit et la <em>fast line <\/em>pour recevoir les cl\u00e9s en cas d&rsquo;affluence; j&rsquo;ai m\u00eame re\u00e7u deux bons de locations de 3 jours gratuites. Si c&rsquo;est le m\u00eame prix qu&rsquo;ailleurs ou presque, je les choisis \ud83d\ude09<\/p>\n<p><img loading=\"lazy\" decoding=\"async\" class=\"aligncenter wp-image-541\" src=\"http:\/\/buchau.be\/traveltimeline\/wp-content\/uploads\/2016\/02\/locvoit.jpg\" alt=\"locvoit\" width=\"593\" height=\"223\" srcset=\"https:\/\/buchau.be\/traveltimeline\/wp-content\/uploads\/2016\/02\/locvoit.jpg 691w, https:\/\/buchau.be\/traveltimeline\/wp-content\/uploads\/2016\/02\/locvoit-300x113.jpg 300w\" sizes=\"auto, (max-width: 593px) 100vw, 593px\" \/><\/p>\n<p>Pour ce qui est du guidage sur place, j&rsquo;utilise mon smartphone avec une <em>app<\/em> de guidage <em>Waze ou Google Maps<\/em>, qui fonctionnent pas mal du tout (n\u00e9cessitent une connexion Internet; on en reparle juste apr\u00e8s). Attention de bien se renseigner sur l&rsquo;utilisation du GPS \u00e0 votre destination; certains pays\/\u00e9tats sont tr\u00e8s pr\u00e9cis sur la mani\u00e8re de l&rsquo;utiliser et de l&rsquo;endroit o\u00f9 le placer, par exemple!<\/p>\n<p><img loading=\"lazy\" decoding=\"async\" class=\"aligncenter\" src=\"http:\/\/buchau.be\/4dragons2015\/wp-content\/uploads\/2015\/07\/DSC02037.jpg\" alt=\"\" width=\"600\" height=\"337\" \/><\/p>\n<p>D\u00e9couverte r\u00e9cente int\u00e9ressante: la <em>carte SIM locale<\/em>&#8230; \u00c7a change le voyage! Quel pied de pouvoir consulter <em>Internet<\/em> ou le plan du quartier pour se situer ou trouver un renseignement, une adresse, des heures d&rsquo;ouvertures, etc. m\u00eame en-dehors de l&rsquo;<em>EU<\/em>! On trouve maintenant dans chaque a\u00e9roport des boutiques dans lesquelles il est possible d&rsquo;acheter une carte incluant quelques Go de data et peut-\u00eatre m\u00eame des minutes d&rsquo;appels (locaux, voire internationaux). Pour partager la connexion entre les voyageurs, il n&rsquo;est pas inutile d&rsquo;acqu\u00e9rir un <em><a href=\"https:\/\/www.amazon.fr\/Huawei-e5785lh-22-c-Mobile-Hotspot-Smartphones\/dp\/B011YM0OXU\" target=\"_blank\" rel=\"noopener noreferrer\">hotspot 3G\/4G<\/a><\/em> ou de poss\u00e9der un smartphone <em>Dual Sim<\/em> \ud83d\ude42 On peut aussi acheter cette carte avant le d\u00e9part, en ligne (sur <a href=\"http:\/\/amazon.fr\"><em>Amazon.fr<\/em><\/a> , par exemple)<\/p>\n<p>En g\u00e9n\u00e9ral aussi, si j&rsquo;ai\/je prends le temps, je rep\u00e8re d\u00e9j\u00e0 aussi quelques restos proches des h\u00f4tels sur <a href=\"http:\/\/www.tripadvisor.be\" target=\"_blank\" rel=\"noopener noreferrer\"><em>www.tripadvisor.be<\/em><\/a> . Cela permet d&rsquo;avoir d\u00e9j\u00e0 quelques objectifs culinaires. Parfois, on fait ce \u00ab\u00a0travail\u00a0\u00bb sur place, dans la chambre d&rsquo;h\u00f4tel, juste avant le repas ou alors on erre et on rentre dans un resto o\u00f9 beaucoup de locaux sont attabl\u00e9s.<\/p>\n<p><img loading=\"lazy\" decoding=\"async\" class=\"aligncenter size-full wp-image-542\" src=\"http:\/\/buchau.be\/traveltimeline\/wp-content\/uploads\/2016\/02\/tripad.jpg\" alt=\"tripad\" width=\"457\" height=\"280\" srcset=\"https:\/\/buchau.be\/traveltimeline\/wp-content\/uploads\/2016\/02\/tripad.jpg 457w, https:\/\/buchau.be\/traveltimeline\/wp-content\/uploads\/2016\/02\/tripad-300x184.jpg 300w\" sizes=\"auto, (max-width: 457px) 100vw, 457px\" \/><\/p>\n<p>Pour les autres r\u00e9servations, a priori, comme on d\u00e9cide chaque jour ce que l&rsquo;on fait, le matin m\u00eame, en fonction de la m\u00e9t\u00e9o, de la localisation des attractions, du temps disponible et de nos envies. Je r\u00e9serve peu de choses avant de partir&#8230; sauf les attractions blind\u00e9es de monde comme l&rsquo;<em>Alhambra<\/em>, la <em>Statue de la Libert\u00e9<\/em> ou la <em>Tour Eiffel<\/em>. Sinon, on se prend rarement la t\u00eate: on a notre liste de choses \u00e0 faire (qui a souvent \u00e9volu\u00e9 entre la r\u00e9servation des ticket d&rsquo;avion et l&rsquo;arriv\u00e9e sur place) et on coche au fur-et-\u00e0-mesure en fonction des param\u00e8tres repris juste ci-dessus.<\/p>\n<hr \/>\n<p>Remarque: bien que j&rsquo;adorerais cela, aucune des marques cit\u00e9es ci-dessus ne me r\u00e9mun\u00e8re pour que je les cite et les liens d\u00e9pos\u00e9s sur cette page ne me procurent aucun revenu. Ce ne sont que <em><span style=\"text-decoration: underline;\">mon<\/span><\/em> avis et <span style=\"text-decoration: underline;\"><em>mon<\/em><\/span> choix personnels.<\/p>\n","protected":false},"excerpt":{"rendered":"<p>Comment pr\u00e9pare-t-on un voyage \/ une escapade? Au commencement, il y a des envies, que l&rsquo;on partage (dans les deux sens du terme)&#8230; on s\u00e9lectionne ensuite celle qui rencontre le plus d&rsquo;enthousiasme chez les deux protagonistes (Marie et moi) \ud83d\ude09 En g\u00e9n\u00e9ral, cette \u00e9tape a lieu au moins un an avant le voyage proprement dit. &hellip; <\/p>\n<p class=\"link-more\"><a href=\"https:\/\/buchau.be\/traveltimeline\/how-to\/\" class=\"more-link\">Continuer la lecture<span class=\"screen-reader-text\"> de &laquo;&nbsp;Comment?&nbsp;&raquo;<\/span><\/a><\/p>\n","protected":false},"author":1,"featured_media":0,"parent":0,"menu_order":0,"comment_status":"closed","ping_status":"closed","template":"","meta":{"footnotes":""},"class_list":["post-534","page","type-page","status-publish","hentry"],"_links":{"self":[{"href":"https:\/\/buchau.be\/traveltimeline\/wp-json\/wp\/v2\/pages\/534","targetHints":{"allow":["GET"]}}],"collection":[{"href":"https:\/\/buchau.be\/traveltimeline\/wp-json\/wp\/v2\/pages"}],"about":[{"href":"https:\/\/buchau.be\/traveltimeline\/wp-json\/wp\/v2\/types\/page"}],"author":[{"embeddable":true,"href":"https:\/\/buchau.be\/traveltimeline\/wp-json\/wp\/v2\/users\/1"}],"replies":[{"embeddable":true,"href":"https:\/\/buchau.be\/traveltimeline\/wp-json\/wp\/v2\/comments?post=534"}],"version-history":[{"count":40,"href":"https:\/\/buchau.be\/traveltimeline\/wp-json\/wp\/v2\/pages\/534\/revisions"}],"predecessor-version":[{"id":1866,"href":"https:\/\/buchau.be\/traveltimeline\/wp-json\/wp\/v2\/pages\/534\/revisions\/1866"}],"wp:attachment":[{"href":"https:\/\/buchau.be\/traveltimeline\/wp-json\/wp\/v2\/media?parent=534"}],"curies":[{"name":"wp","href":"https:\/\/api.w.org\/{rel}","templated":true}]}}