{"id":22,"date":"2013-10-12T16:25:43","date_gmt":"2013-10-12T14:25:43","guid":{"rendered":"http:\/\/buchau.be\/usa2014\/?page_id=22"},"modified":"2013-10-15T15:16:31","modified_gmt":"2013-10-15T13:16:31","slug":"avant-le-voyage","status":"publish","type":"page","link":"https:\/\/buchau.be\/usa2014\/avant-le-voyage\/","title":{"rendered":"Avant le voyage"},"content":{"rendered":"<p>\u00c7a y est! Les vols (obtenus avec nos miles, laborieusement \u00e9pargn\u00e9s lors de nos voyages pr\u00e9c\u00e9dents) sont enfin r\u00e9serv\u00e9s pour parcourir une partie de la c\u00f4te ouest et retourner \u00e0 LV et NYC. Ce voyage sera donc un peu \u00ab\u00a0l&rsquo;\u00e9pisode II\u00a0\u00bb de <a href=\"http:\/\/usa2012.buchau.be\" target=\"_blank\">celui de 2012<\/a>.<\/p>\n<p>Le trajet est -actuellement (10\/2013)- d\u00e9fini comme suit:<\/p>\n<p>&#8211; Houston<br \/>\n&#8211; San Francisco<br \/>\n&#8211; Monterey &amp; Santa Barbara<br \/>\n&#8211; Los Angeles<br \/>\n&#8211; Las Vegas &amp; Grand Canyon<br \/>\n&#8211; New York City<\/p>\n<p><a href=\"http:\/\/buchau.be\/usa2014\/wp-content\/uploads\/2013\/10\/map.jpg\"><img loading=\"lazy\" decoding=\"async\" class=\"wp-image-23 aligncenter\" alt=\"map\" src=\"http:\/\/buchau.be\/usa2014\/wp-content\/uploads\/2013\/10\/map.jpg\" width=\"366\" height=\"230\" srcset=\"https:\/\/buchau.be\/usa2014\/wp-content\/uploads\/2013\/10\/map.jpg 761w, https:\/\/buchau.be\/usa2014\/wp-content\/uploads\/2013\/10\/map-300x188.jpg 300w\" sizes=\"auto, (max-width: 366px) 100vw, 366px\" \/><\/a><\/p>\n","protected":false},"excerpt":{"rendered":"<p>\u00c7a y est! Les vols (obtenus avec nos miles, laborieusement \u00e9pargn\u00e9s lors de nos voyages pr\u00e9c\u00e9dents) sont enfin r\u00e9serv\u00e9s pour parcourir une partie de la c\u00f4te ouest et retourner \u00e0 LV et NYC. Ce voyage sera donc un peu \u00ab\u00a0l&rsquo;\u00e9pisode II\u00a0\u00bb de celui de 2012. Le trajet est -actuellement (10\/2013)- d\u00e9fini comme suit: &#8211; Houston [&hellip;]<\/p>\n","protected":false},"author":1,"featured_media":0,"parent":0,"menu_order":0,"comment_status":"open","ping_status":"open","template":"","meta":{"site-container-style":"default","site-container-layout":"default","site-sidebar-layout":"default","disable-article-header":"default","disable-site-header":"default","disable-site-footer":"default","disable-content-area-spacing":"default","footnotes":"","_links_to":"","_links_to_target":""},"class_list":["post-22","page","type-page","status-publish","hentry"],"_links":{"self":[{"href":"https:\/\/buchau.be\/usa2014\/wp-json\/wp\/v2\/pages\/22","targetHints":{"allow":["GET"]}}],"collection":[{"href":"https:\/\/buchau.be\/usa2014\/wp-json\/wp\/v2\/pages"}],"about":[{"href":"https:\/\/buchau.be\/usa2014\/wp-json\/wp\/v2\/types\/page"}],"author":[{"embeddable":true,"href":"https:\/\/buchau.be\/usa2014\/wp-json\/wp\/v2\/users\/1"}],"replies":[{"embeddable":true,"href":"https:\/\/buchau.be\/usa2014\/wp-json\/wp\/v2\/comments?post=22"}],"version-history":[{"count":4,"href":"https:\/\/buchau.be\/usa2014\/wp-json\/wp\/v2\/pages\/22\/revisions"}],"predecessor-version":[{"id":37,"href":"https:\/\/buchau.be\/usa2014\/wp-json\/wp\/v2\/pages\/22\/revisions\/37"}],"wp:attachment":[{"href":"https:\/\/buchau.be\/usa2014\/wp-json\/wp\/v2\/media?parent=22"}],"curies":[{"name":"wp","href":"https:\/\/api.w.org\/{rel}","templated":true}]}}