{"id":8,"date":"2013-10-12T14:54:49","date_gmt":"2013-10-12T12:54:49","guid":{"rendered":"http:\/\/buchau.be\/usa2014\/?page_id=8"},"modified":"2014-07-30T18:30:17","modified_gmt":"2014-07-30T16:30:17","slug":"backstage","status":"publish","type":"page","link":"https:\/\/buchau.be\/usa2014\/backstage\/","title":{"rendered":"Backstage"},"content":{"rendered":"<p>Les <span style=\"text-decoration: underline;\"><strong>vols intercontinentaux<\/strong><\/span> <a href=\"http:\/\/www.airfrance.be\/cgi-bin\/AF\/BE\/fr\/local\/home\/home\/HomePageAction.do\" target=\"_blank\"><em>AirFrance<\/em><\/a> obtenus avec les miles <em>FlyingBlue<\/em> (le programme de fid\u00e9lit\u00e9 de <em><a href=\"http:\/\/www.flyingblue.com\/index.html\" target=\"_blank\">AirFrance\/KLM<\/a><\/em>) ont \u00e9t\u00e9 r\u00e9serv\u00e9s d\u00e9but octobre 2013 (soit 10 mois avant le voyage):<br \/>\n&#8211; Vol ZYR-CDG-IAH\u00a0 (Gare du Midi-Paris\/Charles de Gaulle-Houston): 25000 miles <em>FlyingBlue<\/em>+135\u20ac de taxes et surcharges;<br \/>\n&#8211; Vol JFK-CDG-ZYR (New York-Gare du Midi-Paris\/Charles de Gaulle): 25000 miles <em>FlyingBlue<\/em>+70\u20ac de taxes et surcharges.<br \/>\nCela fait quand m\u00eame 205\u20ac pour un vol A\/R Anderlecht (ZYR \u00e9tant la gare du Midi) &#8211; USA \ud83d\ude09 Au m\u00eame moment, le m\u00eame ticket le moins cher revenait \u00e0 1138\u20ac!<\/p>\n<p>Les <span style=\"text-decoration: underline;\"><strong>vols internes<\/strong><\/span> aux USA ont \u00e9t\u00e9 r\u00e9serv\u00e9s sur <em><a href=\"http:\/\/www.southwest.com\/\" target=\"_blank\">Southwest Airlines<\/a><\/em>, avec lesquels nous avions eu une bonne exp\u00e9rience lors de notre pr\u00e9c\u00e9dent s\u00e9jour. Leurs avantages sur les autres compagnies a\u00e9riennes (low-cost et r\u00e9guli\u00e8res) sont le prix mod\u00e9r\u00e9 (par rapport aux compagnies r\u00e9guli\u00e8res) et la gratuit\u00e9 (comprendre \u00ab\u00a0c&rsquo;est inclus\u00a0\u00bb) des bagages enregistr\u00e9s; *TOUS* les autres font payer les bagages en soute (jusqu&rsquo;\u00e0 50USD\/pi\u00e8ce) et parfois m\u00eame les bagages \u00e0 main (35USD\/pi\u00e8ce).<\/p>\n<p>Les vols internes suivants ont \u00e9t\u00e9 r\u00e9serv\u00e9s (7 mois auparavant):<br \/>\n&#8211; HOU-SFO (Houston [a\u00e9roport \u00ab\u00a0secondaire\u00a0\u00bb] &#8211; San Francisco): env. 226USD\/175\u20ac<br \/>\n&#8211; LAX-LAS (Los Angeles &#8211; Las Vegas): 66USD\/50\u20ac<br \/>\n&#8211; LAS-LGA (Las Vegas &#8211; New York [La Guardia]): env. 226USD\/175\u20ac<\/p>\n<p><span style=\"text-decoration: underline;\"><strong>Locations Autos<\/strong><\/span>:<br \/>\n&#8211; IAH-HOU: <a href=\"http:\/\/www.Budget.com\" target=\"_blank\"><em>Budget<\/em><\/a> via <em><a href=\"http:\/\/www.degrifauto.fr\" target=\"_blank\">Degrifauto.fr<\/a><\/em> : 95\u20ac (conductrice suppl. incluse) pour 3 jours<br \/>\n&#8211; SFO-LAX: <a href=\"http:\/\/www.thrifty.com\" target=\"_blank\"><em>Thrifty<\/em><\/a> via <a href=\"http:\/\/www.Cardelmar.fr\" target=\"_blank\"><em>Cardelmar.fr<\/em><\/a> : 174\u20ac (conductrice suppl. incluse) pour 5 jours<br \/>\n&#8211; LAS:\u00a0<em><a href=\"http:\/\/www.sixt.com\/\" target=\"_blank\">Sixt<\/a><\/em>\u00a0via <em><a href=\"http:\/\/www.degrifauto.fr\" target=\"_blank\">Degrifauto.fr<\/a><\/em> : 98\u20ac pour 3 jours (conductrice suppl. non incluse, 32USD) pour 3 jours<\/p>\n<p><span style=\"text-decoration: underline;\"><strong>H\u00f4tels<\/strong><\/span>:<br \/>\n&#8211; Houston, <a href=\"http:\/\/doubletree3.hilton.com\/en\/hotels\/texas\/doubletree-by-hilton-hotel-houston-downtown-HOUDBDT\/index.html\" target=\"_blank\">DoubleTree Houston Downtown<\/a>: King Bed room (avec petit d\u00e9j et Internet*): 2 nuits \u00e0 190USD\/147\u20ac** et 1 nuit \u00e0 92USD\/70\u20ac**<br \/>\n&#8211; San Francisco, <a href=\"http:\/\/www3.hilton.com\/en\/hotels\/california\/hilton-san-francisco-union-square-SFOFHHH\/index.html\" target=\"_blank\">Hilton San Francisco Union Square<\/a>: Classic 1 bed room (avec petit d\u00e9j et Internet*): 2 nuits \u00e0 173USD\/133\u20ac** et 3 nuits \u00e0 290USD\/223\u20ac**<br \/>\n&#8211; Monterey, <a href=\"http:\/\/hiltongardeninn3.hilton.com\/en\/hotels\/california\/hilton-garden-inn-monterey-MRYMHGI\/index.html\" target=\"_blank\">Hilton Garden Inn Monterey<\/a>: King bed room with pool view (avec petit d\u00e9j et Internet*): 1 nuit \u00e0 0USD\/0\u20ac + 40000pts HHonors<br \/>\n&#8211; Oxnard\/Camarillo, <a href=\"http:\/\/hiltongardeninn3.hilton.com\/en\/hotels\/california\/hilton-garden-inn-oxnard-camarillo-OXROHGI\/index.html\" target=\"_blank\">Hilton Garden Inn Oxnard\/Camarillo<\/a>: King bed room (avec petit d\u00e9j et Internet*): 1 nuit \u00e0 0USD\/0\u20ac + 30000pts HHonors<br \/>\n&#8211; Los Angeles, <a href=\"http:\/\/doubletree3.hilton.com\/en\/hotels\/california\/doubletree-by-hilton-hotel-los-angeles-westside-LAXCCDT\/index.html\">Doubletree by Hilton Hotel Los Angeles &#8211; Westside<\/a>: King bed room (avec petit d\u00e9j et Internet*): 4 nuits \u00e0 192USD\/148\u20ac**<br \/>\n&#8211; Las Vegas, <a href=\"http:\/\/www3.hilton.com\/en\/hotels\/nevada\/elara-a-hilton-grand-vacations-club-center-strip-LASCSGV\/index.html\">Elara, a Hilton Grand Vacations Club-Center Strip<\/a>: King Junior Suite with sofa bed (avec Internet*): 3 nuits \u00e0 185USD\/142\u20ac** (chambre pour 3 personnes; Megan nous a rejoints)<br \/>\n&#8211; New York City, <a href=\"http:\/\/hiltongardeninn3.hilton.com\/en\/hotels\/new-york\/hilton-garden-inn-times-square-NYCMWGI\/index.html\" target=\"_blank\">Hilton Garden Inn Times square<\/a>: King bed Evolution room (avec petit d\u00e9j et Internet*): 5 nuits \u00e0 245USD\/185\u20ac**<\/p>\n<p>* offerts gr\u00e2ce au statut <em><a href=\"http:\/\/hhonors3.hilton.com\/en\/index.html\" target=\"_blank\">HHonors <\/a>Gold<\/em>.<br \/>\n** toutes taxes incluses<\/p>\n<p><span style=\"text-decoration: underline;\"><strong>Frais divers<\/strong><\/span>:<br \/>\n&#8211; <strong>ESTA<\/strong> (Electronic System for Travel Authorisation \/ Syst\u00e8me Electronique d&rsquo;Autorisation de Voyage): 14USD\/11\u20ac par pers.<br \/>\n&#8211; <strong>IDL<\/strong> (International Driver&rsquo;s License \/ Permis de Conduire International): 21\u20ac par permis (Administration communale 1070)<br \/>\n&#8211; <strong>Carte USA Garmin<\/strong>: 39\u20ac<br \/>\n&#8211; <strong>Guides<\/strong>: Lonely planet <em>Ouest am\u00e9ricain<\/em> en version pdf (pour la tablette): 17\u20ac, <em>San Francisco en quelques jours<\/em>: 9\u20ac , <em>Los Angeles en quelques jours<\/em>: 9\u20ac (on a d\u00e9j\u00e0 le LP <em>New York<\/em> et on a re\u00e7u Le Routard <em>Ouest am\u00e9ricain 2008<\/em> \u00e0 pr\u00eater)<br \/>\n&#8211; <strong>MUNI<\/strong> (SFMTA) ou <strong>NYMTA<\/strong>, pass 7 jours: 29USD\/pers<br \/>\n&#8211; une petite bouteille d&rsquo;eau: entre 0,79 et 4USD<br \/>\n&#8211; un repas pour 2: entre 25 et 100USD<br \/>\n&#8211; une carte postale: entre 0,10 et 1USD<br \/>\n&#8211; un jean&rsquo;s <strong>Levi&rsquo;s<\/strong> (noir): 82USD, soit un peu plus de 60\u20ac<br \/>\n&#8211; un t-shirt: entre 15 et 25USD<br \/>\n&#8211; un burger au <strong>Shake Shack<\/strong>: entre 7 et 9USD<br \/>\n&#8211; un hot-dog, en rue: 4USD<br \/>\n&#8211; une place de parking (public): entre 2 et 10USD l&rsquo;heure<br \/>\n&#8211; un <em>gallon<\/em> d&rsquo;essence, soit 3,79l: un peu moins de 4USD<\/p>\n<p><span style=\"text-decoration: underline;\"><strong>R\u00e9servations<\/strong><\/span>:<br \/>\n&#8211; <strong>Alcatraz<\/strong>: <a href=\"http:\/\/www.alcatrazcruises.com\/\" target=\"_blank\">bateau+visite<\/a>: 30USD\/22\u20ac \/ pers<br \/>\n&#8211; <strong>Visite du port de Houston<\/strong>: gratuit mais <a href=\"http:\/\/www.portofhouston.com\/community-outreach\/sam-houston-boat-tour\/\" target=\"_blank\">inscription pr\u00e9alable<\/a> n\u00e9cessaire<\/p>\n","protected":false},"excerpt":{"rendered":"<p>Les vols intercontinentaux AirFrance obtenus avec les miles FlyingBlue (le programme de fid\u00e9lit\u00e9 de AirFrance\/KLM) ont \u00e9t\u00e9 r\u00e9serv\u00e9s d\u00e9but octobre 2013 (soit 10 mois avant le voyage): &#8211; Vol ZYR-CDG-IAH\u00a0 (Gare du Midi-Paris\/Charles de Gaulle-Houston): 25000 miles FlyingBlue+135\u20ac de taxes et surcharges; &#8211; Vol JFK-CDG-ZYR (New York-Gare du Midi-Paris\/Charles de Gaulle): 25000 miles FlyingBlue+70\u20ac de [&hellip;]<\/p>\n","protected":false},"author":1,"featured_media":0,"parent":0,"menu_order":0,"comment_status":"open","ping_status":"open","template":"","meta":{"site-container-style":"default","site-container-layout":"default","site-sidebar-layout":"default","disable-article-header":"default","disable-site-header":"default","disable-site-footer":"default","disable-content-area-spacing":"default","footnotes":"","_links_to":"","_links_to_target":""},"class_list":["post-8","page","type-page","status-publish","hentry"],"_links":{"self":[{"href":"https:\/\/buchau.be\/usa2014\/wp-json\/wp\/v2\/pages\/8","targetHints":{"allow":["GET"]}}],"collection":[{"href":"https:\/\/buchau.be\/usa2014\/wp-json\/wp\/v2\/pages"}],"about":[{"href":"https:\/\/buchau.be\/usa2014\/wp-json\/wp\/v2\/types\/page"}],"author":[{"embeddable":true,"href":"https:\/\/buchau.be\/usa2014\/wp-json\/wp\/v2\/users\/1"}],"replies":[{"embeddable":true,"href":"https:\/\/buchau.be\/usa2014\/wp-json\/wp\/v2\/comments?post=8"}],"version-history":[{"count":25,"href":"https:\/\/buchau.be\/usa2014\/wp-json\/wp\/v2\/pages\/8\/revisions"}],"predecessor-version":[{"id":685,"href":"https:\/\/buchau.be\/usa2014\/wp-json\/wp\/v2\/pages\/8\/revisions\/685"}],"wp:attachment":[{"href":"https:\/\/buchau.be\/usa2014\/wp-json\/wp\/v2\/media?parent=8"}],"curies":[{"name":"wp","href":"https:\/\/api.w.org\/{rel}","templated":true}]}}