{"id":13,"date":"2011-12-19T10:07:18","date_gmt":"2011-12-19T09:07:18","guid":{"rendered":"http:\/\/buchau.be\/venise2012\/?page_id=13"},"modified":"2012-05-12T14:23:36","modified_gmt":"2012-05-12T12:23:36","slug":"backstage","status":"publish","type":"page","link":"https:\/\/buchau.be\/venise2012\/?page_id=13","title":{"rendered":"Backstage"},"content":{"rendered":"<p>Ici, comme d&rsquo;hab, les d\u00e9tails pratico-pratiques de l&rsquo;organisation du voyage:<\/p>\n<p>&#8211; Les tickets d&rsquo;avion (BRU-VCE-BRU) ont \u00e9t\u00e9 acquis d\u00e8s septembre 2011 sur <a href=\"http:\/\/www.brusselsairlines.com\/fr_be\/\" target=\"_blank\">Brussels Airlines<\/a> au prix de 158\u20ac\/pers. D\u00e9part avec le vol du soir (19:00) et retour avec le vol du matin (08:40).<\/p>\n<p>&#8211; Nous logerons \u00e0 proximit\u00e9 imm\u00e9diate de la lagune mais sur le continent, \u00e0 <em>Mestre<\/em>, \u00e0 l&rsquo;<a href=\"http:\/\/hiltongardeninn.hilton.com\/en\/gi\/hotels\/index.jhtml?ctyhocn=VCEGIGI\" target=\"_blank\">Hilton Garden Inn<\/a>, 135\u20ac\/nuit, pt d\u00e9j. et Internet inclus<\/p>\n<p>Avant de partir, nous avons aussi achet\u00e9:<br \/>\n&#8211; un guide <a href=\"http:\/\/www.lonelyplanet.fr\/_htm\/catalogue\/index.php?mode=notice&amp;param1=9782816120998\" target=\"_blank\">Lonely Planet \u00ab\u00a0Venise\u00a0\u00bb<\/a> sur <a href=\"http:\/\/www.amazon.fr\/Venise-Alison-Bing\/dp\/2816120996\/\" target=\"_blank\">Amazon<\/a> (16,35\u20ac);<br \/>\n&#8211; un <a href=\"http:\/\/www.veniceconnected.com\/fr\/node\/1548\" target=\"_blank\">titre de transport<\/a> valable pour 72h sur les transports publics (bus et <em>vaporetti<\/em>) sur <a href=\"http:\/\/www.veniceconnected.com\" target=\"_blank\">Veniceconnected<\/a> (entre 30 et 33\u20ac\/pers, selon le moment de l&rsquo;achat);<br \/>\n&#8211; un <a href=\"http:\/\/www.veniceconnected.com\/fr\/node\/1585\" target=\"_blank\">All Civic Museum Pass<\/a>, donnant acc\u00e8s \u00e0 tous les mus\u00e9es publics de la ville (20\u20ac\/pers) sur <a href=\"http:\/\/www.veniceconnected.com\" target=\"_blank\">Veniceconnected<\/a> aussi<\/p>\n","protected":false},"excerpt":{"rendered":"<p>Ici, comme d&rsquo;hab, les d\u00e9tails pratico-pratiques de l&rsquo;organisation du voyage: &#8211; Les tickets d&rsquo;avion (BRU-VCE-BRU) ont \u00e9t\u00e9 acquis d\u00e8s septembre 2011 sur Brussels Airlines au prix de 158\u20ac\/pers. D\u00e9part avec le vol du soir (19:00) et retour avec le vol &hellip; <a href=\"https:\/\/buchau.be\/venise2012\/?page_id=13\">Continuer la lecture <span class=\"meta-nav\">&rarr;<\/span><\/a><\/p>\n","protected":false},"author":1,"featured_media":0,"parent":0,"menu_order":0,"comment_status":"closed","ping_status":"open","template":"","meta":{"footnotes":""},"class_list":["post-13","page","type-page","status-publish","hentry"],"_links":{"self":[{"href":"https:\/\/buchau.be\/venise2012\/index.php?rest_route=\/wp\/v2\/pages\/13","targetHints":{"allow":["GET"]}}],"collection":[{"href":"https:\/\/buchau.be\/venise2012\/index.php?rest_route=\/wp\/v2\/pages"}],"about":[{"href":"https:\/\/buchau.be\/venise2012\/index.php?rest_route=\/wp\/v2\/types\/page"}],"author":[{"embeddable":true,"href":"https:\/\/buchau.be\/venise2012\/index.php?rest_route=\/wp\/v2\/users\/1"}],"replies":[{"embeddable":true,"href":"https:\/\/buchau.be\/venise2012\/index.php?rest_route=%2Fwp%2Fv2%2Fcomments&post=13"}],"version-history":[{"count":7,"href":"https:\/\/buchau.be\/venise2012\/index.php?rest_route=\/wp\/v2\/pages\/13\/revisions"}],"predecessor-version":[{"id":15,"href":"https:\/\/buchau.be\/venise2012\/index.php?rest_route=\/wp\/v2\/pages\/13\/revisions\/15"}],"wp:attachment":[{"href":"https:\/\/buchau.be\/venise2012\/index.php?rest_route=%2Fwp%2Fv2%2Fmedia&parent=13"}],"curies":[{"name":"wp","href":"https:\/\/api.w.org\/{rel}","templated":true}]}}